{"id":4010,"date":"2019-05-16T13:52:41","date_gmt":"2019-05-16T13:52:41","guid":{"rendered":"https:\/\/perlaw.ca\/expertise\/"},"modified":"2022-09-23T11:08:25","modified_gmt":"2022-09-23T15:08:25","slug":"expertise","status":"publish","type":"page","link":"https:\/\/perlaw.ca\/fr\/expertise\/","title":{"rendered":"Expertise"},"content":{"rendered":"<div class=\"col2\">\n<h5>Nous avons l&rsquo;expertise dont vous avez besoin dans notre bureau.<\/h5>\n<div id=\"twocol-left-content\">\n<p>Chez Perley-Robertson, Hill &amp; McDougall, nous avons \u00e9tabli notre pratique de mani\u00e8re \u00e0 disposer de l\u2019expertise n\u00e9cessaire pour r\u00e9pondre aux d\u00e9fis juridiques de notre client\u00e8le, peu importe leur complexit\u00e9. Si nous nous piquons de savoir quand il faut jouer dur avec un avocat adverse, nous sommes tout aussi \u00e0 l\u2019aise de traiter avec m\u00e9nagement vos affaires personnelles, qu\u2019il s\u2019agisse de testaments, de succession, d\u2019immigration ou encore de litiges ou de la pr\u00e9paration d\u2019une convention de fusion. Que votre question juridique concerne le secteur des affaires ou qu\u2019elle soit de nature personnelle, nous pouvons y affecter une \u00e9quipe chevronn\u00e9e qui s\u2019en chargera efficacement et qui s\u2019assurera de prot\u00e9ger vos int\u00e9r\u00eats fondamentaux. Nous disposons d\u2019une expertise sans \u00e9gale dans l\u2019industrie parmi l\u2019\u00e9ventail de sp\u00e9cialit\u00e9s juridiques ainsi qu\u2019une expertise marqu\u00e9e dans de nombreux secteurs industriels.<\/p>\n<\/div>\n<\/div>\n<div class=\"service_grid\" style=\"margin-top:3em\">\n\t\t\t\t\t\t\t<div class=\"column-group gutters justify_center\"><div class=\"circ_block xlarge-14 large-14 medium-25 small-50 tiny-50 fadeIn delay_100\">\n\t\t\t\t\t\t\t<a id=\"id-4017\" href=\"https:\/\/perlaw.ca\/fr\/expertise\/droit-des-affaires\/\">\n\t\t\t\t\t\t\t\t<div class=\"circ_img bgcover\" style=\"background-image: url(https:\/\/perlaw.ca\/wp-content\/uploads\/2019\/05\/serv_businessLaw-300x300.jpg)\">\n\t\t\t\t\t\t\t\t\t<div class=\"circle circ_overlay\"><img decoding=\"async\" src=\"https:\/\/perlaw.ca\/wp-content\/themes\/perlaw\/images\/pixel.gif\" width=\"100%\" height=\"auto\"><\/div>\n\t\t\t\t\t\t\t\t<\/div>\n\t\t\t\t\t\t\t\t<p><strong>Droit des affaires<\/strong><\/p>\n\t\t\t\t\t\t\t<\/a>\n\t\t\t\t\t\t\t<\/div><div class=\"circ_block xlarge-14 large-14 medium-25 small-50 tiny-50 fadeIn delay_200\">\n\t\t\t\t\t\t\t<a id=\"id-4245\" href=\"https:\/\/perlaw.ca\/fr\/expertise\/droit-immobilier\/\">\n\t\t\t\t\t\t\t\t<div class=\"circ_img bgcover\" style=\"background-image: url(https:\/\/perlaw.ca\/wp-content\/uploads\/2019\/06\/serv_realEstate-300x300.jpg)\">\n\t\t\t\t\t\t\t\t\t<div class=\"circle circ_overlay\"><img decoding=\"async\" src=\"https:\/\/perlaw.ca\/wp-content\/themes\/perlaw\/images\/pixel.gif\" width=\"100%\" height=\"auto\"><\/div>\n\t\t\t\t\t\t\t\t<\/div>\n\t\t\t\t\t\t\t\t<p><strong>Droit immobilier<\/strong><\/p>\n\t\t\t\t\t\t\t<\/a>\n\t\t\t\t\t\t\t<\/div><div class=\"circ_block xlarge-14 large-14 medium-25 small-50 tiny-50 fadeIn delay_300\">\n\t\t\t\t\t\t\t<a id=\"id-4249\" href=\"https:\/\/perlaw.ca\/fr\/expertise\/promotion-immobiliere\/\">\n\t\t\t\t\t\t\t\t<div class=\"circ_img bgcover\" style=\"background-image: url()\">\n\t\t\t\t\t\t\t\t\t<div class=\"circle circ_overlay\"><img decoding=\"async\" src=\"https:\/\/perlaw.ca\/wp-content\/themes\/perlaw\/images\/pixel.gif\" width=\"100%\" height=\"auto\"><\/div>\n\t\t\t\t\t\t\t\t<\/div>\n\t\t\t\t\t\t\t\t<p><strong>Promotion immobili\u00e8re<\/strong><\/p>\n\t\t\t\t\t\t\t<\/a>\n\t\t\t\t\t\t\t<\/div><div class=\"circ_block xlarge-14 large-14 medium-25 small-50 tiny-50 fadeIn delay_400\">\n\t\t\t\t\t\t\t<a id=\"id-4156\" href=\"https:\/\/perlaw.ca\/fr\/expertise\/litige\/\">\n\t\t\t\t\t\t\t\t<div class=\"circ_img bgcover\" style=\"background-image: url(https:\/\/perlaw.ca\/wp-content\/uploads\/2019\/06\/serv_litigation-300x300.jpg)\">\n\t\t\t\t\t\t\t\t\t<div class=\"circle circ_overlay\"><img decoding=\"async\" src=\"https:\/\/perlaw.ca\/wp-content\/themes\/perlaw\/images\/pixel.gif\" width=\"100%\" height=\"auto\"><\/div>\n\t\t\t\t\t\t\t\t<\/div>\n\t\t\t\t\t\t\t\t<p><strong>Litige<\/strong><\/p>\n\t\t\t\t\t\t\t<\/a>\n\t\t\t\t\t\t\t<\/div><div class=\"circ_block xlarge-14 large-14 medium-25 small-50 tiny-50 fadeIn delay_500\">\n\t\t\t\t\t\t\t<a id=\"id-4178\" href=\"https:\/\/perlaw.ca\/fr\/expertise\/emploi\/\">\n\t\t\t\t\t\t\t\t<div class=\"circ_img bgcover\" style=\"background-image: url()\">\n\t\t\t\t\t\t\t\t\t<div class=\"circle circ_overlay\"><img decoding=\"async\" src=\"https:\/\/perlaw.ca\/wp-content\/themes\/perlaw\/images\/pixel.gif\" width=\"100%\" height=\"auto\"><\/div>\n\t\t\t\t\t\t\t\t<\/div>\n\t\t\t\t\t\t\t\t<p><strong>Litige en emploi<\/strong><\/p>\n\t\t\t\t\t\t\t<\/a>\n\t\t\t\t\t\t\t<\/div><div class=\"circ_block xlarge-14 large-14 medium-25 small-50 tiny-50 fadeIn delay_600\">\n\t\t\t\t\t\t\t<a id=\"id-4197\" href=\"https:\/\/perlaw.ca\/fr\/expertise\/droit-du-travail\/\">\n\t\t\t\t\t\t\t\t<div class=\"circ_img bgcover\" style=\"background-image: url()\">\n\t\t\t\t\t\t\t\t\t<div class=\"circle circ_overlay\"><img decoding=\"async\" src=\"https:\/\/perlaw.ca\/wp-content\/themes\/perlaw\/images\/pixel.gif\" width=\"100%\" height=\"auto\"><\/div>\n\t\t\t\t\t\t\t\t<\/div>\n\t\t\t\t\t\t\t\t<p><strong>Litige en droit du travail<\/strong><\/p>\n\t\t\t\t\t\t\t<\/a>\n\t\t\t\t\t\t\t<\/div><div class=\"circ_block xlarge-14 large-14 medium-25 small-50 tiny-50 fadeIn delay_700\">\n\t\t\t\t\t\t\t<a id=\"id-4220\" href=\"https:\/\/perlaw.ca\/fr\/expertise\/famille\/\">\n\t\t\t\t\t\t\t\t<div class=\"circ_img bgcover\" style=\"background-image: url()\">\n\t\t\t\t\t\t\t\t\t<div class=\"circle circ_overlay\"><img decoding=\"async\" src=\"https:\/\/perlaw.ca\/wp-content\/themes\/perlaw\/images\/pixel.gif\" width=\"100%\" height=\"auto\"><\/div>\n\t\t\t\t\t\t\t\t<\/div>\n\t\t\t\t\t\t\t\t<p><strong>Droit de la famille<\/strong><\/p>\n\t\t\t\t\t\t\t<\/a>\n\t\t\t\t\t\t\t<\/div><div class=\"circ_block xlarge-14 large-14 medium-25 small-50 tiny-50 fadeIn delay_800\">\n\t\t\t\t\t\t\t<a id=\"id-4135\" href=\"https:\/\/perlaw.ca\/fr\/expertise\/arbitrage-international\/\">\n\t\t\t\t\t\t\t\t<div class=\"circ_img bgcover\" style=\"background-image: url(https:\/\/perlaw.ca\/wp-content\/uploads\/2019\/06\/serv_intl_arbitration-300x300.jpg)\">\n\t\t\t\t\t\t\t\t\t<div class=\"circle circ_overlay\"><img decoding=\"async\" src=\"https:\/\/perlaw.ca\/wp-content\/themes\/perlaw\/images\/pixel.gif\" width=\"100%\" height=\"auto\"><\/div>\n\t\t\t\t\t\t\t\t<\/div>\n\t\t\t\t\t\t\t\t<p><strong>Arbitrage international<\/strong><\/p>\n\t\t\t\t\t\t\t<\/a>\n\t\t\t\t\t\t\t<\/div><div class=\"circ_block xlarge-14 large-14 medium-25 small-50 tiny-50 fadeIn delay_900\">\n\t\t\t\t\t\t\t<a id=\"id-4084\" href=\"https:\/\/perlaw.ca\/fr\/expertise\/propriete-intellectuelle\/\">\n\t\t\t\t\t\t\t\t<div class=\"circ_img bgcover\" style=\"background-image: url(https:\/\/perlaw.ca\/wp-content\/uploads\/2019\/06\/serv_intellectual-300x300.jpg)\">\n\t\t\t\t\t\t\t\t\t<div class=\"circle circ_overlay\"><img decoding=\"async\" src=\"https:\/\/perlaw.ca\/wp-content\/themes\/perlaw\/images\/pixel.gif\" width=\"100%\" height=\"auto\"><\/div>\n\t\t\t\t\t\t\t\t<\/div>\n\t\t\t\t\t\t\t\t<p><strong>Propri\u00e9t\u00e9 intellectuelle<\/strong><\/p>\n\t\t\t\t\t\t\t<\/a>\n\t\t\t\t\t\t\t<\/div><div class=\"circ_block xlarge-14 large-14 medium-25 small-50 tiny-50 fadeIn delay_1000\">\n\t\t\t\t\t\t\t<a id=\"id-4221\" href=\"https:\/\/perlaw.ca\/fr\/expertise\/immigration\/\">\n\t\t\t\t\t\t\t\t<div class=\"circ_img bgcover\" style=\"background-image: url()\">\n\t\t\t\t\t\t\t\t\t<div class=\"circle circ_overlay\"><img decoding=\"async\" src=\"https:\/\/perlaw.ca\/wp-content\/themes\/perlaw\/images\/pixel.gif\" width=\"100%\" height=\"auto\"><\/div>\n\t\t\t\t\t\t\t\t<\/div>\n\t\t\t\t\t\t\t\t<p><strong>Droit de l\u2019immigration<\/strong><\/p>\n\t\t\t\t\t\t\t<\/a>\n\t\t\t\t\t\t\t<\/div><div class=\"circ_block xlarge-14 large-14 medium-25 small-50 tiny-50 fadeIn delay_1100\">\n\t\t\t\t\t\t\t<a id=\"id-4219\" href=\"https:\/\/perlaw.ca\/fr\/expertise\/planification-et-administration-successorales\/\">\n\t\t\t\t\t\t\t\t<div class=\"circ_img bgcover\" style=\"background-image: url()\">\n\t\t\t\t\t\t\t\t\t<div class=\"circle circ_overlay\"><img decoding=\"async\" src=\"https:\/\/perlaw.ca\/wp-content\/themes\/perlaw\/images\/pixel.gif\" width=\"100%\" height=\"auto\"><\/div>\n\t\t\t\t\t\t\t\t<\/div>\n\t\t\t\t\t\t\t\t<p><strong>Planification et administration successorales<\/strong><\/p>\n\t\t\t\t\t\t\t<\/a>\n\t\t\t\t\t\t\t<\/div><div class=\"circ_block xlarge-14 large-14 medium-25 small-50 tiny-50 fadeIn delay_1200\">\n\t\t\t\t\t\t\t<a id=\"id-4218\" href=\"https:\/\/perlaw.ca\/fr\/expertise\/besoins-juridiques-des-particuliers\/\">\n\t\t\t\t\t\t\t\t<div class=\"circ_img bgcover\" style=\"background-image: url(https:\/\/perlaw.ca\/wp-content\/uploads\/2019\/06\/serv_personal-300x300.jpg)\">\n\t\t\t\t\t\t\t\t\t<div class=\"circle circ_overlay\"><img decoding=\"async\" src=\"https:\/\/perlaw.ca\/wp-content\/themes\/perlaw\/images\/pixel.gif\" width=\"100%\" height=\"auto\"><\/div>\n\t\t\t\t\t\t\t\t<\/div>\n\t\t\t\t\t\t\t\t<p><strong>Besoins juridiques des particuliers<\/strong><\/p>\n\t\t\t\t\t\t\t<\/a>\n\t\t\t\t\t\t\t<\/div><\/div>\n\t\t\t\t\t\t<\/div>\n","protected":false},"excerpt":{"rendered":"<p>Nous avons l&rsquo;expertise dont vous avez besoin dans notre bureau. Chez Perley-Robertson, Hill &amp; McDougall, nous avons \u00e9tabli notre pratique de mani\u00e8re \u00e0 disposer de l\u2019expertise n\u00e9cessaire pour r\u00e9pondre aux d\u00e9fis juridiques de notre client\u00e8le, peu importe leur complexit\u00e9. Si nous nous piquons de savoir quand il faut jouer dur avec un avocat adverse, nous [&hellip;]<\/p>\n","protected":false},"author":2,"featured_media":3799,"parent":0,"menu_order":2,"comment_status":"closed","ping_status":"closed","template":"","meta":{"_acf_changed":false,"footnotes":""},"class_list":["post-4010","page","type-page","status-publish","has-post-thumbnail","hentry"],"acf":[],"_links":{"self":[{"href":"https:\/\/perlaw.ca\/fr\/wp-json\/wp\/v2\/pages\/4010","targetHints":{"allow":["GET"]}}],"collection":[{"href":"https:\/\/perlaw.ca\/fr\/wp-json\/wp\/v2\/pages"}],"about":[{"href":"https:\/\/perlaw.ca\/fr\/wp-json\/wp\/v2\/types\/page"}],"author":[{"embeddable":true,"href":"https:\/\/perlaw.ca\/fr\/wp-json\/wp\/v2\/users\/2"}],"replies":[{"embeddable":true,"href":"https:\/\/perlaw.ca\/fr\/wp-json\/wp\/v2\/comments?post=4010"}],"version-history":[{"count":2,"href":"https:\/\/perlaw.ca\/fr\/wp-json\/wp\/v2\/pages\/4010\/revisions"}],"predecessor-version":[{"id":4012,"href":"https:\/\/perlaw.ca\/fr\/wp-json\/wp\/v2\/pages\/4010\/revisions\/4012"}],"wp:featuredmedia":[{"embeddable":true,"href":"https:\/\/perlaw.ca\/fr\/wp-json\/wp\/v2\/media\/3799"}],"wp:attachment":[{"href":"https:\/\/perlaw.ca\/fr\/wp-json\/wp\/v2\/media?parent=4010"}],"curies":[{"name":"wp","href":"https:\/\/api.w.org\/{rel}","templated":true}]}}