{"id":4017,"date":"2019-05-16T13:57:23","date_gmt":"2019-05-16T13:57:10","guid":{"rendered":"https:\/\/perlaw.ca\/expertise\/business-law\/"},"modified":"2022-09-23T11:09:45","modified_gmt":"2022-09-23T15:09:45","slug":"droit-des-affaires","status":"publish","type":"page","link":"https:\/\/perlaw.ca\/fr\/expertise\/droit-des-affaires\/","title":{"rendered":"Droit des affaires"},"content":{"rendered":"<p>Puisque nous sommes le principal cabinet de la r\u00e9gion de la capitale nationale, la r\u00e9ussite de notre collectivit\u00e9 refl\u00e8te notre propre r\u00e9ussite et garantit notre avenir. Notre service correspond \u00e0 cette approche \u00e0 long terme des besoins de notre client\u00e8le. Notre expertise peut aider votre entreprise \u00e0 r\u00e9ussir.<\/p>\n<p>Nous conseillons les entreprises de toute forme et de toute taille, des entreprises en d\u00e9marrage aux soci\u00e9t\u00e9s multinationales \u00e9tablies, dans une vaste gamme de secteurs. Gr\u00e2ce \u00e0 la port\u00e9e mondiale de ses r\u00e9seaux juridiques et commerciaux internationaux, Perley-Robertson, Hill &amp; McDougall fournit des conseils juridiques et commerciaux du plus haut niveau, applicables l\u00e0 o\u00f9 vos affaires ont lieu.<\/p>\n<p>Notre \u00e9quipe diversifi\u00e9e a des connaissances dans tous les grands secteurs commerciaux, y compris une expertise sp\u00e9cialis\u00e9e en technologie, en droit fiscal, en gouvernance, en financement, en sciences de la vie et en relations gouvernementales. Notre Groupe du droit des affaires fournit r\u00e9guli\u00e8rement des conseils sur des op\u00e9rations de toute forme et ampleur. Nous pouvons constituer la bonne \u00e9quipe, compos\u00e9e du bon m\u00e9lange de sp\u00e9cialistes, pour g\u00e9rer les d\u00e9fis les plus cruciaux de votre soci\u00e9t\u00e9. Puisque notre cabinet est ind\u00e9pendant, notre client\u00e8le a acc\u00e8s \u00e0 nos professionnel(le)s les plus exp\u00e9riment\u00e9(e)s. Lorsque les questions sont complexes, nous les \u00e9claircissons. Nous relevons les probl\u00e8mes ou d\u00e9fis potentiels afin de minimiser les surprises. Nous comprenons qu\u2019en affaires, l\u2019efficacit\u00e9 peut constituer la diff\u00e9rence entre la r\u00e9ussite et l\u2019\u00e9chec, et nous veillons \u00e0 ce que vos questions juridiques soient g\u00e9r\u00e9es en cons\u00e9quence.<\/p>\n<p>Nous g\u00e9rons notre entreprise de la m\u00eame fa\u00e7on que notre client\u00e8le g\u00e8re la leur\u00a0: en vue d\u2019\u00e9tablir des relations \u00e0 long terme fond\u00e9es sur le respect r\u00e9ciproque et la confiance. Nous fournissons des conseils juridiques dans une vaste gamme de sp\u00e9cialit\u00e9s, notamment\u00a0:<\/p>\n<ul class=\"ul_split2\">\n<li>Financement des entreprises et valeurs mobili\u00e8res<\/li>\n<li>Op\u00e9rations transfrontali\u00e8res<\/li>\n<li>Conformit\u00e9 au CANAFE<\/li>\n<li>Franchisage et octroi de licences<\/li>\n<li>Relations gouvernementales et tribunaux commerciaux internationaux<\/li>\n<li>Immigration<\/li>\n<li>Insolvabilit\u00e9 et restructuration<\/li>\n<li>Fusions et acquisitions<\/li>\n<li>Organismes \u00e0 but non lucratif, associations, organismes de bienfaisance et institutions<\/li>\n<li>Capital d\u2019investissement priv\u00e9<\/li>\n<li>Financement de projet et partenariats public-priv\u00e9<\/li>\n<li>Soci\u00e9t\u00e9s ouvertes et gouvernance<\/li>\n<li>Fiscalit\u00e9<\/li>\n<li>Technologie<\/li>\n<\/ul>\n","protected":false},"excerpt":{"rendered":"<p>Puisque nous sommes le principal cabinet de la r\u00e9gion de la capitale nationale, la r\u00e9ussite de notre collectivit\u00e9 refl\u00e8te notre propre r\u00e9ussite et garantit notre avenir. Notre service correspond \u00e0 cette approche \u00e0 long terme des besoins de notre client\u00e8le. Notre expertise peut aider votre entreprise \u00e0 r\u00e9ussir. Nous conseillons les entreprises de toute forme [&hellip;]<\/p>\n","protected":false},"author":2,"featured_media":3792,"parent":4010,"menu_order":0,"comment_status":"closed","ping_status":"closed","template":"page-exp-service.php","meta":{"_acf_changed":false,"footnotes":""},"class_list":["post-4017","page","type-page","status-publish","has-post-thumbnail","hentry"],"acf":[],"_links":{"self":[{"href":"https:\/\/perlaw.ca\/fr\/wp-json\/wp\/v2\/pages\/4017","targetHints":{"allow":["GET"]}}],"collection":[{"href":"https:\/\/perlaw.ca\/fr\/wp-json\/wp\/v2\/pages"}],"about":[{"href":"https:\/\/perlaw.ca\/fr\/wp-json\/wp\/v2\/types\/page"}],"author":[{"embeddable":true,"href":"https:\/\/perlaw.ca\/fr\/wp-json\/wp\/v2\/users\/2"}],"replies":[{"embeddable":true,"href":"https:\/\/perlaw.ca\/fr\/wp-json\/wp\/v2\/comments?post=4017"}],"version-history":[{"count":2,"href":"https:\/\/perlaw.ca\/fr\/wp-json\/wp\/v2\/pages\/4017\/revisions"}],"predecessor-version":[{"id":4022,"href":"https:\/\/perlaw.ca\/fr\/wp-json\/wp\/v2\/pages\/4017\/revisions\/4022"}],"up":[{"embeddable":true,"href":"https:\/\/perlaw.ca\/fr\/wp-json\/wp\/v2\/pages\/4010"}],"wp:featuredmedia":[{"embeddable":true,"href":"https:\/\/perlaw.ca\/fr\/wp-json\/wp\/v2\/media\/3792"}],"wp:attachment":[{"href":"https:\/\/perlaw.ca\/fr\/wp-json\/wp\/v2\/media?parent=4017"}],"curies":[{"name":"wp","href":"https:\/\/api.w.org\/{rel}","templated":true}]}}