{"id":4018,"date":"2019-06-04T16:44:43","date_gmt":"2019-06-04T16:44:43","guid":{"rendered":"https:\/\/perlaw.ca\/expertise\/business-law\/alcoholic-beverages\/"},"modified":"2022-09-23T11:15:14","modified_gmt":"2022-09-23T15:15:14","slug":"boissons-alcoolisees","status":"publish","type":"page","link":"https:\/\/perlaw.ca\/fr\/expertise\/droit-des-affaires\/boissons-alcoolisees\/","title":{"rendered":"Boissons alcoolis\u00e9es"},"content":{"rendered":"<p>L\u2019industrie brassicole et vinicole de l\u2019Ontario est en plein essor et le paysage juridique conna\u00eet des transformations. Pour 50 ans, les propri\u00e9taires de brasseries, d\u2019\u00e9tablissements vinicoles et de distilleries confient leurs questions juridiques au cabinet Perley-Robertson, Hill &amp; McDougall LLP\/s.r.l. Votre entreprise a des besoins propres \u00e0 votre industrie, et vous avez besoin d\u2019un cabinet d\u2019avocats qui poss\u00e8de l\u2019expertise pour vous aider \u00e0 avoir du succ\u00e8s. Nous offrons un service-conseil sp\u00e9cialis\u00e9 pour tous vos besoins d\u2019affaires, y compris les questions organisationnelles et les questions li\u00e9es aux marques de commerce. Que vous exigiez le respect de vos droits ou que vous vous d\u00e9fendiez contre une accusation, l\u2019\u00e9quipe exp\u00e9riment\u00e9e du service du contentieux de Perley-Robertson, Hill &amp; McDougall saura vous pr\u00eater main-forte.<\/p>\n<p>Si vous faites partie de l\u2019industrie des boissons alcoolis\u00e9es, notre \u00e9quipe, forte de nombreuses ann\u00e9es d\u2019exp\u00e9rience dans ce domaine, peut vous aider dans tous vos besoins juridiques, et ce, tant au Canada qu\u2019\u00e0 l\u2019\u00e9tranger.<\/p>\n<h4><strong>Services li\u00e9s \u00e0 la propri\u00e9t\u00e9 intellectuelle<\/strong><\/h4>\n<ul>\n<li>Pr\u00e9paration et d\u00e9p\u00f4t de demandes de marque de commerce<\/li>\n<li>Litiges li\u00e9s \u00e0 une marque de commerce<\/li>\n<li>Litiges concernant un nom de domaine<\/li>\n<li>Questions relatives \u00e0 l\u2019octroi de licences d\u2019utilisation de marque de commerce<\/li>\n<\/ul>\n<h4><strong>Services \u00e0 l\u2019entreprise<\/strong><\/h4>\n<ul>\n<li>Constitution en personne morale, organisation de l\u2019entreprise, enregistrement du nom commercial<\/li>\n<li>Ententes des actionnaires et des fondateurs<\/li>\n<li>Baux commerciaux<\/li>\n<li>Financement<\/li>\n<li>Commission des alcools et des jeux de l\u2019Ontario\u00a0\u2013 Octroi de licences et questions r\u00e9glementaires<\/li>\n<li>Questions relatives \u00e0 l\u2019emploi<\/li>\n<\/ul>\n<h4><strong>Services de contentieux<\/strong><\/h4>\n<ul>\n<li>Recouvrement des comptes en souffrance<\/li>\n<li>Diff\u00e9rends contractuels<\/li>\n<li>Faillite<\/li>\n<li>Diff\u00e9rends en mati\u00e8re d\u2019emploi<\/li>\n<li>Protection d\u2019assurance<\/li>\n<li>D\u00e9fense de risques divers et de biens<\/li>\n<li>Responsabilit\u00e9 du fait des produits<\/li>\n<\/ul>\n","protected":false},"excerpt":{"rendered":"<p>L\u2019industrie brassicole et vinicole de l\u2019Ontario est en plein essor et le paysage juridique conna\u00eet des transformations. Pour 50 ans, les propri\u00e9taires de brasseries, d\u2019\u00e9tablissements vinicoles et de distilleries confient leurs questions juridiques au cabinet Perley-Robertson, Hill &amp; McDougall LLP\/s.r.l. Votre entreprise a des besoins propres \u00e0 votre industrie, et vous avez besoin d\u2019un cabinet [&hellip;]<\/p>\n","protected":false},"author":2,"featured_media":0,"parent":4017,"menu_order":0,"comment_status":"closed","ping_status":"closed","template":"page-exp-service.php","meta":{"_acf_changed":false,"footnotes":""},"class_list":["post-4018","page","type-page","status-publish","hentry"],"acf":[],"_links":{"self":[{"href":"https:\/\/perlaw.ca\/fr\/wp-json\/wp\/v2\/pages\/4018","targetHints":{"allow":["GET"]}}],"collection":[{"href":"https:\/\/perlaw.ca\/fr\/wp-json\/wp\/v2\/pages"}],"about":[{"href":"https:\/\/perlaw.ca\/fr\/wp-json\/wp\/v2\/types\/page"}],"author":[{"embeddable":true,"href":"https:\/\/perlaw.ca\/fr\/wp-json\/wp\/v2\/users\/2"}],"replies":[{"embeddable":true,"href":"https:\/\/perlaw.ca\/fr\/wp-json\/wp\/v2\/comments?post=4018"}],"version-history":[{"count":3,"href":"https:\/\/perlaw.ca\/fr\/wp-json\/wp\/v2\/pages\/4018\/revisions"}],"predecessor-version":[{"id":5465,"href":"https:\/\/perlaw.ca\/fr\/wp-json\/wp\/v2\/pages\/4018\/revisions\/5465"}],"up":[{"embeddable":true,"href":"https:\/\/perlaw.ca\/fr\/wp-json\/wp\/v2\/pages\/4017"}],"wp:attachment":[{"href":"https:\/\/perlaw.ca\/fr\/wp-json\/wp\/v2\/media?parent=4018"}],"curies":[{"name":"wp","href":"https:\/\/api.w.org\/{rel}","templated":true}]}}