{"id":4020,"date":"2019-06-04T20:50:46","date_gmt":"2019-06-04T20:50:46","guid":{"rendered":"https:\/\/perlaw.ca\/expertise\/business-law\/corporate-finance-securities\/"},"modified":"2022-09-26T16:32:34","modified_gmt":"2022-09-26T20:32:34","slug":"financement-des-entreprises-et-valeurs-mobilieres","status":"publish","type":"page","link":"https:\/\/perlaw.ca\/fr\/expertise\/droit-des-affaires\/financement-des-entreprises-et-valeurs-mobilieres\/","title":{"rendered":"Financement des entreprises et valeurs mobili\u00e8res"},"content":{"rendered":"<p>Les films nous d\u00e9crivent souvent un monde de la haute finance prestigieux et aventurier, mais dans nos bureaux, nous y apportons le soin et la diligence des plus pouss\u00e9s et y appliquons une exp\u00e9rience sans \u00e9gale dans l\u2019industrie. Le Groupe du droit des affaires de Perley-Robertson, Hill &amp; McDougall offre des solutions cr\u00e9atives reposant sur de saines strat\u00e9gies et une compr\u00e9hension exhaustive du contexte financier. Nous offrons des conseils sp\u00e9cialis\u00e9s aux soci\u00e9t\u00e9s ferm\u00e9es et aux soci\u00e9t\u00e9s ouvertes cot\u00e9es \u00e0 des bourses nationales et \u00e9trang\u00e8res, notamment le NASDAQ, la Bourse de Toronto, la Bourse de croissance TSX, la Bourse de New York, la Bourse nationale canadienne et la OTC Bulletin Board. Notre objectif est clair\u00a0: maximiser la valeur des titres de notre client\u00e8le, exposer les risques et minimiser les surprises.<\/p>\n<p>Noter \u00e9quipe offre des conseils sur la titrisation d\u2019op\u00e9rations pour des structures vis\u00e9es et non vis\u00e9es par la r\u00e9glementation, y compris les contrats de location-acquisition et les contrats de location-exploitation, les pr\u00eats \u00e0 la consommation ainsi que de nombreuses cr\u00e9ances sur carte de cr\u00e9dit, financement, emprunt hypoth\u00e9caire et comptes clients. Nous offrons aussi des conseils sur les obligations pertinentes pr\u00e9vues par la loi et impos\u00e9es aux soci\u00e9t\u00e9s. Gr\u00e2ce \u00e0 notre expertise internationale et \u00e0 notre r\u00e9seau mondial d\u2019alliances juridiques et commerciales, nous pouvons mener des op\u00e9rations transfrontali\u00e8res, naviguant dans les d\u00e9dales fiscaux et r\u00e9glementaires et dans les march\u00e9s financiers \u00e9trangers afin de mieux positionner notre client\u00e8le.<\/p>\n<p>B\u00e9n\u00e9ficiant de notre exp\u00e9rience en droit des soci\u00e9t\u00e9s et en droit commercial, nos sp\u00e9cialistes du financement conseillent notre client\u00e8le sur des questions allant des simples pr\u00eats commerciaux aux op\u00e9rations plus complexes comme la restructuration de pr\u00eats et les titrisations. Nous travaillons avec un large \u00e9ventail d\u2019organismes dans le secteur des services financiers, notamment des banques, des soci\u00e9t\u00e9s de fiducies et d\u2019assurances, des coop\u00e9ratives de cr\u00e9dit, des caisses de retraite ainsi que des constituants de pr\u00eats reposant sur des \u00e9l\u00e9ments hors bilan et de pr\u00eats garantis par des actifs.<\/p>\n","protected":false},"excerpt":{"rendered":"<p>Les films nous d\u00e9crivent souvent un monde de la haute finance prestigieux et aventurier, mais dans nos bureaux, nous y apportons le soin et la diligence des plus pouss\u00e9s et y appliquons une exp\u00e9rience sans \u00e9gale dans l\u2019industrie. Le Groupe du droit des affaires de Perley-Robertson, Hill &amp; McDougall offre des solutions cr\u00e9atives reposant sur [&hellip;]<\/p>\n","protected":false},"author":2,"featured_media":0,"parent":4017,"menu_order":4,"comment_status":"closed","ping_status":"closed","template":"page-exp-service.php","meta":{"_acf_changed":false,"footnotes":""},"class_list":["post-4020","page","type-page","status-publish","hentry"],"acf":[],"_links":{"self":[{"href":"https:\/\/perlaw.ca\/fr\/wp-json\/wp\/v2\/pages\/4020","targetHints":{"allow":["GET"]}}],"collection":[{"href":"https:\/\/perlaw.ca\/fr\/wp-json\/wp\/v2\/pages"}],"about":[{"href":"https:\/\/perlaw.ca\/fr\/wp-json\/wp\/v2\/types\/page"}],"author":[{"embeddable":true,"href":"https:\/\/perlaw.ca\/fr\/wp-json\/wp\/v2\/users\/2"}],"replies":[{"embeddable":true,"href":"https:\/\/perlaw.ca\/fr\/wp-json\/wp\/v2\/comments?post=4020"}],"version-history":[{"count":2,"href":"https:\/\/perlaw.ca\/fr\/wp-json\/wp\/v2\/pages\/4020\/revisions"}],"predecessor-version":[{"id":4034,"href":"https:\/\/perlaw.ca\/fr\/wp-json\/wp\/v2\/pages\/4020\/revisions\/4034"}],"up":[{"embeddable":true,"href":"https:\/\/perlaw.ca\/fr\/wp-json\/wp\/v2\/pages\/4017"}],"wp:attachment":[{"href":"https:\/\/perlaw.ca\/fr\/wp-json\/wp\/v2\/media?parent=4020"}],"curies":[{"name":"wp","href":"https:\/\/api.w.org\/{rel}","templated":true}]}}