{"id":4025,"date":"2019-06-04T20:53:07","date_gmt":"2019-06-04T20:53:07","guid":{"rendered":"https:\/\/perlaw.ca\/expertise\/business-law\/cross-border-transactions\/"},"modified":"2022-09-26T16:33:58","modified_gmt":"2022-09-26T20:33:58","slug":"operations-transfrontalieres","status":"publish","type":"page","link":"https:\/\/perlaw.ca\/fr\/expertise\/droit-des-affaires\/operations-transfrontalieres\/","title":{"rendered":"Op\u00e9rations transfrontali\u00e8res"},"content":{"rendered":"<p>Gr\u00e2ce \u00e0 notre expertise commerciale internationale et \u00e0 la port\u00e9e mondiale de nos alliances commerciales et juridiques, Perley-Robertson, Hill &amp; McDougall fournit des conseils de la plus grande qualit\u00e9 applicables l\u00e0 o\u00f9 vos affaires ont lieu. Notre Groupe du droit des affaires fournit des conseils sp\u00e9cialis\u00e9s aux soci\u00e9t\u00e9s ouvertes et ferm\u00e9es sur la complexit\u00e9 des structures d\u2019investissements \u00e9trangers, les syst\u00e8mes juridiques et les diverses identit\u00e9s politiques et culturelles qui font du commerce international un domaine de droit complexe. Nous offrons de la clart\u00e9 et des indications.<\/p>\n<p>Nous conseillons et repr\u00e9sentons notre client\u00e8le dans le cadre de diff\u00e9rends internationaux, de contrats, de financement et de s\u00fbret\u00e9s et offrons une vaste expertise sur les incidences du droit fiscal international, de la r\u00e9glementation et des march\u00e9s financiers. Gr\u00e2ce \u00e0 nos pratiques diversifi\u00e9es en arbitrage international, en propri\u00e9t\u00e9 intellectuelle, en financement des investissements et en droit de l\u2019immigration, nous regroupons nos ressources pour g\u00e9rer les investissements transfrontaliers \u00e0 la lumi\u00e8re de notre exp\u00e9rience des coentreprises, de l\u2019achat d\u2019actions, des conventions de licence de brevet et de marque de commerce, des conventions de distribution, des conventions d\u2019emploi et des accords gouvernementaux nationaux et internationaux.<\/p>\n","protected":false},"excerpt":{"rendered":"<p>Gr\u00e2ce \u00e0 notre expertise commerciale internationale et \u00e0 la port\u00e9e mondiale de nos alliances commerciales et juridiques, Perley-Robertson, Hill &amp; McDougall fournit des conseils de la plus grande qualit\u00e9 applicables l\u00e0 o\u00f9 vos affaires ont lieu. Notre Groupe du droit des affaires fournit des conseils sp\u00e9cialis\u00e9s aux soci\u00e9t\u00e9s ouvertes et ferm\u00e9es sur la complexit\u00e9 des [&hellip;]<\/p>\n","protected":false},"author":2,"featured_media":0,"parent":4017,"menu_order":5,"comment_status":"closed","ping_status":"closed","template":"page-exp-service.php","meta":{"_acf_changed":false,"footnotes":""},"class_list":["post-4025","page","type-page","status-publish","hentry"],"acf":[],"_links":{"self":[{"href":"https:\/\/perlaw.ca\/fr\/wp-json\/wp\/v2\/pages\/4025","targetHints":{"allow":["GET"]}}],"collection":[{"href":"https:\/\/perlaw.ca\/fr\/wp-json\/wp\/v2\/pages"}],"about":[{"href":"https:\/\/perlaw.ca\/fr\/wp-json\/wp\/v2\/types\/page"}],"author":[{"embeddable":true,"href":"https:\/\/perlaw.ca\/fr\/wp-json\/wp\/v2\/users\/2"}],"replies":[{"embeddable":true,"href":"https:\/\/perlaw.ca\/fr\/wp-json\/wp\/v2\/comments?post=4025"}],"version-history":[{"count":4,"href":"https:\/\/perlaw.ca\/fr\/wp-json\/wp\/v2\/pages\/4025\/revisions"}],"predecessor-version":[{"id":6454,"href":"https:\/\/perlaw.ca\/fr\/wp-json\/wp\/v2\/pages\/4025\/revisions\/6454"}],"up":[{"embeddable":true,"href":"https:\/\/perlaw.ca\/fr\/wp-json\/wp\/v2\/pages\/4017"}],"wp:attachment":[{"href":"https:\/\/perlaw.ca\/fr\/wp-json\/wp\/v2\/media?parent=4025"}],"curies":[{"name":"wp","href":"https:\/\/api.w.org\/{rel}","templated":true}]}}