{"id":4037,"date":"2019-06-04T20:53:57","date_gmt":"2019-06-04T20:53:57","guid":{"rendered":"https:\/\/perlaw.ca\/expertise\/business-law\/dental-law\/"},"modified":"2022-09-26T16:35:40","modified_gmt":"2022-09-26T20:35:40","slug":"droit-dentaire","status":"publish","type":"page","link":"https:\/\/perlaw.ca\/fr\/expertise\/droit-des-affaires\/droit-dentaire\/","title":{"rendered":"Droit dentaire"},"content":{"rendered":"<p>Depuis 50 ans, Perly-Robertson, Hill &amp; McDougall aide les dentistes \u00e0 r\u00e9soudre tous leurs probl\u00e8mes juridiques. En tant que dentiste, vous avez des besoins uniques li\u00e9s \u00e0 votre secteur de l\u2019industrie. Il vous faut donc un cabinet d\u2019avocats disposant de l\u2019expertise n\u00e9cessaire pour assurer votre r\u00e9ussite. Nous offrons des services-conseils juridiques pour l\u2019ensemble de vos besoins d\u2019affaires, y compris les questions d\u2019entreprise et les litiges. Que vous vouliez exercer vos droits ou vous d\u00e9fendre contre une r\u00e9clamation, Perley-Robertson, Hill &amp; McDougall est l\u00e0 pour vous pr\u00eater main-forte gr\u00e2ce \u00e0 notre \u00e9quipe chevronn\u00e9e en mati\u00e8re de litiges.<\/p>\n<p>Si vous \u00e9voluez dans le secteur de la dentisterie, notre \u00e9quipe s\u2019appuiera sur ses nombreuses ann\u00e9es d\u2019exp\u00e9rience en la mati\u00e8re pour vous aider \u00e0 r\u00e9soudre tous vos probl\u00e8mes juridiques.<\/p>\n<h4>Services de litige<\/h4>\n<ul>\n<li>Droit commercial<\/li>\n<li>Contrats<\/li>\n<li>Droit du travail<\/li>\n<li>Ententes de non-concurrence et de non-sollicitation<\/li>\n<li>D\u00e9fense \u00e0 l\u2019\u00e9gard de pr\u00e9judice mat\u00e9riel et corporel<\/li>\n<li>Droit administratif et d\u00e9livrance de licence du\u00a0<em>Royal College of Dental Surgeons of Ontario<\/em><\/li>\n<li>Conflits entre actionnaires<\/li>\n<li>Enregistrement et contestation de marques de commerce<\/li>\n<li>Recours et appels en mati\u00e8re fiscale<\/li>\n<\/ul>\n<h4>Services en mati\u00e8re d\u2019emploi<\/h4>\n<ul>\n<li>Conformit\u00e9 \u00e0 la\u00a0<em>Loi sur les normes d\u2019emploi<\/em>\u00a0(Ontario)<\/li>\n<li>Recours en cong\u00e9diement injustifi\u00e9 ou d\u00e9guis\u00e9<\/li>\n<li>Milieu de travail sain et sans harc\u00e8lement<\/li>\n<li>L\u2019obligation d\u2019accommodement et sa port\u00e9e<\/li>\n<li>Formation sur la\u00a0<em>Loi de 2005 sur l\u2019accessibilit\u00e9 pour les personnes handicap\u00e9es de l\u2019Ontario<\/em>\u00a0\u00e0 l\u2019intention de l\u2019\u00e9quipe<\/li>\n<li>Affichage obligatoire de renseignements en milieu de travail<\/li>\n<li>\u00c9laboration, affichage et r\u00e9vision de politiques<\/li>\n<\/ul>\n<h4>Services commerciaux<\/h4>\n<ul>\n<li>Constitution en personne morale d\u2019un cabinet professionnel de dentistes<\/li>\n<li>R\u00e9daction et r\u00e9vision de contrats<\/li>\n<li>R\u00e9daction de conventions entre actionnaires<\/li>\n<li>Acquisition ou vente de cabinet de dentistes<\/li>\n<\/ul>\n","protected":false},"excerpt":{"rendered":"<p>Depuis 50 ans, Perly-Robertson, Hill &amp; McDougall aide les dentistes \u00e0 r\u00e9soudre tous leurs probl\u00e8mes juridiques. En tant que dentiste, vous avez des besoins uniques li\u00e9s \u00e0 votre secteur de l\u2019industrie. Il vous faut donc un cabinet d\u2019avocats disposant de l\u2019expertise n\u00e9cessaire pour assurer votre r\u00e9ussite. Nous offrons des services-conseils juridiques pour l\u2019ensemble de vos [&hellip;]<\/p>\n","protected":false},"author":2,"featured_media":0,"parent":4017,"menu_order":6,"comment_status":"closed","ping_status":"closed","template":"page-exp-service.php","meta":{"_acf_changed":false,"footnotes":""},"class_list":["post-4037","page","type-page","status-publish","hentry"],"acf":[],"_links":{"self":[{"href":"https:\/\/perlaw.ca\/fr\/wp-json\/wp\/v2\/pages\/4037","targetHints":{"allow":["GET"]}}],"collection":[{"href":"https:\/\/perlaw.ca\/fr\/wp-json\/wp\/v2\/pages"}],"about":[{"href":"https:\/\/perlaw.ca\/fr\/wp-json\/wp\/v2\/types\/page"}],"author":[{"embeddable":true,"href":"https:\/\/perlaw.ca\/fr\/wp-json\/wp\/v2\/users\/2"}],"replies":[{"embeddable":true,"href":"https:\/\/perlaw.ca\/fr\/wp-json\/wp\/v2\/comments?post=4037"}],"version-history":[{"count":4,"href":"https:\/\/perlaw.ca\/fr\/wp-json\/wp\/v2\/pages\/4037\/revisions"}],"predecessor-version":[{"id":5467,"href":"https:\/\/perlaw.ca\/fr\/wp-json\/wp\/v2\/pages\/4037\/revisions\/5467"}],"up":[{"embeddable":true,"href":"https:\/\/perlaw.ca\/fr\/wp-json\/wp\/v2\/pages\/4017"}],"wp:attachment":[{"href":"https:\/\/perlaw.ca\/fr\/wp-json\/wp\/v2\/media?parent=4037"}],"curies":[{"name":"wp","href":"https:\/\/api.w.org\/{rel}","templated":true}]}}