{"id":4045,"date":"2019-06-04T20:58:14","date_gmt":"2019-06-04T20:58:14","guid":{"rendered":"https:\/\/perlaw.ca\/expertise\/droit-des-affaires\/franchising-and-licensing\/"},"modified":"2022-09-26T16:38:06","modified_gmt":"2022-09-26T20:38:06","slug":"franchisage-et-octroi-de-licences","status":"publish","type":"page","link":"https:\/\/perlaw.ca\/fr\/expertise\/droit-des-affaires\/franchisage-et-octroi-de-licences\/","title":{"rendered":"Franchisage et octroi de\u00a0licences"},"content":{"rendered":"<p>Le franchisage et l\u2019octroi de licences sont des pratiques commerciales qui peuvent \u00e9largir le march\u00e9 des produits, services ou noms de marque au moyen de l\u2019octroi de droits d\u2019utilisation \u00e0 des tiers. \u00c0 l\u2019inverse, ils peuvent permettre l\u2019\u00e9dification ou la croissance d\u2019une entreprise au moyen de l\u2019adoption de produits ou d\u2019entreprises qui connaissent d\u00e9j\u00e0 du succ\u00e8s. Gr\u00e2ce \u00e0 son expertise sp\u00e9cialis\u00e9e en droit des affaires, en propri\u00e9t\u00e9 intellectuelle et en litige, Perley-Robertson, Hill &amp; McDougall offre \u00e0 sa client\u00e8le un soutien efficace et intelligent au franchisage et \u00e0 l\u2019octroi de licences.<\/p>\n<p>Nous offrons aux franchis\u00e9s\/franchiseurs, importateurs\/exportateurs et fabricants\/fournisseurs des conseils de gestion des syst\u00e8mes \u00e9mergents de franchise et de licence \u00e0 partir du lancement en mettant l\u2019accent sur les objectifs commerciaux uniques de notre client\u00e8le. Inspir\u00e9s par nos divers champs de pratique en immobilier, propri\u00e9t\u00e9 intellectuelle, fiscalit\u00e9, litige, droit des soci\u00e9t\u00e9s et commerce international, nous aidons les clients \u00e0 r\u00e9gler les questions complexes aff\u00e9rentes aux march\u00e9s nationaux et internationaux.<\/p>\n<p>Nous avons de l\u2019exp\u00e9rience dans la r\u00e9daction de conventions, la gestion de n\u00e9gociations, l\u2019ex\u00e9cution et la r\u00e9siliation des contrats, les acquisitions, les questions d\u2019emploi, les s\u00fbret\u00e9s et les conseils sur la commercialisation de nouveaux produits et de nouvelles technologies. Nous avons pu aider une client\u00e8le ayant de nombreux secteurs d\u2019int\u00e9r\u00eat, allant de l\u2019h\u00e9bergement, des services professionnels et de la vente au d\u00e9tail \u00e0 l\u2019octroi de licences en technologie et en propri\u00e9t\u00e9 intellectuelle. Gr\u00e2ce \u00e0 la formation approfondie en affaires de notre \u00e9quipe, nous pouvons conseiller notre client\u00e8le sur la valeur de produits et entreprises uniques ainsi que sur le transfert de technologies et de secrets commerciaux.<\/p>\n","protected":false},"excerpt":{"rendered":"<p>Le franchisage et l\u2019octroi de licences sont des pratiques commerciales qui peuvent \u00e9largir le march\u00e9 des produits, services ou noms de marque au moyen de l\u2019octroi de droits d\u2019utilisation \u00e0 des tiers. \u00c0 l\u2019inverse, ils peuvent permettre l\u2019\u00e9dification ou la croissance d\u2019une entreprise au moyen de l\u2019adoption de produits ou d\u2019entreprises qui connaissent d\u00e9j\u00e0 du [&hellip;]<\/p>\n","protected":false},"author":2,"featured_media":0,"parent":4017,"menu_order":8,"comment_status":"closed","ping_status":"closed","template":"page-exp-service.php","meta":{"_acf_changed":false,"footnotes":""},"class_list":["post-4045","page","type-page","status-publish","hentry"],"acf":[],"_links":{"self":[{"href":"https:\/\/perlaw.ca\/fr\/wp-json\/wp\/v2\/pages\/4045","targetHints":{"allow":["GET"]}}],"collection":[{"href":"https:\/\/perlaw.ca\/fr\/wp-json\/wp\/v2\/pages"}],"about":[{"href":"https:\/\/perlaw.ca\/fr\/wp-json\/wp\/v2\/types\/page"}],"author":[{"embeddable":true,"href":"https:\/\/perlaw.ca\/fr\/wp-json\/wp\/v2\/users\/2"}],"replies":[{"embeddable":true,"href":"https:\/\/perlaw.ca\/fr\/wp-json\/wp\/v2\/comments?post=4045"}],"version-history":[{"count":2,"href":"https:\/\/perlaw.ca\/fr\/wp-json\/wp\/v2\/pages\/4045\/revisions"}],"predecessor-version":[{"id":4047,"href":"https:\/\/perlaw.ca\/fr\/wp-json\/wp\/v2\/pages\/4045\/revisions\/4047"}],"up":[{"embeddable":true,"href":"https:\/\/perlaw.ca\/fr\/wp-json\/wp\/v2\/pages\/4017"}],"wp:attachment":[{"href":"https:\/\/perlaw.ca\/fr\/wp-json\/wp\/v2\/media?parent=4045"}],"curies":[{"name":"wp","href":"https:\/\/api.w.org\/{rel}","templated":true}]}}