{"id":4050,"date":"2019-06-04T21:04:45","date_gmt":"2019-06-04T21:04:45","guid":{"rendered":"https:\/\/perlaw.ca\/expertise\/droit-des-affaires\/government-relations-international-trade-tribunals\/"},"modified":"2022-09-26T16:40:10","modified_gmt":"2022-09-26T20:40:10","slug":"relations-gouvernementales-et-commerce-international","status":"publish","type":"page","link":"https:\/\/perlaw.ca\/fr\/expertise\/droit-des-affaires\/relations-gouvernementales-et-commerce-international\/","title":{"rendered":"Relations gouvernementales et commerce international"},"content":{"rendered":"<p>En tant que plus important cabinet ind\u00e9pendant de la r\u00e9gion de la capitale nationale, nous avons une exp\u00e9rience de travail sans \u00e9gale aupr\u00e8s du gouvernement f\u00e9d\u00e9ral. Depuis 50 ans, Perley-Robertson, Hill et McDougall S.R.L. aide sa client\u00e8le \u00e0 se frayer un chemin dans les all\u00e9es du pouvoir sur la Colline du Parlement, \u00e0 l\u2019H\u00f4tel de Ville et au\u2011del\u00e0. Nous avons repr\u00e9sent\u00e9 avec succ\u00e8s des clients devant tous les ordres de gouvernement de m\u00eame que devant les organismes et les soci\u00e9t\u00e9s d\u2019\u00c9tat.<\/p>\n<p>En constituant des \u00e9quipes \u00e0 partir d\u2019un \u00e9ventail de domaines de pratique, du droit des affaires au litige, nous offrons des services et de l\u2019aide \u00e0 la d\u00e9fense d\u2019int\u00e9r\u00eats en mati\u00e8re de relations gouvernementales en ce qui concerne les enjeux de r\u00e9glementation et de politiques publiques. Gr\u00e2ce \u00e0 la formation diversifi\u00e9e de notre \u00e9quipe, nous pouvons soutenir de fa\u00e7on experte et efficace notre client\u00e8le dans tous les secteurs.<\/p>\n<p>Voici notamment les services que nous offrons\u00a0:<\/p>\n<ul>\n<li>Lobbying et d\u00e9fense d\u2019int\u00e9r\u00eat<\/li>\n<li>Services en mati\u00e8re de march\u00e9s publics, notamment li\u00e9s \u00e0 la d\u00e9fense<\/li>\n<li>Recherche, analyse et \u00e9laboration de politiques publiques<\/li>\n<li>Consultations publiques, facilitation et \u00e9tablissement d\u2019un consensus<\/li>\n<li>Modes extrajudiciaires de r\u00e8glement des diff\u00e9rends et m\u00e9diation<\/li>\n<li>Deuxi\u00e8me opinion et \u00e9valuation<\/li>\n<\/ul>\n<p>La maximisation des r\u00e9sultats de la d\u00e9fense d\u2019int\u00e9r\u00eats n\u00e9cessite une compr\u00e9hension r\u00e9elle et \u00e0 jour du contexte r\u00e9glementaire actuel. La pr\u00e9vision des incidences positives ou n\u00e9gatives des changements sur notre client\u00e8le constitue une partie inestimable de nos conseils.<\/p>\n<p>Les relations gouvernementales sont \u00e9troitement li\u00e9es au commerce international. Nous aidons les soci\u00e9t\u00e9s situ\u00e9es au Canada \u00e0 prendre de l\u2019expansion et les soci\u00e9t\u00e9s situ\u00e9es \u00e0 l\u2019ext\u00e9rieur du Canada \u00e0 faire affaires ici. Nous offrons les avantages de notre expertise multisectorielle et de notre compr\u00e9hension sans \u00e9gale des r\u00e9gimes r\u00e9glementaires canadiens. Gr\u00e2ce \u00e0 notre expertise dans les d\u00e9tails de nos accords commerciaux internationaux, nous avons repr\u00e9sent\u00e9 notre client\u00e8le devant les tribunaux commerciaux internationaux et jouissons de l\u2019expertise sp\u00e9cialis\u00e9e n\u00e9cessaire pour fournir des conseils sur les questions, exigences et occasions rattach\u00e9es \u00e0 nos accords commerciaux.<\/p>\n","protected":false},"excerpt":{"rendered":"<p>En tant que plus important cabinet ind\u00e9pendant de la r\u00e9gion de la capitale nationale, nous avons une exp\u00e9rience de travail sans \u00e9gale aupr\u00e8s du gouvernement f\u00e9d\u00e9ral. Depuis 50 ans, Perley-Robertson, Hill et McDougall S.R.L. aide sa client\u00e8le \u00e0 se frayer un chemin dans les all\u00e9es du pouvoir sur la Colline du Parlement, \u00e0 l\u2019H\u00f4tel de [&hellip;]<\/p>\n","protected":false},"author":2,"featured_media":0,"parent":4017,"menu_order":9,"comment_status":"closed","ping_status":"closed","template":"page-exp-service.php","meta":{"_acf_changed":false,"footnotes":""},"class_list":["post-4050","page","type-page","status-publish","hentry"],"acf":[],"_links":{"self":[{"href":"https:\/\/perlaw.ca\/fr\/wp-json\/wp\/v2\/pages\/4050","targetHints":{"allow":["GET"]}}],"collection":[{"href":"https:\/\/perlaw.ca\/fr\/wp-json\/wp\/v2\/pages"}],"about":[{"href":"https:\/\/perlaw.ca\/fr\/wp-json\/wp\/v2\/types\/page"}],"author":[{"embeddable":true,"href":"https:\/\/perlaw.ca\/fr\/wp-json\/wp\/v2\/users\/2"}],"replies":[{"embeddable":true,"href":"https:\/\/perlaw.ca\/fr\/wp-json\/wp\/v2\/comments?post=4050"}],"version-history":[{"count":2,"href":"https:\/\/perlaw.ca\/fr\/wp-json\/wp\/v2\/pages\/4050\/revisions"}],"predecessor-version":[{"id":5468,"href":"https:\/\/perlaw.ca\/fr\/wp-json\/wp\/v2\/pages\/4050\/revisions\/5468"}],"up":[{"embeddable":true,"href":"https:\/\/perlaw.ca\/fr\/wp-json\/wp\/v2\/pages\/4017"}],"wp:attachment":[{"href":"https:\/\/perlaw.ca\/fr\/wp-json\/wp\/v2\/media?parent=4050"}],"curies":[{"name":"wp","href":"https:\/\/api.w.org\/{rel}","templated":true}]}}