{"id":4051,"date":"2019-06-04T21:12:33","date_gmt":"2019-06-04T21:12:33","guid":{"rendered":"https:\/\/perlaw.ca\/expertise\/droit-des-affaires\/immigration\/"},"modified":"2022-09-26T16:41:31","modified_gmt":"2022-09-26T20:41:31","slug":"immigration","status":"publish","type":"page","link":"https:\/\/perlaw.ca\/fr\/expertise\/droit-des-affaires\/immigration\/","title":{"rendered":"Immigration"},"content":{"rendered":"<p>Les comp\u00e9tences sont recherch\u00e9es sur la sc\u00e8ne internationale. Nous contribuons \u00e0 donner \u00e0 votre entreprise les comp\u00e9tences dont vous avez besoin.<\/p>\n<p>La nature mondiale des affaires aujourd\u2019hui signifie que la personne qui convient le mieux pour l\u2019emploi n\u2019a pas n\u00e9cessairement la citoyennet\u00e9 la plus pratique. Le Groupe du droit de l\u2019immigration de Perley-Robertson, Hill &amp; McDougall conseille notre client\u00e8le sur des facteurs essentiels pour le recrutement d\u2019employ\u00e9s au Canada afin de garantir l\u2019acc\u00e8s au r\u00e9servoir de talents le plus profond possible. Nous aidons notre client\u00e8le \u00e0 s\u2019y retrouver dans les d\u00e9dales du r\u00e9gime d\u2019immigration canadien pour qu\u2019elle atteigne efficacement ses objectifs d\u2019immigration. Gardant vos besoins commerciaux \u00e0 l\u2019esprit, nous analysons chaque situation, \u00e9laborerons une strat\u00e9gie de r\u00e8glement personnalis\u00e9e et recommandons des options pertinentes pour atteindre les r\u00e9sultats les plus efficaces. S\u2019il faut interjeter appel d\u2019une d\u00e9cision d\u2019un tribunal ou du gouvernement, nous avons l\u2019exp\u00e9rience n\u00e9cessaire en litige sur l\u2019immigration.<\/p>\n<p>Notre Groupe du droit de l\u2019immigration fournit des conseils professionnels et juridiques judicieux dans un \u00e9ventail de domaines, notamment\u00a0:<\/p>\n<ul>\n<li>Citoyennet\u00e9<\/li>\n<li>Visa d\u2019artiste et d\u2019athl\u00e8te<\/li>\n<li>Demandes fond\u00e9es sur des raisons humanitaires<\/li>\n<li>Litiges et appels<\/li>\n<li>Permis ALENA (Canada, \u00c9tats-Unis, Mexique)<\/li>\n<li>R\u00e9sidence permanente et temporaire (travail, \u00e9tudes, visite)<\/li>\n<li>Programme de candidats des provinces (PCP)<\/li>\n<li>Revendications du statut de r\u00e9fugi\u00e9 et protection des r\u00e9fugi\u00e9s<\/li>\n<li>Permis des travailleurs qualifi\u00e9s<\/li>\n<\/ul>\n","protected":false},"excerpt":{"rendered":"<p>Les comp\u00e9tences sont recherch\u00e9es sur la sc\u00e8ne internationale. Nous contribuons \u00e0 donner \u00e0 votre entreprise les comp\u00e9tences dont vous avez besoin. La nature mondiale des affaires aujourd\u2019hui signifie que la personne qui convient le mieux pour l\u2019emploi n\u2019a pas n\u00e9cessairement la citoyennet\u00e9 la plus pratique. Le Groupe du droit de l\u2019immigration de Perley-Robertson, Hill &amp; [&hellip;]<\/p>\n","protected":false},"author":2,"featured_media":0,"parent":4017,"menu_order":10,"comment_status":"closed","ping_status":"closed","template":"page-exp-service.php","meta":{"_acf_changed":false,"footnotes":""},"class_list":["post-4051","page","type-page","status-publish","hentry"],"acf":[],"_links":{"self":[{"href":"https:\/\/perlaw.ca\/fr\/wp-json\/wp\/v2\/pages\/4051","targetHints":{"allow":["GET"]}}],"collection":[{"href":"https:\/\/perlaw.ca\/fr\/wp-json\/wp\/v2\/pages"}],"about":[{"href":"https:\/\/perlaw.ca\/fr\/wp-json\/wp\/v2\/types\/page"}],"author":[{"embeddable":true,"href":"https:\/\/perlaw.ca\/fr\/wp-json\/wp\/v2\/users\/2"}],"replies":[{"embeddable":true,"href":"https:\/\/perlaw.ca\/fr\/wp-json\/wp\/v2\/comments?post=4051"}],"version-history":[{"count":2,"href":"https:\/\/perlaw.ca\/fr\/wp-json\/wp\/v2\/pages\/4051\/revisions"}],"predecessor-version":[{"id":4055,"href":"https:\/\/perlaw.ca\/fr\/wp-json\/wp\/v2\/pages\/4051\/revisions\/4055"}],"up":[{"embeddable":true,"href":"https:\/\/perlaw.ca\/fr\/wp-json\/wp\/v2\/pages\/4017"}],"wp:attachment":[{"href":"https:\/\/perlaw.ca\/fr\/wp-json\/wp\/v2\/media?parent=4051"}],"curies":[{"name":"wp","href":"https:\/\/api.w.org\/{rel}","templated":true}]}}