{"id":4060,"date":"2019-06-05T00:57:31","date_gmt":"2019-06-05T00:57:31","guid":{"rendered":"https:\/\/perlaw.ca\/expertise\/droit-des-affaires\/insolvency-restructuring\/"},"modified":"2022-09-26T16:43:03","modified_gmt":"2022-09-26T20:43:03","slug":"insolvabilite-et-restructuration","status":"publish","type":"page","link":"https:\/\/perlaw.ca\/fr\/expertise\/droit-des-affaires\/insolvabilite-et-restructuration\/","title":{"rendered":"Insolvabilit\u00e9 et restructuration"},"content":{"rendered":"<p>Lorsqu\u2019on \u00e9prouve de graves difficult\u00e9s commerciales, il faut des conseils rigoureux et r\u00e9alistes. Gr\u00e2ce \u00e0 sa grande expertise en droit commercial et en droit des soci\u00e9t\u00e9s, en droit de la faillite et quant au contexte commercial national et international, l\u2019\u00e9quipe de faillite et insolvabilit\u00e9 de Perley-Robertson, Hill &amp; McDougall peut offrir clart\u00e9 et orientation. D\u00e9butant par une solide compr\u00e9hension de la situation commerciale et des besoins uniques de notre client\u00e8le, nous pouvons montrer la voie dans tout type d\u2019insolvabilit\u00e9, de r\u00e9organisation, de faillite ou de question de droit des cr\u00e9anciers.<\/p>\n<p>Nous travaillons en concertation avec nos \u00e9quipes des services bancaires et financiers dans la repr\u00e9sentation de cr\u00e9anciers et de d\u00e9biteurs. On retrouve parmi notre client\u00e8le des soci\u00e9t\u00e9s, des institutions financi\u00e8res, des coop\u00e9ratives de cr\u00e9dit et d\u2019autres pr\u00eateurs, en plus de fournisseurs, de s\u00e9questres, de syndics de faillite et de fabricants.<\/p>\n","protected":false},"excerpt":{"rendered":"<p>Lorsqu\u2019on \u00e9prouve de graves difficult\u00e9s commerciales, il faut des conseils rigoureux et r\u00e9alistes. Gr\u00e2ce \u00e0 sa grande expertise en droit commercial et en droit des soci\u00e9t\u00e9s, en droit de la faillite et quant au contexte commercial national et international, l\u2019\u00e9quipe de faillite et insolvabilit\u00e9 de Perley-Robertson, Hill &amp; McDougall peut offrir clart\u00e9 et orientation. D\u00e9butant [&hellip;]<\/p>\n","protected":false},"author":2,"featured_media":0,"parent":4017,"menu_order":11,"comment_status":"closed","ping_status":"closed","template":"page-exp-service.php","meta":{"_acf_changed":false,"footnotes":""},"class_list":["post-4060","page","type-page","status-publish","hentry"],"acf":[],"_links":{"self":[{"href":"https:\/\/perlaw.ca\/fr\/wp-json\/wp\/v2\/pages\/4060","targetHints":{"allow":["GET"]}}],"collection":[{"href":"https:\/\/perlaw.ca\/fr\/wp-json\/wp\/v2\/pages"}],"about":[{"href":"https:\/\/perlaw.ca\/fr\/wp-json\/wp\/v2\/types\/page"}],"author":[{"embeddable":true,"href":"https:\/\/perlaw.ca\/fr\/wp-json\/wp\/v2\/users\/2"}],"replies":[{"embeddable":true,"href":"https:\/\/perlaw.ca\/fr\/wp-json\/wp\/v2\/comments?post=4060"}],"version-history":[{"count":1,"href":"https:\/\/perlaw.ca\/fr\/wp-json\/wp\/v2\/pages\/4060\/revisions"}],"predecessor-version":[{"id":4064,"href":"https:\/\/perlaw.ca\/fr\/wp-json\/wp\/v2\/pages\/4060\/revisions\/4064"}],"up":[{"embeddable":true,"href":"https:\/\/perlaw.ca\/fr\/wp-json\/wp\/v2\/pages\/4017"}],"wp:attachment":[{"href":"https:\/\/perlaw.ca\/fr\/wp-json\/wp\/v2\/media?parent=4060"}],"curies":[{"name":"wp","href":"https:\/\/api.w.org\/{rel}","templated":true}]}}