{"id":4061,"date":"2019-06-05T00:59:12","date_gmt":"2019-06-05T00:59:12","guid":{"rendered":"https:\/\/perlaw.ca\/expertise\/droit-des-affaires\/mergers-acquisitions\/"},"modified":"2022-09-26T16:44:57","modified_gmt":"2022-09-26T20:44:57","slug":"fusions-et-acquisitions","status":"publish","type":"page","link":"https:\/\/perlaw.ca\/fr\/expertise\/droit-des-affaires\/fusions-et-acquisitions\/","title":{"rendered":"Fusions et acquisitions"},"content":{"rendered":"<p>Peu importe la complexit\u00e9 et l\u2019ampleur d\u2019une op\u00e9ration, les fusions et acquisitions (F\u00a0et\u00a0A) visent toujours \u00e0 am\u00e9liorer une position commerciale. Chez Perley-Robertson, Hill &amp; McDougall, nous disposons de l\u2019exp\u00e9rience sectorielle de pointe n\u00e9cessaire pour voir l\u2019ensemble du tableau et veiller \u00e0 ce que les op\u00e9rations soient structur\u00e9es de mani\u00e8re \u00e0 maximiser la valeur pour les objectifs commerciaux uniques de notre client\u00e8le. B\u00e9n\u00e9ficiant d\u2019une attention inlassable au d\u00e9tail, notre client\u00e8le peut donner suite aux op\u00e9rations \u00e0 grande \u00e9chelle avec clart\u00e9. Notre \u00e9quipe de F\u00a0et\u00a0A structure, n\u00e9gocie et r\u00e9dige des conventions d\u2019achat et vente d\u2019actions et d\u2019actif de m\u00eame que d\u2019autres documents requis pour n\u00e9gocier et finaliser des op\u00e9rations commerciales. Il est souvent essentiel de r\u00e9aliser au moment opportun les op\u00e9rations des soci\u00e9t\u00e9s, et l\u2019efficacit\u00e9 est une marque du Groupe du droit des affaires de notre cabinet.<\/p>\n<p>Dans le cadre de nos activit\u00e9s de F\u00a0et\u00a0A, nous participons \u00e0 la constitution de coentreprises ou de soci\u00e9t\u00e9s en commandite aux fins d\u2019acquisition, au lancement et \u00e0 la d\u00e9fense d\u2019offres d\u2019achat hostiles et \u00e0 des courses aux procurations, des rachats, des ali\u00e9nations d\u2019actif et de divisions commerciales. Nous fournissons aussi des conseils sur les questions de gouvernance relatives aux F\u00a0et\u00a0A.<\/p>\n<p>Gr\u00e2ce \u00e0 notre expertise internationale et \u00e0 notre r\u00e9seau mondial d\u2019alliances juridiques et commerciales, nous pouvons mener la voie dans les op\u00e9rations transfrontali\u00e8res, man\u0153uvrant dans les d\u00e9dales fiscaux et r\u00e9glementaires et les march\u00e9s financiers \u00e9trangers, pour positionner le mieux notre client\u00e8le. Nous aidons aussi les acqu\u00e9reurs \u00e9trangers, y compris les entit\u00e9s d\u2019\u00c9tat, \u00e0 suivre la proc\u00e9dure d\u2019approbation de la\u00a0<em>Loi sur Investissement Canada<\/em>.<\/p>\n<p>L\u2019\u00e9quipe de F\u00a0et\u00a0A est soutenue par l\u2019expertise interne de notre cabinet en fiscalit\u00e9, en immobilier, en emploi, en propri\u00e9t\u00e9 intellectuelle, en valeurs mobili\u00e8res et en droit des soci\u00e9t\u00e9s.<\/p>\n","protected":false},"excerpt":{"rendered":"<p>Peu importe la complexit\u00e9 et l\u2019ampleur d\u2019une op\u00e9ration, les fusions et acquisitions (F\u00a0et\u00a0A) visent toujours \u00e0 am\u00e9liorer une position commerciale. Chez Perley-Robertson, Hill &amp; McDougall, nous disposons de l\u2019exp\u00e9rience sectorielle de pointe n\u00e9cessaire pour voir l\u2019ensemble du tableau et veiller \u00e0 ce que les op\u00e9rations soient structur\u00e9es de mani\u00e8re \u00e0 maximiser la valeur pour les [&hellip;]<\/p>\n","protected":false},"author":2,"featured_media":0,"parent":4017,"menu_order":12,"comment_status":"closed","ping_status":"closed","template":"page-exp-service.php","meta":{"_acf_changed":false,"footnotes":""},"class_list":["post-4061","page","type-page","status-publish","hentry"],"acf":[],"_links":{"self":[{"href":"https:\/\/perlaw.ca\/fr\/wp-json\/wp\/v2\/pages\/4061","targetHints":{"allow":["GET"]}}],"collection":[{"href":"https:\/\/perlaw.ca\/fr\/wp-json\/wp\/v2\/pages"}],"about":[{"href":"https:\/\/perlaw.ca\/fr\/wp-json\/wp\/v2\/types\/page"}],"author":[{"embeddable":true,"href":"https:\/\/perlaw.ca\/fr\/wp-json\/wp\/v2\/users\/2"}],"replies":[{"embeddable":true,"href":"https:\/\/perlaw.ca\/fr\/wp-json\/wp\/v2\/comments?post=4061"}],"version-history":[{"count":1,"href":"https:\/\/perlaw.ca\/fr\/wp-json\/wp\/v2\/pages\/4061\/revisions"}],"predecessor-version":[{"id":4065,"href":"https:\/\/perlaw.ca\/fr\/wp-json\/wp\/v2\/pages\/4061\/revisions\/4065"}],"up":[{"embeddable":true,"href":"https:\/\/perlaw.ca\/fr\/wp-json\/wp\/v2\/pages\/4017"}],"wp:attachment":[{"href":"https:\/\/perlaw.ca\/fr\/wp-json\/wp\/v2\/media?parent=4061"}],"curies":[{"name":"wp","href":"https:\/\/api.w.org\/{rel}","templated":true}]}}