{"id":4062,"date":"2019-06-05T01:01:29","date_gmt":"2019-06-05T01:01:29","guid":{"rendered":"https:\/\/perlaw.ca\/expertise\/droit-des-affaires\/not-for-profit-associations-charities-institutions\/"},"modified":"2022-09-26T16:50:12","modified_gmt":"2022-09-26T20:50:12","slug":"organismes-a-but-non-lucratif-associations-organismes-de-bienfaisance-et-institutions","status":"publish","type":"page","link":"https:\/\/perlaw.ca\/fr\/expertise\/droit-des-affaires\/organismes-a-but-non-lucratif-associations-organismes-de-bienfaisance-et-institutions\/","title":{"rendered":"Organismes \u00e0 but non lucratif, associations, organismes de bienfaisance et Institutions"},"content":{"rendered":"<p>Depuis longtemps, Perley-Robertson, Hill &amp; McDougall soutient les institutions et les organismes de bienfaisance. Profond\u00e9ment enracin\u00e9s dans la r\u00e9gion de la capitale nationale, nous avons fait b\u00e9n\u00e9ficier de notre expertise une vaste gamme de groupes \u00e0 but non lucratif, notamment des organismes de bienfaisance, des organismes gouvernementaux et non gouvernementaux, des associations communautaires, des organisations professionnelles, des groupes de loisirs et d\u2019autres groupes d\u2019int\u00e9r\u00eat participant \u00e0 des projets entre des entreprises et d\u2019autres entit\u00e9s \u00e0 but non lucratif. Les groupes \u00e0 but non lucratif font face \u00e0 des probl\u00e8mes uniques, souvent avec peu de ressources; nous comprenons l\u2019importance de g\u00e9rer efficacement les affaires de notre client\u00e8le et de fournir les indications dont elle a besoin.<\/p>\n<p>Notre \u00e9quipe fournit des services et de l\u2019aide de d\u00e9fense des int\u00e9r\u00eats en relations gouvernementales concernant les questions de r\u00e9glementation et de politiques publiques. Nous donnons des conseils sur la gouvernance, la conformit\u00e9 aux obligations l\u00e9gales et conseillons et repr\u00e9sentons avec succ\u00e8s tous les paliers de gestion de m\u00eame que des fiduciaires, des membres de conseils d\u2019administration et des militants.<\/p>\n<p>En tant que cabinet offrant toute la gamme des services, nous pouvons puiser \u00e0 m\u00eame notre expertise sp\u00e9cialis\u00e9e pour donner des conseils sur toutes les questions auxquelles font face ces institutions, notamment\u00a0:<\/p>\n<ul>\n<li>Droit des soci\u00e9t\u00e9s et droit commercial<\/li>\n<li>Immigration<\/li>\n<li>Propri\u00e9t\u00e9 intellectuelle<\/li>\n<li>Litige<\/li>\n<li>Immobilier<\/li>\n<\/ul>\n","protected":false},"excerpt":{"rendered":"<p>Depuis longtemps, Perley-Robertson, Hill &amp; McDougall soutient les institutions et les organismes de bienfaisance. Profond\u00e9ment enracin\u00e9s dans la r\u00e9gion de la capitale nationale, nous avons fait b\u00e9n\u00e9ficier de notre expertise une vaste gamme de groupes \u00e0 but non lucratif, notamment des organismes de bienfaisance, des organismes gouvernementaux et non gouvernementaux, des associations communautaires, des organisations [&hellip;]<\/p>\n","protected":false},"author":2,"featured_media":0,"parent":4017,"menu_order":13,"comment_status":"closed","ping_status":"closed","template":"page-exp-service.php","meta":{"_acf_changed":false,"footnotes":""},"class_list":["post-4062","page","type-page","status-publish","hentry"],"acf":[],"_links":{"self":[{"href":"https:\/\/perlaw.ca\/fr\/wp-json\/wp\/v2\/pages\/4062","targetHints":{"allow":["GET"]}}],"collection":[{"href":"https:\/\/perlaw.ca\/fr\/wp-json\/wp\/v2\/pages"}],"about":[{"href":"https:\/\/perlaw.ca\/fr\/wp-json\/wp\/v2\/types\/page"}],"author":[{"embeddable":true,"href":"https:\/\/perlaw.ca\/fr\/wp-json\/wp\/v2\/users\/2"}],"replies":[{"embeddable":true,"href":"https:\/\/perlaw.ca\/fr\/wp-json\/wp\/v2\/comments?post=4062"}],"version-history":[{"count":2,"href":"https:\/\/perlaw.ca\/fr\/wp-json\/wp\/v2\/pages\/4062\/revisions"}],"predecessor-version":[{"id":4067,"href":"https:\/\/perlaw.ca\/fr\/wp-json\/wp\/v2\/pages\/4062\/revisions\/4067"}],"up":[{"embeddable":true,"href":"https:\/\/perlaw.ca\/fr\/wp-json\/wp\/v2\/pages\/4017"}],"wp:attachment":[{"href":"https:\/\/perlaw.ca\/fr\/wp-json\/wp\/v2\/media?parent=4062"}],"curies":[{"name":"wp","href":"https:\/\/api.w.org\/{rel}","templated":true}]}}