{"id":4063,"date":"2019-06-05T01:02:23","date_gmt":"2019-06-05T01:02:23","guid":{"rendered":"https:\/\/perlaw.ca\/expertise\/droit-des-affaires\/private-equity\/"},"modified":"2022-09-26T16:51:44","modified_gmt":"2022-09-26T20:51:44","slug":"capital-dinvestissement-prive","status":"publish","type":"page","link":"https:\/\/perlaw.ca\/fr\/expertise\/droit-des-affaires\/capital-dinvestissement-prive\/","title":{"rendered":"Capital d\u2019investissement priv\u00e9"},"content":{"rendered":"<p>L\u2019argent est peut-\u00eatre liquide, mais les voies qu\u2019elle emprunte peuvent \u00eatre complexes et dangereuses. L\u2019\u00e9quipe du capital d\u2019investissement priv\u00e9 de Perley-Robertson, Hill &amp; McDougall permet la navigation la plus s\u00fbre de ces eaux. Nous repr\u00e9sentons des \u00e9metteurs\u00a0\u2013 des soci\u00e9t\u00e9s ferm\u00e9es et ouvertes, des soci\u00e9t\u00e9s de personnes et des entreprises \u00e0 propri\u00e9taire unique\u00a0\u2013 de m\u00eame que des acheteurs aussi diversifi\u00e9s que des soci\u00e9t\u00e9s d\u2019\u00c9tat, des banques, des gestionnaires de fonds, des soci\u00e9t\u00e9s de capital de risque et des particuliers.<\/p>\n<p>L\u2019ampleur de notre exp\u00e9rience dans tous les secteurs et de notre expertise dans les op\u00e9rations et instruments financiers complexes nous permet de juger au mieux de la valeur et d\u2019offrir \u00e0 notre client\u00e8le la plus grande s\u00e9curit\u00e9. Nous participons activement au financement, \u00e0 l\u2019acquisition et \u00e0 l\u2019ali\u00e9nation d\u2019investissements, \u00e0 la structuration de fonds et \u00e0 la sollicitation de recapitalisation. En tant que cabinet offrant toute la gamme des services, nous pouvons affecter les ressources n\u00e9cessaires pour toute op\u00e9ration donn\u00e9e, traitant de questions allant des avantages sociaux au litige en passant par la propri\u00e9t\u00e9 intellectuelle. Gr\u00e2ce \u00e0 notre expertise internationale et \u00e0 notre r\u00e9seau mondial d\u2019alliances juridiques et commerciales, nous pouvons tracer le chemin dans les op\u00e9rations transfrontali\u00e8res, \u00e0 travers les d\u00e9dales fiscaux et r\u00e9glementaires et les march\u00e9s financiers \u00e9trangers, pour positionner le mieux notre client\u00e8le.<\/p>\n<p>Fait plus important, nous tentons d\u2019atteindre l\u2019\u00e9quilibre optimal entre occasion et risque pour les besoins particuliers de notre client\u00e8le et d\u2019offrir \u00e0 notre client\u00e8le la confiance qui d\u00e9coule d\u2019une v\u00e9rification pr\u00e9alable convenable et d\u2019une exp\u00e9rience sp\u00e9cialis\u00e9e.<\/p>\n","protected":false},"excerpt":{"rendered":"<p>L\u2019argent est peut-\u00eatre liquide, mais les voies qu\u2019elle emprunte peuvent \u00eatre complexes et dangereuses. L\u2019\u00e9quipe du capital d\u2019investissement priv\u00e9 de Perley-Robertson, Hill &amp; McDougall permet la navigation la plus s\u00fbre de ces eaux. Nous repr\u00e9sentons des \u00e9metteurs\u00a0\u2013 des soci\u00e9t\u00e9s ferm\u00e9es et ouvertes, des soci\u00e9t\u00e9s de personnes et des entreprises \u00e0 propri\u00e9taire unique\u00a0\u2013 de m\u00eame que [&hellip;]<\/p>\n","protected":false},"author":2,"featured_media":0,"parent":4017,"menu_order":14,"comment_status":"closed","ping_status":"closed","template":"page-exp-service.php","meta":{"_acf_changed":false,"footnotes":""},"class_list":["post-4063","page","type-page","status-publish","hentry"],"acf":[],"_links":{"self":[{"href":"https:\/\/perlaw.ca\/fr\/wp-json\/wp\/v2\/pages\/4063","targetHints":{"allow":["GET"]}}],"collection":[{"href":"https:\/\/perlaw.ca\/fr\/wp-json\/wp\/v2\/pages"}],"about":[{"href":"https:\/\/perlaw.ca\/fr\/wp-json\/wp\/v2\/types\/page"}],"author":[{"embeddable":true,"href":"https:\/\/perlaw.ca\/fr\/wp-json\/wp\/v2\/users\/2"}],"replies":[{"embeddable":true,"href":"https:\/\/perlaw.ca\/fr\/wp-json\/wp\/v2\/comments?post=4063"}],"version-history":[{"count":1,"href":"https:\/\/perlaw.ca\/fr\/wp-json\/wp\/v2\/pages\/4063\/revisions"}],"predecessor-version":[{"id":4068,"href":"https:\/\/perlaw.ca\/fr\/wp-json\/wp\/v2\/pages\/4063\/revisions\/4068"}],"up":[{"embeddable":true,"href":"https:\/\/perlaw.ca\/fr\/wp-json\/wp\/v2\/pages\/4017"}],"wp:attachment":[{"href":"https:\/\/perlaw.ca\/fr\/wp-json\/wp\/v2\/media?parent=4063"}],"curies":[{"name":"wp","href":"https:\/\/api.w.org\/{rel}","templated":true}]}}