{"id":4073,"date":"2019-06-05T01:06:49","date_gmt":"2019-06-05T01:06:49","guid":{"rendered":"https:\/\/perlaw.ca\/expertise\/droit-des-affaires\/public-companies-corporate-governance\/"},"modified":"2022-09-26T16:54:39","modified_gmt":"2022-09-26T20:54:39","slug":"societes-ouvertes-et-gouvernance","status":"publish","type":"page","link":"https:\/\/perlaw.ca\/fr\/expertise\/droit-des-affaires\/societes-ouvertes-et-gouvernance\/","title":{"rendered":"Soci\u00e9t\u00e9s ouvertes et gouvernance"},"content":{"rendered":"<p>Le Groupe du droit des affaires de Perley-Robertson, Hill &amp; McDougall compte sur des sp\u00e9cialistes d\u2019une gamme de secteurs. Nos sp\u00e9cialistes comprennent la fa\u00e7on dont les soci\u00e9t\u00e9s sont le mieux structur\u00e9es pour leur secteur et leur situation commerciale. Nous fournissons des conseils concrets et des services juridiques aux entreprises de toutes les tailles, qu\u2019elles soient bien \u00e9tablies ou en d\u00e9marrage. Nous travaillons avec notre client\u00e8le sur la structuration ou la restructuration d\u2019entreprise et tirons profit de notre exp\u00e9rience en droit des contrats pour r\u00e9diger des conventions afin de faire en sorte que leur relation avec des parties essentielles, dont des fournisseurs, des distributeurs, des clients et des titulaires de licence, soit claire et ex\u00e9cutoire. Chaque facette des activit\u00e9s d\u2019une soci\u00e9t\u00e9 comporte des volets juridiques; nous offrons des conseils sur les op\u00e9rations commerciales en cours, y compris les coentreprises, l\u2019octroi de licences \u00e9trang\u00e8res, les conventions d\u2019actionnaires, les plans d\u2019achat d\u2019actions, la planification du patrimoine et les acquisitions strat\u00e9giques.<\/p>\n<p>Nous prot\u00e9geons les principaux actifs commerciaux de notre client\u00e8le, comme la propri\u00e9t\u00e9 intellectuelle, en appliquant les conventions appropri\u00e9es avec le personnel, les entrepreneurs, les titulaires de licence et les tiers. Nous conseillons aussi nos clients relativement aux exigences en valeurs mobili\u00e8res et aux exigences impos\u00e9es par les organismes de r\u00e9glementation.<\/p>\n<p>En tant que cabinet offrant toute la gamme des services, nous sommes soutenus au besoin par nos experts internes en droit fiscal, en droit de l\u2019emploi et en litige.<\/p>\n","protected":false},"excerpt":{"rendered":"<p>Le Groupe du droit des affaires de Perley-Robertson, Hill &amp; McDougall compte sur des sp\u00e9cialistes d\u2019une gamme de secteurs. Nos sp\u00e9cialistes comprennent la fa\u00e7on dont les soci\u00e9t\u00e9s sont le mieux structur\u00e9es pour leur secteur et leur situation commerciale. Nous fournissons des conseils concrets et des services juridiques aux entreprises de toutes les tailles, qu\u2019elles soient [&hellip;]<\/p>\n","protected":false},"author":2,"featured_media":0,"parent":4017,"menu_order":16,"comment_status":"closed","ping_status":"closed","template":"page-exp-service.php","meta":{"_acf_changed":false,"footnotes":""},"class_list":["post-4073","page","type-page","status-publish","hentry"],"acf":[],"_links":{"self":[{"href":"https:\/\/perlaw.ca\/fr\/wp-json\/wp\/v2\/pages\/4073","targetHints":{"allow":["GET"]}}],"collection":[{"href":"https:\/\/perlaw.ca\/fr\/wp-json\/wp\/v2\/pages"}],"about":[{"href":"https:\/\/perlaw.ca\/fr\/wp-json\/wp\/v2\/types\/page"}],"author":[{"embeddable":true,"href":"https:\/\/perlaw.ca\/fr\/wp-json\/wp\/v2\/users\/2"}],"replies":[{"embeddable":true,"href":"https:\/\/perlaw.ca\/fr\/wp-json\/wp\/v2\/comments?post=4073"}],"version-history":[{"count":1,"href":"https:\/\/perlaw.ca\/fr\/wp-json\/wp\/v2\/pages\/4073\/revisions"}],"predecessor-version":[{"id":4076,"href":"https:\/\/perlaw.ca\/fr\/wp-json\/wp\/v2\/pages\/4073\/revisions\/4076"}],"up":[{"embeddable":true,"href":"https:\/\/perlaw.ca\/fr\/wp-json\/wp\/v2\/pages\/4017"}],"wp:attachment":[{"href":"https:\/\/perlaw.ca\/fr\/wp-json\/wp\/v2\/media?parent=4073"}],"curies":[{"name":"wp","href":"https:\/\/api.w.org\/{rel}","templated":true}]}}