{"id":4082,"date":"2019-06-05T01:14:50","date_gmt":"2019-06-05T01:14:50","guid":{"rendered":"https:\/\/perlaw.ca\/expertise\/droit-des-affaires\/technology\/"},"modified":"2022-09-26T17:00:05","modified_gmt":"2022-09-26T21:00:05","slug":"technologie","status":"publish","type":"page","link":"https:\/\/perlaw.ca\/fr\/expertise\/droit-des-affaires\/technologie\/","title":{"rendered":"Technologie"},"content":{"rendered":"<p>Les soci\u00e9t\u00e9s du secteur technologique doivent bouger \u00e0 la vitesse de la lumi\u00e8re. Elles ont besoin d\u2019un cabinet qui bouge tout aussi rapidement.<\/p>\n<p>Avec sa base d\u2019op\u00e9rations dans la r\u00e9gion de la capitale nationale, soit le centre canadien du secteur de la technologie toujours en croissance, Perley-Robertson, Hill &amp; McDougall a d\u00e9velopp\u00e9 et recherch\u00e9 de l\u2019expertise pour aider les soci\u00e9t\u00e9s du secteur de la technologie \u00e0 g\u00e9rer leurs probl\u00e8mes juridiques.<\/p>\n<p>Nous fournissons des conseils sp\u00e9cialis\u00e9s et des indications \u00e0 notre client\u00e8le qui \u0153uvre en conception de logiciel, en fabrication de mat\u00e9riel informatique, en technologie sans fil, en biotechnologie, en photonique, en commerce \u00e9lectronique et dans d\u2019autres champs. Nous tirons profit au besoin de nos sp\u00e9cialistes internes en droit commercial, en droit du travail et de l\u2019emploi, en droit de la propri\u00e9t\u00e9 intellectuelle, en droit fiscal et en droit de l\u2019immigration. Munis de cette expertise, nous offrons une gamme de services, notamment\u00a0:<\/p>\n<ul>\n<li>Des indications sur la protection et les litiges en mati\u00e8re de droit de propri\u00e9t\u00e9 intellectuelle<\/li>\n<li>Des strat\u00e9gies financi\u00e8res<\/li>\n<li>Du capital de risque et des placements priv\u00e9s<\/li>\n<li>Des PAPE<\/li>\n<li>Des prises de contr\u00f4le invers\u00e9<\/li>\n<li>De la planification de patrimoine et fiscale<\/li>\n<li>L\u2019octroi de licences<\/li>\n<li>Des strat\u00e9gies de structuration d\u2019entreprise<\/li>\n<li>Les conventions d\u2019actionnaires et les contrats<\/li>\n<li>Les ressources humaines et les questions li\u00e9es au travail<\/li>\n<li>L\u2019immigration des travailleurs du savoir<\/li>\n<\/ul>\n","protected":false},"excerpt":{"rendered":"<p>Les soci\u00e9t\u00e9s du secteur technologique doivent bouger \u00e0 la vitesse de la lumi\u00e8re. Elles ont besoin d\u2019un cabinet qui bouge tout aussi rapidement. Avec sa base d\u2019op\u00e9rations dans la r\u00e9gion de la capitale nationale, soit le centre canadien du secteur de la technologie toujours en croissance, Perley-Robertson, Hill &amp; McDougall a d\u00e9velopp\u00e9 et recherch\u00e9 de [&hellip;]<\/p>\n","protected":false},"author":2,"featured_media":0,"parent":4017,"menu_order":18,"comment_status":"closed","ping_status":"closed","template":"page-exp-service.php","meta":{"_acf_changed":false,"footnotes":""},"class_list":["post-4082","page","type-page","status-publish","hentry"],"acf":[],"_links":{"self":[{"href":"https:\/\/perlaw.ca\/fr\/wp-json\/wp\/v2\/pages\/4082","targetHints":{"allow":["GET"]}}],"collection":[{"href":"https:\/\/perlaw.ca\/fr\/wp-json\/wp\/v2\/pages"}],"about":[{"href":"https:\/\/perlaw.ca\/fr\/wp-json\/wp\/v2\/types\/page"}],"author":[{"embeddable":true,"href":"https:\/\/perlaw.ca\/fr\/wp-json\/wp\/v2\/users\/2"}],"replies":[{"embeddable":true,"href":"https:\/\/perlaw.ca\/fr\/wp-json\/wp\/v2\/comments?post=4082"}],"version-history":[{"count":1,"href":"https:\/\/perlaw.ca\/fr\/wp-json\/wp\/v2\/pages\/4082\/revisions"}],"predecessor-version":[{"id":4086,"href":"https:\/\/perlaw.ca\/fr\/wp-json\/wp\/v2\/pages\/4082\/revisions\/4086"}],"up":[{"embeddable":true,"href":"https:\/\/perlaw.ca\/fr\/wp-json\/wp\/v2\/pages\/4017"}],"wp:attachment":[{"href":"https:\/\/perlaw.ca\/fr\/wp-json\/wp\/v2\/media?parent=4082"}],"curies":[{"name":"wp","href":"https:\/\/api.w.org\/{rel}","templated":true}]}}