{"id":4083,"date":"2019-05-16T13:57:23","date_gmt":"2019-05-16T13:57:10","guid":{"rendered":"https:\/\/perlaw.ca\/expertise\/cannabis-law\/"},"modified":"2019-10-11T13:30:18","modified_gmt":"2019-10-11T13:30:18","slug":"cannabis","status":"publish","type":"page","link":"https:\/\/perlaw.ca\/fr\/expertise\/droit-des-affaires\/cannabis\/","title":{"rendered":"Cannabis"},"content":{"rendered":"<p>Le paysage l\u00e9gislatif entourant la Loi sur le cannabis au Canada est en train de changer et, avec lui, un nouveau domaine d&rsquo;opportunit\u00e9s \u00e9merge.<\/p>\n<p>Notre \u00e9quipe d&rsquo;experts de Perley-Robertson, Hill &amp; McDougall LLP\/s.r.l. conseille les clients de l&rsquo;industrie du cannabis depuis l&rsquo;\u00e9laboration du R\u00e8glement sur la marijuana \u00e0 des fins m\u00e9dicales en 2013, et est particuli\u00e8rement bien plac\u00e9e pour fournir \u00e0 nos clients des conseils pratiques et professionnels face \u00e0 un r\u00e9gime r\u00e9glementaire en constante \u00e9volution.<\/p>\n<p>Notre expertise et notre vaste exp\u00e9rience dans tous les aspects du droit sur le cannabis, que ce soit du point de vue des affaires, de l&#8217;emploi ou de la r\u00e9glementation, permettent \u00e0 nos clients de saisir de nouvelles opportunit\u00e9s et d&rsquo;assurer la conformit\u00e9 continue aux exigences r\u00e9glementaires.<\/p>\n<p>Que vous soyez d\u00e9j\u00e0 dans l&rsquo;industrie, que vous cherchiez \u00e0 devenir un producteur de cannabis titulaire d&rsquo;une licence, que vous cherchiez \u00e0 d\u00e9velopper votre entreprise existante ou \u00e0 obtenir des conseils sur les implications de la l\u00e9galisation prochaine du cannabis dans votre lieu de travail, Perley-Robertson, Hill &amp; McDougall sera l\u00e0 pour vous aider avec notre \u00e9quipe exp\u00e9riment\u00e9e d&rsquo;experts en droit sur le cannabis.<\/p>\n<h4>Services corporatifs<\/h4>\n<ul class=\"ul_split2\">\n<li>Constitution en soci\u00e9t\u00e9, organisation corporative, enregistrement du nom commercial<\/li>\n<li>Ententes d\u2019actionnaires et de fondateurs<\/li>\n<li>Financement<\/li>\n<li>Questions relatives aux permis et \u00e0 la r\u00e9glementation<\/li>\n<li>Questions d\u2019emploi<\/li>\n<li>Examen d\u2019ententes<\/li>\n<\/ul>\n<p><a class=\"button small\" href=\"https:\/\/perlaw.ca\/media\/Business_Law_-_Cannabis_10.pdf\" target=\"_blank\" rel=\"noopener noreferrer\">Feuillet d\u2019information en format PDF<\/a><\/p>\n<hr \/>\n<h4>Biens immobiliers et services municipaux<\/h4>\n<ul class=\"ul_split2\">\n<li>Gestion des biens<\/li>\n<li>Baux commerciaux et r\u00e9sidentiels<\/li>\n<li>Zonage<\/li>\n<li>R\u00e8glements municipaux<\/li>\n<li>Acquisition et finances<\/li>\n<\/ul>\n<hr \/>\n<h4>Services d&rsquo;immigration<\/h4>\n<ul class=\"ul_split2\">\n<li>Demandes d&rsquo;asile<\/li>\n<li>Permis de travail<\/li>\n<li>\u00c9valuation de l&rsquo;impact sur le march\u00e9 du travail<\/li>\n<li>Permis d&rsquo;\u00e9tudes<\/li>\n<li>R\u00e9sidence temporaire<\/li>\n<li>R\u00e9sidence permanente<\/li>\n<li>Citoyennet\u00e9<\/li>\n<li>Contr\u00f4le des motifs de d\u00e9tention<\/li>\n<\/ul>\n<p><a class=\"button small\" href=\"https:\/\/perlaw.ca\/media\/Cannabis_Law_fact_sheet-_Immigration.pdf\" target=\"_blank\" rel=\"noopener noreferrer\">Feuillet d\u2019information en format PDF<\/a><\/p>\n<hr \/>\n<h4>Services de propri\u00e9t\u00e9 intellectuell<\/h4>\n<ul class=\"ul_split2\">\n<li>Pr\u00e9paration et d\u00e9p\u00f4t de demandes de marques de commerce<\/li>\n<li>Litige en mati\u00e8re de marques de commerce<\/li>\n<li>Litiges relatifs aux noms de domaines<\/li>\n<li>Questions relatives \u00e0 la concession de licences de marques de commerce<\/li>\n<li>Pr\u00e9paration et d\u00e9p\u00f4t de demandes de brevets<\/li>\n<li>Poursuivre les demandes de brevet<\/li>\n<\/ul>\n<p><a class=\"button small\" href=\"https:\/\/perlaw.ca\/media\/IP_-_Cannabis.pdf\" target=\"_blank\" rel=\"noopener noreferrer\">Feuillet d\u2019information en format PDF<\/a><\/p>\n<hr \/>\n<h4>Services de contentieux<\/h4>\n<ul class=\"ul_split2\">\n<li>Percevoir les comptes en souffrance<\/li>\n<li>Litiges contractuels<\/li>\n<li>Faillite<\/li>\n<li>Litiges en mati\u00e8re d\u2019emploi<\/li>\n<li>Couverture d\u2019assurance<\/li>\n<li>D\u00e9fense en mati\u00e8re d\u2019assurance IARD (Incendies, accidents, risques divers)<\/li>\n<li>Responsabilit\u00e9 du fait des produits<\/li>\n<li>Mesures d\u2019adaptation en mati\u00e8re des droits de la personne et en milieu de travail<\/li>\n<\/ul>\n<p><a class=\"button small\" href=\"https:\/\/perlaw.ca\/media\/Employment_Law_-_Cannabis_5.pdf\" target=\"_blank\" rel=\"noopener noreferrer\">Feuillet d\u2019information en format PDF<\/a><\/p>\n<hr \/>\n<p><strong>M\u00c9DIAS: REVUE DE DROIT D\u2019OTTAWA | OTTAWA LAW REVIEW PODCAST \u2013<br \/>\nL\u00c9GALISATION DU CANNABIS AVEC MEGAN WALLACE ET JO\u00cbL DUBOIS<\/strong><br \/>\n<a href=\"https:\/\/soundcloud.com\/user-762331860\/episode-3-cannabis-legalization-with-megan-wallace-and-joel-dubois\" target=\"_blank\" rel=\"noopener noreferrer\"><img loading=\"lazy\" decoding=\"async\" src=\"https:\/\/perlaw.ca\/media\/Webp.net-resizeimage.jpg\" alt=\"\" width=\"500\" height=\"144\" \/><br \/>\nCLIQUEZ ICI POUR \u00c9COUTER L&rsquo;\u00c9PISODE COMPLET (EN ANGLAIS SEULEMENT)<\/a><\/p>\n","protected":false},"excerpt":{"rendered":"<p>Le paysage l\u00e9gislatif entourant la Loi sur le cannabis au Canada est en train de changer et, avec lui, un nouveau domaine d&rsquo;opportunit\u00e9s \u00e9merge. Notre \u00e9quipe d&rsquo;experts de Perley-Robertson, Hill &amp; McDougall LLP\/s.r.l. conseille les clients de l&rsquo;industrie du cannabis depuis l&rsquo;\u00e9laboration du R\u00e8glement sur la marijuana \u00e0 des fins m\u00e9dicales en 2013, et est [&hellip;]<\/p>\n","protected":false},"author":2,"featured_media":3793,"parent":4017,"menu_order":2,"comment_status":"closed","ping_status":"closed","template":"page-exp-service.php","meta":{"_acf_changed":false,"footnotes":""},"class_list":["post-4083","page","type-page","status-publish","has-post-thumbnail","hentry"],"acf":[],"_links":{"self":[{"href":"https:\/\/perlaw.ca\/fr\/wp-json\/wp\/v2\/pages\/4083","targetHints":{"allow":["GET"]}}],"collection":[{"href":"https:\/\/perlaw.ca\/fr\/wp-json\/wp\/v2\/pages"}],"about":[{"href":"https:\/\/perlaw.ca\/fr\/wp-json\/wp\/v2\/types\/page"}],"author":[{"embeddable":true,"href":"https:\/\/perlaw.ca\/fr\/wp-json\/wp\/v2\/users\/2"}],"replies":[{"embeddable":true,"href":"https:\/\/perlaw.ca\/fr\/wp-json\/wp\/v2\/comments?post=4083"}],"version-history":[{"count":5,"href":"https:\/\/perlaw.ca\/fr\/wp-json\/wp\/v2\/pages\/4083\/revisions"}],"predecessor-version":[{"id":4642,"href":"https:\/\/perlaw.ca\/fr\/wp-json\/wp\/v2\/pages\/4083\/revisions\/4642"}],"up":[{"embeddable":true,"href":"https:\/\/perlaw.ca\/fr\/wp-json\/wp\/v2\/pages\/4017"}],"wp:featuredmedia":[{"embeddable":true,"href":"https:\/\/perlaw.ca\/fr\/wp-json\/wp\/v2\/media\/3793"}],"wp:attachment":[{"href":"https:\/\/perlaw.ca\/fr\/wp-json\/wp\/v2\/media?parent=4083"}],"curies":[{"name":"wp","href":"https:\/\/api.w.org\/{rel}","templated":true}]}}