{"id":4084,"date":"2019-05-16T13:57:10","date_gmt":"2019-05-16T13:57:10","guid":{"rendered":"https:\/\/perlaw.ca\/expertise\/intellectual-property\/"},"modified":"2022-09-27T09:54:14","modified_gmt":"2022-09-27T13:54:14","slug":"propriete-intellectuelle","status":"publish","type":"page","link":"https:\/\/perlaw.ca\/fr\/expertise\/propriete-intellectuelle\/","title":{"rendered":"Propri\u00e9t\u00e9 intellectuelle"},"content":{"rendered":"<p>Les id\u00e9es sont des actifs. Les id\u00e9es engendrent la r\u00e9ussite commerciale. Nous prot\u00e9geons les v\u00f4tres.<\/p>\n<p>Aujourd\u2019hui, le commerce est international, rapide et \u00e9volutif. Ce qui ne change jamais chez Perley-Robertson, Hill &amp; McDougall, c\u2019est la connaissance du fait que les droits de propri\u00e9t\u00e9 intellectuelle (PI) doivent \u00eatre prot\u00e9g\u00e9s car ils constituent des actifs pr\u00e9cieux de l\u2019entreprise.<\/p>\n<p>Notre Groupe du droit de la PI peut vous aider \u00e0 \u00e9tablir, surveiller et faire respecter vos droits de PI qui sont essentiels \u00e0 la protection des biens les plus pr\u00e9cieux de votre entreprise. Vos actifs intellectuels suivent votre entreprise dans le monde, et notre \u00e9quipe fournit l\u2019expertise internationale et le r\u00e9seau de partenaires n\u00e9cessaires pour vous appuyer. Nous repr\u00e9sentons des particuliers, des entreprises en d\u00e9marrage ainsi que des soci\u00e9t\u00e9s nationales et internationales, et nous pouvons aider les entreprises et les soci\u00e9t\u00e9s de capital de risque \u00e0 \u00e9tablir la valeur de la propri\u00e9t\u00e9 intellectuelle.<\/p>\n<p>Notre cabinet offre une expertise en droit de la PI, en litige et en droit commercial. Nous fournissons une \u00e9quipe souple qui peut \u00eatre adapt\u00e9e \u00e0 vos besoins et qui peut repr\u00e9senter la client\u00e8le devant les tribunaux administratifs et judiciaires pertinents. Nous disposons d\u2019une expertise propre \u00e0 l\u2019industrie sur les plans commerciaux et techniques d\u2019un ensemble de domaines, notamment l\u2019\u00e9nergie, la biotechnologie, le g\u00e9nie, les t\u00e9l\u00e9communications et de nombreux autres domaines de haute technologie et scientifiques. Pour procurer un service global, notre groupe du droit de la PI compte \u00e9galement des agents autoris\u00e9s \u00e0 pratiquer aupr\u00e8s des bureaux canadien et am\u00e9ricain de brevets et de marques de commerce.<\/p>\n<p>En ce qui concerne les id\u00e9es innovatrices, le temps est une denr\u00e9e essentielle. Nous nous sommes engag\u00e9s \u00e0 offrir une repr\u00e9sentation efficace et abordable. B\u00e9n\u00e9ficiant de 50 ans d\u2019exp\u00e9rience, nous sommes fiers d\u2019offrir une vaste expertise dans de nombreux domaines du droit de la PI, notamment:<\/p>\n<ul>\n<li>Droits d\u2019auteur<\/li>\n<li>Enregistrement de dessins<\/li>\n<li>Droit de dessins industriels<\/li>\n<li>Topographies de circuits int\u00e9gr\u00e9s<\/li>\n<li>Octroi de licences<\/li>\n<li>Sciences de la vie<\/li>\n<li>Droit des brevets<\/li>\n<li>Droits des phytog\u00e9n\u00e9ticiens<\/li>\n<li>Droit des marques de commerce<\/li>\n<li>Secrets commerciaux<\/li>\n<li>Recherches et avis relatifs \u00e0 la validit\u00e9 et \u00e0 la contrefa\u00e7on<\/li>\n<\/ul>\n","protected":false},"excerpt":{"rendered":"<p>Les id\u00e9es sont des actifs. Les id\u00e9es engendrent la r\u00e9ussite commerciale. Nous prot\u00e9geons les v\u00f4tres. Aujourd\u2019hui, le commerce est international, rapide et \u00e9volutif. Ce qui ne change jamais chez Perley-Robertson, Hill &amp; McDougall, c\u2019est la connaissance du fait que les droits de propri\u00e9t\u00e9 intellectuelle (PI) doivent \u00eatre prot\u00e9g\u00e9s car ils constituent des actifs pr\u00e9cieux de [&hellip;]<\/p>\n","protected":false},"author":2,"featured_media":3794,"parent":4010,"menu_order":9,"comment_status":"closed","ping_status":"closed","template":"page-exp-service.php","meta":{"_acf_changed":false,"footnotes":""},"class_list":["post-4084","page","type-page","status-publish","has-post-thumbnail","hentry"],"acf":[],"_links":{"self":[{"href":"https:\/\/perlaw.ca\/fr\/wp-json\/wp\/v2\/pages\/4084","targetHints":{"allow":["GET"]}}],"collection":[{"href":"https:\/\/perlaw.ca\/fr\/wp-json\/wp\/v2\/pages"}],"about":[{"href":"https:\/\/perlaw.ca\/fr\/wp-json\/wp\/v2\/types\/page"}],"author":[{"embeddable":true,"href":"https:\/\/perlaw.ca\/fr\/wp-json\/wp\/v2\/users\/2"}],"replies":[{"embeddable":true,"href":"https:\/\/perlaw.ca\/fr\/wp-json\/wp\/v2\/comments?post=4084"}],"version-history":[{"count":2,"href":"https:\/\/perlaw.ca\/fr\/wp-json\/wp\/v2\/pages\/4084\/revisions"}],"predecessor-version":[{"id":5469,"href":"https:\/\/perlaw.ca\/fr\/wp-json\/wp\/v2\/pages\/4084\/revisions\/5469"}],"up":[{"embeddable":true,"href":"https:\/\/perlaw.ca\/fr\/wp-json\/wp\/v2\/pages\/4010"}],"wp:featuredmedia":[{"embeddable":true,"href":"https:\/\/perlaw.ca\/fr\/wp-json\/wp\/v2\/media\/3794"}],"wp:attachment":[{"href":"https:\/\/perlaw.ca\/fr\/wp-json\/wp\/v2\/media?parent=4084"}],"curies":[{"name":"wp","href":"https:\/\/api.w.org\/{rel}","templated":true}]}}