{"id":4097,"date":"2019-06-05T01:22:18","date_gmt":"2019-06-05T01:22:18","guid":{"rendered":"https:\/\/perlaw.ca\/expertise\/propriete-intellectuelle\/design-registration\/"},"modified":"2022-09-27T10:00:48","modified_gmt":"2022-09-27T14:00:48","slug":"enregistrement-de-dessin","status":"publish","type":"page","link":"https:\/\/perlaw.ca\/fr\/expertise\/propriete-intellectuelle\/enregistrement-de-dessin\/","title":{"rendered":"Enregistrement de dessin"},"content":{"rendered":"<p>Votre marque et votre r\u00e9putation constituent les actifs les plus pr\u00e9cieux de votre entreprise, et votre marque de commerce en est la repr\u00e9sentation visuelle. Les marques de commerce sont les mots, expressions ou symboles utilis\u00e9s pour identifier et distinguer des produits ou services et peuvent \u00eatre prot\u00e9g\u00e9s en vertu de la<em>\u00a0Loi sur les marques de commerce<\/em>\u00a0du Canada et d\u2019autres r\u00e9gimes juridiques internationaux.<\/p>\n<p>Le groupe du droit de la propri\u00e9t\u00e9 intellectuelle de Perley-Robertson, Hill &amp; McDougall procure un vaste \u00e9ventail de services juridiques et professionnels et des mandats relatifs au droit des marques de commerce, notamment les recherches pr\u00e9liminaires de marques de commerce contradictoires; la r\u00e9daction, les d\u00e9p\u00f4ts et les poursuites relatives aux demandes d\u2019inscription des marques de commerce ainsi que la repr\u00e9sentation dans les affaires d\u2019opposition. Nous fournissons des avis sur la possibilit\u00e9 d\u2019enregistrement de marques de commerce, la validit\u00e9, le titre et la contrefa\u00e7on et plaidons lors de litiges si n\u00e9cessaire.<\/p>\n<p>Nous veillons \u00e0 ce que notre client\u00e8le puisse tirer profit de sa r\u00e9putation acquise et de ses investissements promotionnels en prot\u00e9geant activement et en faisant respecter ses marques de commerce\u00a0\u2212 au Canada et sur la sc\u00e8ne internationale.<\/p>\n","protected":false},"excerpt":{"rendered":"<p>Votre marque et votre r\u00e9putation constituent les actifs les plus pr\u00e9cieux de votre entreprise, et votre marque de commerce en est la repr\u00e9sentation visuelle. Les marques de commerce sont les mots, expressions ou symboles utilis\u00e9s pour identifier et distinguer des produits ou services et peuvent \u00eatre prot\u00e9g\u00e9s en vertu de la\u00a0Loi sur les marques de [&hellip;]<\/p>\n","protected":false},"author":2,"featured_media":0,"parent":4084,"menu_order":2,"comment_status":"closed","ping_status":"closed","template":"page-exp-service.php","meta":{"_acf_changed":false,"footnotes":""},"class_list":["post-4097","page","type-page","status-publish","hentry"],"acf":[],"_links":{"self":[{"href":"https:\/\/perlaw.ca\/fr\/wp-json\/wp\/v2\/pages\/4097","targetHints":{"allow":["GET"]}}],"collection":[{"href":"https:\/\/perlaw.ca\/fr\/wp-json\/wp\/v2\/pages"}],"about":[{"href":"https:\/\/perlaw.ca\/fr\/wp-json\/wp\/v2\/types\/page"}],"author":[{"embeddable":true,"href":"https:\/\/perlaw.ca\/fr\/wp-json\/wp\/v2\/users\/2"}],"replies":[{"embeddable":true,"href":"https:\/\/perlaw.ca\/fr\/wp-json\/wp\/v2\/comments?post=4097"}],"version-history":[{"count":2,"href":"https:\/\/perlaw.ca\/fr\/wp-json\/wp\/v2\/pages\/4097\/revisions"}],"predecessor-version":[{"id":4101,"href":"https:\/\/perlaw.ca\/fr\/wp-json\/wp\/v2\/pages\/4097\/revisions\/4101"}],"up":[{"embeddable":true,"href":"https:\/\/perlaw.ca\/fr\/wp-json\/wp\/v2\/pages\/4084"}],"wp:attachment":[{"href":"https:\/\/perlaw.ca\/fr\/wp-json\/wp\/v2\/media?parent=4097"}],"curies":[{"name":"wp","href":"https:\/\/api.w.org\/{rel}","templated":true}]}}