{"id":4098,"date":"2019-06-05T01:24:43","date_gmt":"2019-06-05T01:24:43","guid":{"rendered":"https:\/\/perlaw.ca\/expertise\/propriete-intellectuelle\/industrial-designs\/"},"modified":"2022-09-27T10:03:17","modified_gmt":"2022-09-27T14:03:17","slug":"droit-des-dessins-industriels","status":"publish","type":"page","link":"https:\/\/perlaw.ca\/fr\/expertise\/propriete-intellectuelle\/droit-des-dessins-industriels\/","title":{"rendered":"Droit des dessins industriels"},"content":{"rendered":"<p>Le dessin industriel fait r\u00e9f\u00e9rence aux caract\u00e9ristiques esth\u00e9tiques ou visuelles qui distinguent les produits ou les marchandises et les aide \u00e0 attirer l\u2019attention des consommateurs. Des dessins industriels uniques font en sorte que des produits sont reconnaissables et peuvent contribuer \u00e0 la mise \u00e0 profit de la r\u00e9putation acquise d\u2019une marque. Les dessins industriels peuvent \u00eatre prot\u00e9g\u00e9s. Notre client\u00e8le se fie sur nous pour fournir cette protection, coordonn\u00e9e dans les r\u00e9gimes juridiques canadiens et internationaux.<\/p>\n<p>Le Groupe du droit de la propri\u00e9t\u00e9 intellectuelle de Perley-Robertson, Hill &amp; McDougall fournit un vaste \u00e9ventail de services juridiques professionnels et de mandats relativement aux dessins industriels, y compris les recherches pr\u00e9liminaires de dessins contradictoires de m\u00eame que la r\u00e9daction, le d\u00e9p\u00f4t et les poursuites relatives aux demandes de dessins industriels. Nous fournissons aussi des avis sur la possibilit\u00e9 d\u2019inscrire les dessins industriels, la validit\u00e9, le titre et la contrefa\u00e7on de m\u00eame que sur les litiges si n\u00e9cessaire.<\/p>\n","protected":false},"excerpt":{"rendered":"<p>Le dessin industriel fait r\u00e9f\u00e9rence aux caract\u00e9ristiques esth\u00e9tiques ou visuelles qui distinguent les produits ou les marchandises et les aide \u00e0 attirer l\u2019attention des consommateurs. Des dessins industriels uniques font en sorte que des produits sont reconnaissables et peuvent contribuer \u00e0 la mise \u00e0 profit de la r\u00e9putation acquise d\u2019une marque. Les dessins industriels peuvent [&hellip;]<\/p>\n","protected":false},"author":2,"featured_media":0,"parent":4084,"menu_order":3,"comment_status":"closed","ping_status":"closed","template":"page-exp-service.php","meta":{"_acf_changed":false,"footnotes":""},"class_list":["post-4098","page","type-page","status-publish","hentry"],"acf":[],"_links":{"self":[{"href":"https:\/\/perlaw.ca\/fr\/wp-json\/wp\/v2\/pages\/4098","targetHints":{"allow":["GET"]}}],"collection":[{"href":"https:\/\/perlaw.ca\/fr\/wp-json\/wp\/v2\/pages"}],"about":[{"href":"https:\/\/perlaw.ca\/fr\/wp-json\/wp\/v2\/types\/page"}],"author":[{"embeddable":true,"href":"https:\/\/perlaw.ca\/fr\/wp-json\/wp\/v2\/users\/2"}],"replies":[{"embeddable":true,"href":"https:\/\/perlaw.ca\/fr\/wp-json\/wp\/v2\/comments?post=4098"}],"version-history":[{"count":1,"href":"https:\/\/perlaw.ca\/fr\/wp-json\/wp\/v2\/pages\/4098\/revisions"}],"predecessor-version":[{"id":4102,"href":"https:\/\/perlaw.ca\/fr\/wp-json\/wp\/v2\/pages\/4098\/revisions\/4102"}],"up":[{"embeddable":true,"href":"https:\/\/perlaw.ca\/fr\/wp-json\/wp\/v2\/pages\/4084"}],"wp:attachment":[{"href":"https:\/\/perlaw.ca\/fr\/wp-json\/wp\/v2\/media?parent=4098"}],"curies":[{"name":"wp","href":"https:\/\/api.w.org\/{rel}","templated":true}]}}