{"id":4106,"date":"2019-06-05T01:42:26","date_gmt":"2019-06-05T01:42:26","guid":{"rendered":"https:\/\/perlaw.ca\/expertise\/propriete-intellectuelle\/integrated-circuit-topographies\/"},"modified":"2022-09-27T10:05:48","modified_gmt":"2022-09-27T14:05:48","slug":"topographie-de-circuits-integres","status":"publish","type":"page","link":"https:\/\/perlaw.ca\/fr\/expertise\/propriete-intellectuelle\/topographie-de-circuits-integres\/","title":{"rendered":"Topographie de circuits int\u00e9gr\u00e9s"},"content":{"rendered":"<p>Les circuits int\u00e9gr\u00e9s se situent au c\u0153ur de la technologie moderne. Ils sont essentiels pour les communications, le divertissement, la fabrication ainsi que les technologies m\u00e9dicales et spatiales et se retrouvent maintenant dans des articles aussi ordinaires que des \u00e9lectrom\u00e9nagers.<\/p>\n<p>L\u2019innovation et l\u2019efficacit\u00e9 des conceptions de circuit int\u00e9gr\u00e9 peuvent constituer l\u2019actif le plus pr\u00e9cieux d\u2019une soci\u00e9t\u00e9. Le Groupe du droit de la propri\u00e9t\u00e9 intellectuelle (PI) de Perley-Robertson, Hill &amp; McDougall procure l\u2019expertise juridique, technique et commerciale n\u00e9cessaire pour prot\u00e9ger au mieux les innovations de notre client\u00e8le au moyen du droit canadien et du droit national.<\/p>\n<p>Notre Groupe du droit de la PI donne des conseils sur la pr\u00e9paration, le d\u00e9p\u00f4t et la recherche d\u2019inscriptions de topographie de circuits int\u00e9gr\u00e9s. Nous aidons notre client\u00e8le \u00e0 innover et prot\u00e9geons ses investissements dans la recherche et la conception.<\/p>\n","protected":false},"excerpt":{"rendered":"<p>Les circuits int\u00e9gr\u00e9s se situent au c\u0153ur de la technologie moderne. Ils sont essentiels pour les communications, le divertissement, la fabrication ainsi que les technologies m\u00e9dicales et spatiales et se retrouvent maintenant dans des articles aussi ordinaires que des \u00e9lectrom\u00e9nagers. L\u2019innovation et l\u2019efficacit\u00e9 des conceptions de circuit int\u00e9gr\u00e9 peuvent constituer l\u2019actif le plus pr\u00e9cieux d\u2019une [&hellip;]<\/p>\n","protected":false},"author":2,"featured_media":0,"parent":4084,"menu_order":4,"comment_status":"closed","ping_status":"closed","template":"page-exp-service.php","meta":{"_acf_changed":false,"footnotes":""},"class_list":["post-4106","page","type-page","status-publish","hentry"],"acf":[],"_links":{"self":[{"href":"https:\/\/perlaw.ca\/fr\/wp-json\/wp\/v2\/pages\/4106","targetHints":{"allow":["GET"]}}],"collection":[{"href":"https:\/\/perlaw.ca\/fr\/wp-json\/wp\/v2\/pages"}],"about":[{"href":"https:\/\/perlaw.ca\/fr\/wp-json\/wp\/v2\/types\/page"}],"author":[{"embeddable":true,"href":"https:\/\/perlaw.ca\/fr\/wp-json\/wp\/v2\/users\/2"}],"replies":[{"embeddable":true,"href":"https:\/\/perlaw.ca\/fr\/wp-json\/wp\/v2\/comments?post=4106"}],"version-history":[{"count":1,"href":"https:\/\/perlaw.ca\/fr\/wp-json\/wp\/v2\/pages\/4106\/revisions"}],"predecessor-version":[{"id":4109,"href":"https:\/\/perlaw.ca\/fr\/wp-json\/wp\/v2\/pages\/4106\/revisions\/4109"}],"up":[{"embeddable":true,"href":"https:\/\/perlaw.ca\/fr\/wp-json\/wp\/v2\/pages\/4084"}],"wp:attachment":[{"href":"https:\/\/perlaw.ca\/fr\/wp-json\/wp\/v2\/media?parent=4106"}],"curies":[{"name":"wp","href":"https:\/\/api.w.org\/{rel}","templated":true}]}}