{"id":4107,"date":"2019-06-05T01:47:31","date_gmt":"2019-06-05T01:47:31","guid":{"rendered":"https:\/\/perlaw.ca\/expertise\/propriete-intellectuelle\/licensing\/"},"modified":"2022-09-27T10:07:04","modified_gmt":"2022-09-27T14:07:04","slug":"octroi-de-licences","status":"publish","type":"page","link":"https:\/\/perlaw.ca\/fr\/expertise\/propriete-intellectuelle\/octroi-de-licences\/","title":{"rendered":"Octroi de licences"},"content":{"rendered":"<p>L\u2019octroi de licences est une pratique commerciale qui peut servir \u00e0 \u00e9largir le march\u00e9 de produits, services ou marques par l\u2019attribution \u00e0 des tiers de droits d\u2019utilisation. \u00c0 l\u2019inverse, l\u2019octroi de licences peut permettre l\u2019\u00e9dification et la croissance d\u2019une entreprise au moyen de l\u2019adoption de produits qui ont d\u00e9j\u00e0 fait leur preuve. Gr\u00e2ce \u00e0 son expertise particuli\u00e8re en propri\u00e9t\u00e9 intellectuelle et en droit des affaires de m\u00eame qu\u2019en litige, Perley-Robertson, Hill &amp; McDougall offre \u00e0 sa client\u00e8le un soutien efficace et intelligent pour toute question d\u2019octroi de licences.<\/p>\n<p>Notre Groupe du droit de la propri\u00e9t\u00e9 intellectuelle (PI) offre une vaste gamme de services, y compris la n\u00e9gociation, la r\u00e9daction et la pr\u00e9paration de conventions de licence et de cessions de m\u00eame que des conseils sur la commercialisation de nouveaux produits et de nouvelles technologies. Nous sommes en mesure de conseiller notre client\u00e8le sur la valeur de produits uniques et de biens intellectuels de m\u00eame que sur le transfert de technologies et de secrets commerciaux.<\/p>\n<p>La PI est pr\u00e9cieuse; nos sp\u00e9cialistes peuvent contribuer \u00e0 en maximiser la valeur.<\/p>\n","protected":false},"excerpt":{"rendered":"<p>L\u2019octroi de licences est une pratique commerciale qui peut servir \u00e0 \u00e9largir le march\u00e9 de produits, services ou marques par l\u2019attribution \u00e0 des tiers de droits d\u2019utilisation. \u00c0 l\u2019inverse, l\u2019octroi de licences peut permettre l\u2019\u00e9dification et la croissance d\u2019une entreprise au moyen de l\u2019adoption de produits qui ont d\u00e9j\u00e0 fait leur preuve. Gr\u00e2ce \u00e0 son [&hellip;]<\/p>\n","protected":false},"author":2,"featured_media":0,"parent":4084,"menu_order":5,"comment_status":"closed","ping_status":"closed","template":"page-exp-service.php","meta":{"_acf_changed":false,"footnotes":""},"class_list":["post-4107","page","type-page","status-publish","hentry"],"acf":[],"_links":{"self":[{"href":"https:\/\/perlaw.ca\/fr\/wp-json\/wp\/v2\/pages\/4107","targetHints":{"allow":["GET"]}}],"collection":[{"href":"https:\/\/perlaw.ca\/fr\/wp-json\/wp\/v2\/pages"}],"about":[{"href":"https:\/\/perlaw.ca\/fr\/wp-json\/wp\/v2\/types\/page"}],"author":[{"embeddable":true,"href":"https:\/\/perlaw.ca\/fr\/wp-json\/wp\/v2\/users\/2"}],"replies":[{"embeddable":true,"href":"https:\/\/perlaw.ca\/fr\/wp-json\/wp\/v2\/comments?post=4107"}],"version-history":[{"count":1,"href":"https:\/\/perlaw.ca\/fr\/wp-json\/wp\/v2\/pages\/4107\/revisions"}],"predecessor-version":[{"id":4110,"href":"https:\/\/perlaw.ca\/fr\/wp-json\/wp\/v2\/pages\/4107\/revisions\/4110"}],"up":[{"embeddable":true,"href":"https:\/\/perlaw.ca\/fr\/wp-json\/wp\/v2\/pages\/4084"}],"wp:attachment":[{"href":"https:\/\/perlaw.ca\/fr\/wp-json\/wp\/v2\/media?parent=4107"}],"curies":[{"name":"wp","href":"https:\/\/api.w.org\/{rel}","templated":true}]}}