{"id":4108,"date":"2019-06-05T01:49:34","date_gmt":"2019-06-05T01:49:34","guid":{"rendered":"https:\/\/perlaw.ca\/expertise\/propriete-intellectuelle\/life-sciences\/"},"modified":"2022-09-27T10:09:24","modified_gmt":"2022-09-27T14:09:24","slug":"sciences-de-la-vie","status":"publish","type":"page","link":"https:\/\/perlaw.ca\/fr\/expertise\/propriete-intellectuelle\/sciences-de-la-vie\/","title":{"rendered":"Sciences de la vie"},"content":{"rendered":"<p>Apr\u00e8s le d\u00e9codage du g\u00e9nome humain, la compr\u00e9hension des dispositions l\u00e9gislatives pertinentes sont peut-\u00eatre la partie la plus complexe du travail en sciences de la vie. Nous \u00e9claircissons les choses en expliquant vos options juridiques en langage clair.<\/p>\n<p>Le secteur des sciences de la vie fait face \u00e0 un large \u00e9ventail de questions juridiques complexes et en \u00e9volution constante. Pour offrir des conseils juridiques de la plus haute qualit\u00e9 dans ce domaine, il faut une repr\u00e9sentation sp\u00e9cialis\u00e9e et personnalis\u00e9e. Chez Perley-Robertson, Hill &amp; McDougall, nous jouissons d\u2019une vaste expertise technique, juridique et commerciale dans la prestation de conseils aux soci\u00e9t\u00e9s en d\u00e9marrage, aux soci\u00e9t\u00e9s en d\u00e9veloppement et aux soci\u00e9t\u00e9s \u00e9tablies dans les secteurs de la biotechnologie, biopharmaceutique, photonique, convergence, pharmacog\u00e9nomique, agrobiotechnologie, sant\u00e9 animale et les secteurs environnementaux.<\/p>\n<p>Nous travaillons avec des institutions de recherche, y compris celles qui sont associ\u00e9es \u00e0 des h\u00f4pitaux, des organismes gouvernementaux, des universit\u00e9s, des services de recherche de soci\u00e9t\u00e9s et des bureaux de transfert de technologie de m\u00eame qu\u2019avec les milieux du capital de risque et du courtage en valeurs mobili\u00e8res.<\/p>\n<p>En constituant une \u00e9quipe pluridisciplinaire des sciences de la vie \u00e0 partir de plusieurs domaines de pratique, notamment le financement, le droit des soci\u00e9t\u00e9s, le droit commercial, les fusions et acquisitions, le droit fiscal et le litige, nous pouvons fournir indications et conseils dans une vaste gamme de domaines, notamment\u00a0:<\/p>\n<ul>\n<li>L\u2019acc\u00e8s aux subventions de recherche accord\u00e9es par les gouvernements et les organismes de financement priv\u00e9<\/li>\n<li>La propri\u00e9t\u00e9 intellectuelle, y compris le d\u00e9veloppement et l\u2019application de strat\u00e9gies de protection de propri\u00e9t\u00e9 intellectuelle, la pr\u00e9paration et le d\u00e9p\u00f4t de brevets ainsi que la gestion d\u2019un portefeuille de propri\u00e9t\u00e9 intellectuelle<\/li>\n<li>Le droit de la concurrence et le commerce international<\/li>\n<li>La conformit\u00e9 \u00e0 la r\u00e9glementation f\u00e9d\u00e9rale et provinciale<\/li>\n<li>La\u00a0<em>Loi sur les aliments et drogues<\/em><\/li>\n<li>Les ventes en ligne<\/li>\n<li>La commercialisation et le contr\u00f4le des prix<\/li>\n<li>Les politiques publiques<\/li>\n<li>La vie priv\u00e9e<\/li>\n<li>La n\u00e9gociation et la structuration d\u2019ententes de licence et d\u2019alliances strat\u00e9giques<\/li>\n<li>L\u2019exercice d\u2019activit\u00e9s de contr\u00f4le pr\u00e9alable<\/li>\n<li>La prestation de conseils strat\u00e9giques sur les questions juridiques \u00e9mergentes et la bio\u00e9thique<\/li>\n<li>La repr\u00e9sentation de soci\u00e9t\u00e9s et d\u2019investisseurs dans le cadre d\u2019op\u00e9rations de financement<\/li>\n<li>Le r\u00e8glement des diff\u00e9rends<\/li>\n<\/ul>\n","protected":false},"excerpt":{"rendered":"<p>Apr\u00e8s le d\u00e9codage du g\u00e9nome humain, la compr\u00e9hension des dispositions l\u00e9gislatives pertinentes sont peut-\u00eatre la partie la plus complexe du travail en sciences de la vie. Nous \u00e9claircissons les choses en expliquant vos options juridiques en langage clair. Le secteur des sciences de la vie fait face \u00e0 un large \u00e9ventail de questions juridiques complexes [&hellip;]<\/p>\n","protected":false},"author":2,"featured_media":0,"parent":4084,"menu_order":6,"comment_status":"closed","ping_status":"closed","template":"page-exp-service.php","meta":{"_acf_changed":false,"footnotes":""},"class_list":["post-4108","page","type-page","status-publish","hentry"],"acf":[],"_links":{"self":[{"href":"https:\/\/perlaw.ca\/fr\/wp-json\/wp\/v2\/pages\/4108","targetHints":{"allow":["GET"]}}],"collection":[{"href":"https:\/\/perlaw.ca\/fr\/wp-json\/wp\/v2\/pages"}],"about":[{"href":"https:\/\/perlaw.ca\/fr\/wp-json\/wp\/v2\/types\/page"}],"author":[{"embeddable":true,"href":"https:\/\/perlaw.ca\/fr\/wp-json\/wp\/v2\/users\/2"}],"replies":[{"embeddable":true,"href":"https:\/\/perlaw.ca\/fr\/wp-json\/wp\/v2\/comments?post=4108"}],"version-history":[{"count":1,"href":"https:\/\/perlaw.ca\/fr\/wp-json\/wp\/v2\/pages\/4108\/revisions"}],"predecessor-version":[{"id":4111,"href":"https:\/\/perlaw.ca\/fr\/wp-json\/wp\/v2\/pages\/4108\/revisions\/4111"}],"up":[{"embeddable":true,"href":"https:\/\/perlaw.ca\/fr\/wp-json\/wp\/v2\/pages\/4084"}],"wp:attachment":[{"href":"https:\/\/perlaw.ca\/fr\/wp-json\/wp\/v2\/media?parent=4108"}],"curies":[{"name":"wp","href":"https:\/\/api.w.org\/{rel}","templated":true}]}}