{"id":4117,"date":"2019-06-05T01:59:26","date_gmt":"2019-06-05T01:59:26","guid":{"rendered":"https:\/\/perlaw.ca\/expertise\/propriete-intellectuelle\/patents\/"},"modified":"2022-09-27T10:12:10","modified_gmt":"2022-09-27T14:12:10","slug":"droit-des-brevets","status":"publish","type":"page","link":"https:\/\/perlaw.ca\/fr\/expertise\/propriete-intellectuelle\/droit-des-brevets\/","title":{"rendered":"Droit des brevets"},"content":{"rendered":"<p>Aujourd\u2019hui, les affaires sont tr\u00e8s souvent une bataille d\u2019id\u00e9es et d\u2019inventions. Les id\u00e9es fleurissent lorsqu\u2019elles sont prot\u00e9g\u00e9es, de mani\u00e8re \u00e0 ce que l\u2019investissement dans la recherche-d\u00e9veloppement soit r\u00e9compens\u00e9. Le Groupe du droit de la propri\u00e9t\u00e9 intellectuelle (PI) de Perley-Robertson, Hill &amp; McDougall prot\u00e8ge les innovations et les inventions de sa client\u00e8le.<\/p>\n<p>Une protection par brevet peut \u00eatre conf\u00e9r\u00e9e \u00e0 une invention consid\u00e9r\u00e9e nouvelle, non \u00e9vidente et utile; les attributs qui les rendent pr\u00e9cieuses et uniques. Pour maximiser la protection disponible au Canada et sur la sc\u00e8ne internationale, nous vous recommandons de consulter nos sp\u00e9cialistes d\u00e8s le d\u00e9part.<\/p>\n<p>Notre Groupe du droit de la PI offre une vari\u00e9t\u00e9 de services juridiques professionnels dans le domaine des brevets et du droit des brevets, y compris des avis sur la brevetabilit\u00e9, la nouveaut\u00e9, la validit\u00e9, le titre et la contrefa\u00e7on, de m\u00eame que des services de litige en mati\u00e8re d\u2019actions en contrefa\u00e7on et en contestation de brevet. Notre \u00e9quipe a une expertise marqu\u00e9e dans un \u00e9ventail de champs techniques tout en pouvant consulter des sp\u00e9cialistes du droit des affaires et du litige. Gr\u00e2ce \u00e0 des agents autoris\u00e9s \u00e0 compara\u00eetre devant les bureaux canadien et am\u00e9ricain des brevets, nous procurons une vaste gamme de services de mandat, allant des recherches pr\u00e9liminaires de brevets contradictoires \u00e0 la r\u00e9daction, au d\u00e9p\u00f4t et \u00e0 la poursuite relatives aux demandes de brevet. Nous aidons aussi les entreprises et les soci\u00e9t\u00e9s de capital de risque \u00e0 \u00e9tablir la valeur de la propri\u00e9t\u00e9 intellectuelle.<\/p>\n","protected":false},"excerpt":{"rendered":"<p>Aujourd\u2019hui, les affaires sont tr\u00e8s souvent une bataille d\u2019id\u00e9es et d\u2019inventions. Les id\u00e9es fleurissent lorsqu\u2019elles sont prot\u00e9g\u00e9es, de mani\u00e8re \u00e0 ce que l\u2019investissement dans la recherche-d\u00e9veloppement soit r\u00e9compens\u00e9. Le Groupe du droit de la propri\u00e9t\u00e9 intellectuelle (PI) de Perley-Robertson, Hill &amp; McDougall prot\u00e8ge les innovations et les inventions de sa client\u00e8le. Une protection par brevet [&hellip;]<\/p>\n","protected":false},"author":2,"featured_media":0,"parent":4084,"menu_order":7,"comment_status":"closed","ping_status":"closed","template":"page-exp-service.php","meta":{"_acf_changed":false,"footnotes":""},"class_list":["post-4117","page","type-page","status-publish","hentry"],"acf":[],"_links":{"self":[{"href":"https:\/\/perlaw.ca\/fr\/wp-json\/wp\/v2\/pages\/4117","targetHints":{"allow":["GET"]}}],"collection":[{"href":"https:\/\/perlaw.ca\/fr\/wp-json\/wp\/v2\/pages"}],"about":[{"href":"https:\/\/perlaw.ca\/fr\/wp-json\/wp\/v2\/types\/page"}],"author":[{"embeddable":true,"href":"https:\/\/perlaw.ca\/fr\/wp-json\/wp\/v2\/users\/2"}],"replies":[{"embeddable":true,"href":"https:\/\/perlaw.ca\/fr\/wp-json\/wp\/v2\/comments?post=4117"}],"version-history":[{"count":2,"href":"https:\/\/perlaw.ca\/fr\/wp-json\/wp\/v2\/pages\/4117\/revisions"}],"predecessor-version":[{"id":4123,"href":"https:\/\/perlaw.ca\/fr\/wp-json\/wp\/v2\/pages\/4117\/revisions\/4123"}],"up":[{"embeddable":true,"href":"https:\/\/perlaw.ca\/fr\/wp-json\/wp\/v2\/pages\/4084"}],"wp:attachment":[{"href":"https:\/\/perlaw.ca\/fr\/wp-json\/wp\/v2\/media?parent=4117"}],"curies":[{"name":"wp","href":"https:\/\/api.w.org\/{rel}","templated":true}]}}