{"id":4118,"date":"2019-06-05T02:00:42","date_gmt":"2019-06-05T02:00:42","guid":{"rendered":"https:\/\/perlaw.ca\/expertise\/propriete-intellectuelle\/plant-breeders-rights\/"},"modified":"2022-09-27T10:13:59","modified_gmt":"2022-09-27T14:13:59","slug":"droits-des-phytogeneticiens","status":"publish","type":"page","link":"https:\/\/perlaw.ca\/fr\/expertise\/propriete-intellectuelle\/droits-des-phytogeneticiens\/","title":{"rendered":"Droits des phytog\u00e9n\u00e9ticiens"},"content":{"rendered":"<p>Au Canada, et dans les autres syst\u00e8mes juridiques du monde, il est possible pour les phytog\u00e9n\u00e9ticiens de prot\u00e9ger l\u00e9galement de nouvelles vari\u00e9t\u00e9s de plantes en gagnant le droit d\u2019utilisation exclusif.<\/p>\n<p>Le Groupe du droit de la propri\u00e9t\u00e9 intellectuelle de Perley-Robertson, Hill &amp; McDougall a l\u2019expertise juridique, commerciale et technique n\u00e9cessaire pour conseiller la client\u00e8le sur l\u2019organisation d\u2019\u00e9tudes sur place aux fins des demandes de droits des phytog\u00e9n\u00e9ticiens de m\u00eame que sur la pr\u00e9paration et le d\u00e9p\u00f4t de ces demandes. Avec notre \u00e9quipe de litige en propri\u00e9t\u00e9 intellectuelle, nous offrons toute la gamme de protection \u00e0 notre client\u00e8le.<\/p>\n","protected":false},"excerpt":{"rendered":"<p>Au Canada, et dans les autres syst\u00e8mes juridiques du monde, il est possible pour les phytog\u00e9n\u00e9ticiens de prot\u00e9ger l\u00e9galement de nouvelles vari\u00e9t\u00e9s de plantes en gagnant le droit d\u2019utilisation exclusif. Le Groupe du droit de la propri\u00e9t\u00e9 intellectuelle de Perley-Robertson, Hill &amp; McDougall a l\u2019expertise juridique, commerciale et technique n\u00e9cessaire pour conseiller la client\u00e8le sur [&hellip;]<\/p>\n","protected":false},"author":2,"featured_media":0,"parent":4084,"menu_order":8,"comment_status":"closed","ping_status":"closed","template":"page-exp-service.php","meta":{"_acf_changed":false,"footnotes":""},"class_list":["post-4118","page","type-page","status-publish","hentry"],"acf":[],"_links":{"self":[{"href":"https:\/\/perlaw.ca\/fr\/wp-json\/wp\/v2\/pages\/4118","targetHints":{"allow":["GET"]}}],"collection":[{"href":"https:\/\/perlaw.ca\/fr\/wp-json\/wp\/v2\/pages"}],"about":[{"href":"https:\/\/perlaw.ca\/fr\/wp-json\/wp\/v2\/types\/page"}],"author":[{"embeddable":true,"href":"https:\/\/perlaw.ca\/fr\/wp-json\/wp\/v2\/users\/2"}],"replies":[{"embeddable":true,"href":"https:\/\/perlaw.ca\/fr\/wp-json\/wp\/v2\/comments?post=4118"}],"version-history":[{"count":2,"href":"https:\/\/perlaw.ca\/fr\/wp-json\/wp\/v2\/pages\/4118\/revisions"}],"predecessor-version":[{"id":4125,"href":"https:\/\/perlaw.ca\/fr\/wp-json\/wp\/v2\/pages\/4118\/revisions\/4125"}],"up":[{"embeddable":true,"href":"https:\/\/perlaw.ca\/fr\/wp-json\/wp\/v2\/pages\/4084"}],"wp:attachment":[{"href":"https:\/\/perlaw.ca\/fr\/wp-json\/wp\/v2\/media?parent=4118"}],"curies":[{"name":"wp","href":"https:\/\/api.w.org\/{rel}","templated":true}]}}