{"id":4119,"date":"2019-06-05T02:03:49","date_gmt":"2019-06-05T02:03:49","guid":{"rendered":"https:\/\/perlaw.ca\/expertise\/propriete-intellectuelle\/trade-secrets\/"},"modified":"2022-09-27T10:15:50","modified_gmt":"2022-09-27T14:15:50","slug":"secrets-commerciaux","status":"publish","type":"page","link":"https:\/\/perlaw.ca\/fr\/expertise\/propriete-intellectuelle\/secrets-commerciaux\/","title":{"rendered":"Secrets commerciaux"},"content":{"rendered":"<p>Les secrets commerciaux sont de la propri\u00e9t\u00e9 intellectuelle qui sont prot\u00e9g\u00e9s par le secret qui entoure certains renseignements ou dessins plut\u00f4t que d\u2019\u00eatre prot\u00e9g\u00e9s par l\u2019enregistrement aupr\u00e8s des autorit\u00e9s. Les secrets commerciaux empruntent de nombreuses formes diff\u00e9rentes, de proc\u00e9d\u00e9s exclusifs complexes \u00e0 des choses plus simples, comme une liste de coordonn\u00e9es de clients. Ces renseignements peuvent \u00eatre extr\u00eamement utiles, et le Groupe du droit de la propri\u00e9t\u00e9 intellectuelle (PI) de Perley-Robertson, Hill &amp; McDougall est un chef de file dans la protection de cette valeur.<\/p>\n<p>Gr\u00e2ce \u00e0 notre expertise interne en PI et en droit des affaires de m\u00eame qu\u2019en litige, nous travaillons avec les soci\u00e9t\u00e9s pour circonscrire les secrets commerciaux, contribuer \u00e0 l\u2019\u00e9laboration de proc\u00e9dures et de mesures pour les prot\u00e9ger et donner des indications concernant la protection des secrets commerciaux par rapport \u00e0 la protection des brevets.<\/p>\n","protected":false},"excerpt":{"rendered":"<p>Les secrets commerciaux sont de la propri\u00e9t\u00e9 intellectuelle qui sont prot\u00e9g\u00e9s par le secret qui entoure certains renseignements ou dessins plut\u00f4t que d\u2019\u00eatre prot\u00e9g\u00e9s par l\u2019enregistrement aupr\u00e8s des autorit\u00e9s. Les secrets commerciaux empruntent de nombreuses formes diff\u00e9rentes, de proc\u00e9d\u00e9s exclusifs complexes \u00e0 des choses plus simples, comme une liste de coordonn\u00e9es de clients. Ces renseignements [&hellip;]<\/p>\n","protected":false},"author":2,"featured_media":0,"parent":4084,"menu_order":9,"comment_status":"closed","ping_status":"closed","template":"page-exp-service.php","meta":{"_acf_changed":false,"footnotes":""},"class_list":["post-4119","page","type-page","status-publish","hentry"],"acf":[],"_links":{"self":[{"href":"https:\/\/perlaw.ca\/fr\/wp-json\/wp\/v2\/pages\/4119","targetHints":{"allow":["GET"]}}],"collection":[{"href":"https:\/\/perlaw.ca\/fr\/wp-json\/wp\/v2\/pages"}],"about":[{"href":"https:\/\/perlaw.ca\/fr\/wp-json\/wp\/v2\/types\/page"}],"author":[{"embeddable":true,"href":"https:\/\/perlaw.ca\/fr\/wp-json\/wp\/v2\/users\/2"}],"replies":[{"embeddable":true,"href":"https:\/\/perlaw.ca\/fr\/wp-json\/wp\/v2\/comments?post=4119"}],"version-history":[{"count":1,"href":"https:\/\/perlaw.ca\/fr\/wp-json\/wp\/v2\/pages\/4119\/revisions"}],"predecessor-version":[{"id":4126,"href":"https:\/\/perlaw.ca\/fr\/wp-json\/wp\/v2\/pages\/4119\/revisions\/4126"}],"up":[{"embeddable":true,"href":"https:\/\/perlaw.ca\/fr\/wp-json\/wp\/v2\/pages\/4084"}],"wp:attachment":[{"href":"https:\/\/perlaw.ca\/fr\/wp-json\/wp\/v2\/media?parent=4119"}],"curies":[{"name":"wp","href":"https:\/\/api.w.org\/{rel}","templated":true}]}}