{"id":4121,"date":"2019-06-05T02:08:32","date_gmt":"2019-06-05T02:08:32","guid":{"rendered":"https:\/\/perlaw.ca\/expertise\/propriete-intellectuelle\/validity-infringement-searches-opinions\/"},"modified":"2022-09-27T10:20:40","modified_gmt":"2022-09-27T14:20:40","slug":"recherches-et-opinions-sur-la-validite-et-la-contrefacon","status":"publish","type":"page","link":"https:\/\/perlaw.ca\/fr\/expertise\/propriete-intellectuelle\/recherches-et-opinions-sur-la-validite-et-la-contrefacon\/","title":{"rendered":"Recherches et opinions sur la validit\u00e9 et la\u00a0contrefa\u00e7on"},"content":{"rendered":"<p>En mati\u00e8re de protection de toutes les formes de propri\u00e9t\u00e9 intellectuelle (PI), la validit\u00e9 d\u2019une all\u00e9gation d\u2019originalit\u00e9, de propri\u00e9t\u00e9 ou de cr\u00e9ation est fondamentale. Est aussi commune \u00e0 tous les secteurs de la PI l\u2019importance de la protection contre les atteintes non autoris\u00e9es \u00e0 tous droits. Ces questions n\u00e9cessitent une compr\u00e9hension du droit et des aspects techniques du domaine de travail. Le Groupe du droit de la PI de Perley-Robertson, Hill &amp; McDougall peut compter sur l\u2019expertise juridique, technique et commerciale n\u00e9cessaire pour donner des conseils sur ces questions de m\u00eame que sur les plaideurs n\u00e9cessaires pour repr\u00e9senter la client\u00e8le devant les tribunaux judiciaires et administratifs pertinents.<\/p>\n<p>Conjointement au processus d\u2019enregistrement, ou ind\u00e9pendamment de celui\u2011ci, nous effectuons des recherches et donnons des conseils sur la validit\u00e9 et la possibilit\u00e9 d\u2019enregistrement de marques de commerce et de brevets, de dessins et de dessins industriels. Nous fournissons \u00e9galement des conseils sur les contrefa\u00e7ons possibles de dessins et dessins industriels enregistr\u00e9s.<\/p>\n","protected":false},"excerpt":{"rendered":"<p>En mati\u00e8re de protection de toutes les formes de propri\u00e9t\u00e9 intellectuelle (PI), la validit\u00e9 d\u2019une all\u00e9gation d\u2019originalit\u00e9, de propri\u00e9t\u00e9 ou de cr\u00e9ation est fondamentale. Est aussi commune \u00e0 tous les secteurs de la PI l\u2019importance de la protection contre les atteintes non autoris\u00e9es \u00e0 tous droits. Ces questions n\u00e9cessitent une compr\u00e9hension du droit et des [&hellip;]<\/p>\n","protected":false},"author":2,"featured_media":0,"parent":4084,"menu_order":11,"comment_status":"closed","ping_status":"closed","template":"page-exp-service.php","meta":{"_acf_changed":false,"footnotes":""},"class_list":["post-4121","page","type-page","status-publish","hentry"],"acf":[],"_links":{"self":[{"href":"https:\/\/perlaw.ca\/fr\/wp-json\/wp\/v2\/pages\/4121","targetHints":{"allow":["GET"]}}],"collection":[{"href":"https:\/\/perlaw.ca\/fr\/wp-json\/wp\/v2\/pages"}],"about":[{"href":"https:\/\/perlaw.ca\/fr\/wp-json\/wp\/v2\/types\/page"}],"author":[{"embeddable":true,"href":"https:\/\/perlaw.ca\/fr\/wp-json\/wp\/v2\/users\/2"}],"replies":[{"embeddable":true,"href":"https:\/\/perlaw.ca\/fr\/wp-json\/wp\/v2\/comments?post=4121"}],"version-history":[{"count":1,"href":"https:\/\/perlaw.ca\/fr\/wp-json\/wp\/v2\/pages\/4121\/revisions"}],"predecessor-version":[{"id":4129,"href":"https:\/\/perlaw.ca\/fr\/wp-json\/wp\/v2\/pages\/4121\/revisions\/4129"}],"up":[{"embeddable":true,"href":"https:\/\/perlaw.ca\/fr\/wp-json\/wp\/v2\/pages\/4084"}],"wp:attachment":[{"href":"https:\/\/perlaw.ca\/fr\/wp-json\/wp\/v2\/media?parent=4121"}],"curies":[{"name":"wp","href":"https:\/\/api.w.org\/{rel}","templated":true}]}}