{"id":4136,"date":"2019-06-05T02:13:33","date_gmt":"2019-06-05T02:13:33","guid":{"rendered":"https:\/\/perlaw.ca\/expertise\/international-arbitration\/international-contracts\/"},"modified":"2019-10-01T17:37:43","modified_gmt":"2019-10-01T17:37:43","slug":"contrats-internationaux","status":"publish","type":"page","link":"https:\/\/perlaw.ca\/fr\/expertise\/arbitrage-international\/contrats-internationaux\/","title":{"rendered":"Contrats internationaux"},"content":{"rendered":"<p>L\u2019arbitrage international est le mode de r\u00e8glement des diff\u00e9rends de choix pour les op\u00e9rations commerciales internationales. Souvent, il s\u2019agit de la seule possibilit\u00e9 viable. Nous aidons notre client\u00e8le \u00e0 cerner les questions en litige et \u00e0 g\u00e9rer les risques commerciaux \u00e0 toutes les \u00e9tapes d\u2019un contrat international, \u00e0 compter de la n\u00e9gociation du contrat. Lorsqu\u2019un diff\u00e9rend se produit, nous repr\u00e9sentons notre client\u00e8le dans le cadre des n\u00e9gociations, de la m\u00e9diation, de l\u2019arbitrage ainsi que des contestations et de l\u2019ex\u00e9cution de la sentence arbitrale. Nous obtenons des r\u00e9sultats qui correspondent aux int\u00e9r\u00eats et aux objectifs de nos clients.<\/p>\n<p>Notre groupe jouit d\u2019une vaste exp\u00e9rience relative aux contrats internationaux dans de nombreux secteurs d\u2019activit\u00e9s, notamment :<\/p>\n<ul class=\"ul_split3\">\n<li>A\u00e9rospatiale<\/li>\n<li>Infrastructure<\/li>\n<li>P\u00e9trole et gaz<\/li>\n<li>Construction<\/li>\n<li>Propri\u00e9t\u00e9 intellectuelle<\/li>\n<li>\u00c9lectricit\u00e9<\/li>\n<li>Produits de consommation<\/li>\n<li>Coentreprises<\/li>\n<li>Projets<\/li>\n<li>D\u00e9fense<\/li>\n<li>Concession de licences<\/li>\n<li>Immobilier<\/li>\n<li>Ententes de distribution<\/li>\n<li>Fabrication<\/li>\n<li>Vente de marchandises<\/li>\n<li>\u00c9nergie<\/li>\n<li>Fusions et acquisitions<\/li>\n<li>Sports<\/li>\n<li>Services financiers<\/li>\n<li>Mines<\/li>\n<li>Technologie<\/li>\n<li>Fraude et corruption<\/li>\n<li>Ressources naturelles<\/li>\n<li>T\u00e9l\u00e9communications<\/li>\n<\/ul>\n<p>Peu importe le contrat, le secteur d\u2019activit\u00e9 et la loi applicable, nous nous sp\u00e9cialisons en arbitrage, en proc\u00e9dure et en plaidoirie internationaux.<\/p>\n","protected":false},"excerpt":{"rendered":"<p>L\u2019arbitrage international est le mode de r\u00e8glement des diff\u00e9rends de choix pour les op\u00e9rations commerciales internationales. Souvent, il s\u2019agit de la seule possibilit\u00e9 viable. Nous aidons notre client\u00e8le \u00e0 cerner les questions en litige et \u00e0 g\u00e9rer les risques commerciaux \u00e0 toutes les \u00e9tapes d\u2019un contrat international, \u00e0 compter de la n\u00e9gociation du contrat. Lorsqu\u2019un [&hellip;]<\/p>\n","protected":false},"author":2,"featured_media":0,"parent":4135,"menu_order":2,"comment_status":"closed","ping_status":"closed","template":"page-exp-service.php","meta":{"_acf_changed":false,"footnotes":""},"class_list":["post-4136","page","type-page","status-publish","hentry"],"acf":[],"_links":{"self":[{"href":"https:\/\/perlaw.ca\/fr\/wp-json\/wp\/v2\/pages\/4136","targetHints":{"allow":["GET"]}}],"collection":[{"href":"https:\/\/perlaw.ca\/fr\/wp-json\/wp\/v2\/pages"}],"about":[{"href":"https:\/\/perlaw.ca\/fr\/wp-json\/wp\/v2\/types\/page"}],"author":[{"embeddable":true,"href":"https:\/\/perlaw.ca\/fr\/wp-json\/wp\/v2\/users\/2"}],"replies":[{"embeddable":true,"href":"https:\/\/perlaw.ca\/fr\/wp-json\/wp\/v2\/comments?post=4136"}],"version-history":[{"count":2,"href":"https:\/\/perlaw.ca\/fr\/wp-json\/wp\/v2\/pages\/4136\/revisions"}],"predecessor-version":[{"id":4143,"href":"https:\/\/perlaw.ca\/fr\/wp-json\/wp\/v2\/pages\/4136\/revisions\/4143"}],"up":[{"embeddable":true,"href":"https:\/\/perlaw.ca\/fr\/wp-json\/wp\/v2\/pages\/4135"}],"wp:attachment":[{"href":"https:\/\/perlaw.ca\/fr\/wp-json\/wp\/v2\/media?parent=4136"}],"curies":[{"name":"wp","href":"https:\/\/api.w.org\/{rel}","templated":true}]}}