{"id":4138,"date":"2019-06-05T03:27:31","date_gmt":"2019-06-05T03:27:31","guid":{"rendered":"https:\/\/perlaw.ca\/expertise\/international-arbitration\/arbitral-institutions-and-rules\/"},"modified":"2019-10-01T17:43:22","modified_gmt":"2019-10-01T17:43:22","slug":"institutions-et-regles-darbitrage","status":"publish","type":"page","link":"https:\/\/perlaw.ca\/fr\/expertise\/arbitrage-international\/institutions-et-regles-darbitrage\/","title":{"rendered":"Institutions et r\u00e8gles d\u2019arbitrage"},"content":{"rendered":"<p>Notre groupe d\u2019arbitrage international aide notre client\u00e8le en mati\u00e8re d\u2019arbitrage institutionnel et ad hoc sous le r\u00e9gime des principales r\u00e8gles d\u2019arbitrage, notamment les r\u00e8gles de la Chambre de Commerce internationale (CCI), du International Centre for Dispute Resolution (ICDR) de l\u2019American Arbitration Association, de la London Court of International Arbitration (LCIA), de l\u2019ICSID, de la Commission des Nations Unies pour le droit commercial international (CNUDCI), de la Chambre de Commerce de Stockholm (CCS), de la Cour d\u2019arbitrage et de m\u00e9diation des Chambres suisses (r\u00e8gles suisses), du Centre international d\u2019arbitrage de la Chambre \u00e9conomique f\u00e9d\u00e9rale d\u2019Autriche (r\u00e8gles de Vienne), du Centre d\u2019arbitrage international de Hong Kong (HKIAC), du Centre d\u2019arbitrage international de Singapour (SIAC) et d\u2019ADR Chambers. Nous avons aussi de l\u2019exp\u00e9rience relativement \u00e0 d\u2019autres institutions et r\u00e8gles, y compris au Moyen-Orient, en Afrique et en Am\u00e9rique latine, de m\u00eame qu\u2019en mati\u00e8re d\u2019arbitrage ad hoc.<\/p>\n","protected":false},"excerpt":{"rendered":"<p>Notre groupe d\u2019arbitrage international aide notre client\u00e8le en mati\u00e8re d\u2019arbitrage institutionnel et ad hoc sous le r\u00e9gime des principales r\u00e8gles d\u2019arbitrage, notamment les r\u00e8gles de la Chambre de Commerce internationale (CCI), du International Centre for Dispute Resolution (ICDR) de l\u2019American Arbitration Association, de la London Court of International Arbitration (LCIA), de l\u2019ICSID, de la Commission [&hellip;]<\/p>\n","protected":false},"author":2,"featured_media":0,"parent":4135,"menu_order":0,"comment_status":"closed","ping_status":"closed","template":"page-exp-service.php","meta":{"_acf_changed":false,"footnotes":""},"class_list":["post-4138","page","type-page","status-publish","hentry"],"acf":[],"_links":{"self":[{"href":"https:\/\/perlaw.ca\/fr\/wp-json\/wp\/v2\/pages\/4138","targetHints":{"allow":["GET"]}}],"collection":[{"href":"https:\/\/perlaw.ca\/fr\/wp-json\/wp\/v2\/pages"}],"about":[{"href":"https:\/\/perlaw.ca\/fr\/wp-json\/wp\/v2\/types\/page"}],"author":[{"embeddable":true,"href":"https:\/\/perlaw.ca\/fr\/wp-json\/wp\/v2\/users\/2"}],"replies":[{"embeddable":true,"href":"https:\/\/perlaw.ca\/fr\/wp-json\/wp\/v2\/comments?post=4138"}],"version-history":[{"count":3,"href":"https:\/\/perlaw.ca\/fr\/wp-json\/wp\/v2\/pages\/4138\/revisions"}],"predecessor-version":[{"id":4148,"href":"https:\/\/perlaw.ca\/fr\/wp-json\/wp\/v2\/pages\/4138\/revisions\/4148"}],"up":[{"embeddable":true,"href":"https:\/\/perlaw.ca\/fr\/wp-json\/wp\/v2\/pages\/4135"}],"wp:attachment":[{"href":"https:\/\/perlaw.ca\/fr\/wp-json\/wp\/v2\/media?parent=4138"}],"curies":[{"name":"wp","href":"https:\/\/api.w.org\/{rel}","templated":true}]}}