{"id":4139,"date":"2019-06-05T03:28:45","date_gmt":"2019-06-05T03:28:45","guid":{"rendered":"https:\/\/perlaw.ca\/expertise\/international-arbitration\/arbitration-related-court-proceedings\/"},"modified":"2019-10-01T17:44:06","modified_gmt":"2019-10-01T17:44:06","slug":"instances-judiciaires-sur-larbitrage","status":"publish","type":"page","link":"https:\/\/perlaw.ca\/fr\/expertise\/arbitrage-international\/instances-judiciaires-sur-larbitrage\/","title":{"rendered":"Instances judiciaires sur l\u2019arbitrage"},"content":{"rendered":"<p>Notre groupe d\u2019arbitrage international repr\u00e9sente des parties dans des instances judiciaires relatives \u00e0 l\u2019arbitrage devant toutes les juridictions au Canada. Nous avons r\u00e9cemment repr\u00e9sent\u00e9 des intervenants dans d\u2019importantes affaires soumises \u00e0 la Cour supr\u00eame du Canada et \u00e0 la Cour d\u2019appel de l\u2019Ontario concernant d\u2019importantes questions d\u2019arbitrage commercial et d\u2019arbitrage entre investisseurs et \u00c9tats\u00a0:<\/p>\n<p><em>Yugraneft Corp.\u00a0c. Rexx Management Corp.<\/em>, 2010 CSC 19<\/p>\n<p><em>Seidel\u00a0c. TELUS Communications\u00a0<\/em><em>Inc.<\/em>, 2011 CSC 15<\/p>\n<p><em>The United Mexican States\u00a0c. Cargill, Incorporated<\/em>, Cour d\u2019appel de l\u2019Ontario (en d\u00e9lib\u00e9r\u00e9)<\/p>\n","protected":false},"excerpt":{"rendered":"<p>Notre groupe d\u2019arbitrage international repr\u00e9sente des parties dans des instances judiciaires relatives \u00e0 l\u2019arbitrage devant toutes les juridictions au Canada. Nous avons r\u00e9cemment repr\u00e9sent\u00e9 des intervenants dans d\u2019importantes affaires soumises \u00e0 la Cour supr\u00eame du Canada et \u00e0 la Cour d\u2019appel de l\u2019Ontario concernant d\u2019importantes questions d\u2019arbitrage commercial et d\u2019arbitrage entre investisseurs et \u00c9tats\u00a0: Yugraneft [&hellip;]<\/p>\n","protected":false},"author":2,"featured_media":0,"parent":4135,"menu_order":1,"comment_status":"closed","ping_status":"closed","template":"page-exp-service.php","meta":{"_acf_changed":false,"footnotes":""},"class_list":["post-4139","page","type-page","status-publish","hentry"],"acf":[],"_links":{"self":[{"href":"https:\/\/perlaw.ca\/fr\/wp-json\/wp\/v2\/pages\/4139","targetHints":{"allow":["GET"]}}],"collection":[{"href":"https:\/\/perlaw.ca\/fr\/wp-json\/wp\/v2\/pages"}],"about":[{"href":"https:\/\/perlaw.ca\/fr\/wp-json\/wp\/v2\/types\/page"}],"author":[{"embeddable":true,"href":"https:\/\/perlaw.ca\/fr\/wp-json\/wp\/v2\/users\/2"}],"replies":[{"embeddable":true,"href":"https:\/\/perlaw.ca\/fr\/wp-json\/wp\/v2\/comments?post=4139"}],"version-history":[{"count":2,"href":"https:\/\/perlaw.ca\/fr\/wp-json\/wp\/v2\/pages\/4139\/revisions"}],"predecessor-version":[{"id":4150,"href":"https:\/\/perlaw.ca\/fr\/wp-json\/wp\/v2\/pages\/4139\/revisions\/4150"}],"up":[{"embeddable":true,"href":"https:\/\/perlaw.ca\/fr\/wp-json\/wp\/v2\/pages\/4135"}],"wp:attachment":[{"href":"https:\/\/perlaw.ca\/fr\/wp-json\/wp\/v2\/media?parent=4139"}],"curies":[{"name":"wp","href":"https:\/\/api.w.org\/{rel}","templated":true}]}}