{"id":4156,"date":"2019-05-16T13:57:10","date_gmt":"2019-05-16T13:57:10","guid":{"rendered":"https:\/\/perlaw.ca\/expertise\/litigation\/"},"modified":"2022-09-29T15:11:37","modified_gmt":"2022-09-29T19:11:37","slug":"litige","status":"publish","type":"page","link":"https:\/\/perlaw.ca\/fr\/expertise\/litige\/","title":{"rendered":"Litige"},"content":{"rendered":"<h5>La protection des int\u00e9r\u00eats de notre client\u00e8le est l\u2019objectif de notre Groupe du litige.<\/h5>\n<p>L\u2019exp\u00e9rience nous enseigne que la meilleure fa\u00e7on de prot\u00e9ger les int\u00e9r\u00eats de notre client\u00e8le consiste \u00e0 r\u00e9gler les diff\u00e9rends rapidement et \u00e0 prix abordable.<\/p>\n<p>Chez Perley-Robertson, Hill &amp; McDougall, notre \u00e9quipe exp\u00e9riment\u00e9e de juristes plaideurs repr\u00e9sente des particuliers et des organismes en vue de r\u00e9gler les diff\u00e9rends aussi rapidement que possible et d\u2019obtenir les meilleurs r\u00e9sultats possibles pour notre client\u00e8le. Nous offrons des conseils concrets ainsi qu\u2019une repr\u00e9sentation tenace, intelligente et acharn\u00e9e afin d\u2019obtenir des r\u00e9alisations pour notre client\u00e8le. Nous nous fondons sur notre exp\u00e9rience en salle d\u2019audience, notre connaissance sp\u00e9cialis\u00e9e des lois pertinentes et de notre diligence pour comprendre les d\u00e9tails de chaque affaire et les pr\u00e9c\u00e9dents pertinents. \u00c9tant le plus important cabinet ind\u00e9pendant de la r\u00e9gion de la capitale nationale, nous offrons les ressources n\u00e9cessaires pour g\u00e9rer des affaires importantes tout en continuant de fournir des services personnalis\u00e9s et adapt\u00e9s de m\u00eame que les services des principaux juristes plaideurs.<\/p>\n<p>Fort de son exp\u00e9rience de l\u2019exercice du droit des affaires et du droit des particuliers, notre Groupe du litige fournit un soutien de la plus haute qualit\u00e9 concernant les questions de droit dans une vaste gamme de secteurs.<\/p>\n","protected":false},"excerpt":{"rendered":"<p>La protection des int\u00e9r\u00eats de notre client\u00e8le est l\u2019objectif de notre Groupe du litige. L\u2019exp\u00e9rience nous enseigne que la meilleure fa\u00e7on de prot\u00e9ger les int\u00e9r\u00eats de notre client\u00e8le consiste \u00e0 r\u00e9gler les diff\u00e9rends rapidement et \u00e0 prix abordable. Chez Perley-Robertson, Hill &amp; McDougall, notre \u00e9quipe exp\u00e9riment\u00e9e de juristes plaideurs repr\u00e9sente des particuliers et des organismes [&hellip;]<\/p>\n","protected":false},"author":2,"featured_media":3796,"parent":4010,"menu_order":3,"comment_status":"closed","ping_status":"closed","template":"page-exp-service.php","meta":{"_acf_changed":false,"footnotes":""},"class_list":["post-4156","page","type-page","status-publish","has-post-thumbnail","hentry"],"acf":[],"_links":{"self":[{"href":"https:\/\/perlaw.ca\/fr\/wp-json\/wp\/v2\/pages\/4156","targetHints":{"allow":["GET"]}}],"collection":[{"href":"https:\/\/perlaw.ca\/fr\/wp-json\/wp\/v2\/pages"}],"about":[{"href":"https:\/\/perlaw.ca\/fr\/wp-json\/wp\/v2\/types\/page"}],"author":[{"embeddable":true,"href":"https:\/\/perlaw.ca\/fr\/wp-json\/wp\/v2\/users\/2"}],"replies":[{"embeddable":true,"href":"https:\/\/perlaw.ca\/fr\/wp-json\/wp\/v2\/comments?post=4156"}],"version-history":[{"count":2,"href":"https:\/\/perlaw.ca\/fr\/wp-json\/wp\/v2\/pages\/4156\/revisions"}],"predecessor-version":[{"id":4162,"href":"https:\/\/perlaw.ca\/fr\/wp-json\/wp\/v2\/pages\/4156\/revisions\/4162"}],"up":[{"embeddable":true,"href":"https:\/\/perlaw.ca\/fr\/wp-json\/wp\/v2\/pages\/4010"}],"wp:featuredmedia":[{"embeddable":true,"href":"https:\/\/perlaw.ca\/fr\/wp-json\/wp\/v2\/media\/3796"}],"wp:attachment":[{"href":"https:\/\/perlaw.ca\/fr\/wp-json\/wp\/v2\/media?parent=4156"}],"curies":[{"name":"wp","href":"https:\/\/api.w.org\/{rel}","templated":true}]}}