{"id":4157,"date":"2019-06-05T03:36:12","date_gmt":"2019-06-05T03:36:12","guid":{"rendered":"https:\/\/perlaw.ca\/expertise\/litigation\/administrative-tribunals\/"},"modified":"2019-10-01T17:49:39","modified_gmt":"2019-10-01T17:49:39","slug":"tribunaux-administratifs","status":"publish","type":"page","link":"https:\/\/perlaw.ca\/fr\/expertise\/litige\/tribunaux-administratifs\/","title":{"rendered":"Tribunaux administratifs"},"content":{"rendered":"<p>Les tribunaux administratifs sont des organismes d\u00e9cisionnels autres que les tribunaux judiciaires, mais les questions qui leur sont soumises peuvent \u00eatre aussi importantes que celles qui sont soumises \u00e0 un tribunal judiciaire. Une bonne repr\u00e9sentation est donc essentielle. Les tribunaux administratifs ont comp\u00e9tence sur un \u00e9ventail de questions d\u2019emploi et de travail, y compris la s\u00e9curit\u00e9 au travail et les droits de la personne. Les tribunaux administratifs peuvent aussi avoir comp\u00e9tence sur des activit\u00e9s, notamment commerciales. Ainsi, l\u2019\u00e9quipe du droit administratif de Perley-Robertson, Hill &amp; McDougall peut repr\u00e9senter des particuliers, des soci\u00e9t\u00e9s commerciales, des entit\u00e9s \u00e0 but non lucratif, des associations et des syndicats.<\/p>\n<p>Les tribunaux administratifs peuvent \u00eatre des organismes constitu\u00e9s en vertu d\u2019une loi f\u00e9d\u00e9rale ou provinciale ou, dans certains cas, peuvent \u00eatre soutenus par l\u2019industrie. Chaque tribunal a ses propres r\u00e8gles de proc\u00e9dure, n\u00e9cessitant leur propre expertise pr\u00e9cise. Nos sp\u00e9cialistes en droit administratif ont de l\u2019exp\u00e9rience avec plusieurs tribunaux administratifs, ce qui est n\u00e9cessaire afin de repr\u00e9senter efficacement notre client\u00e8le dans ces forums uniques. Notre \u00e9quipe a l\u2019expertise n\u00e9cessaire pour contester les d\u00e9cisions des tribunaux administratifs devant une cour f\u00e9d\u00e9rale ou provinciale, lorsque cela s\u2019impose.<\/p>\n","protected":false},"excerpt":{"rendered":"<p>Les tribunaux administratifs sont des organismes d\u00e9cisionnels autres que les tribunaux judiciaires, mais les questions qui leur sont soumises peuvent \u00eatre aussi importantes que celles qui sont soumises \u00e0 un tribunal judiciaire. Une bonne repr\u00e9sentation est donc essentielle. Les tribunaux administratifs ont comp\u00e9tence sur un \u00e9ventail de questions d\u2019emploi et de travail, y compris la [&hellip;]<\/p>\n","protected":false},"author":2,"featured_media":0,"parent":4156,"menu_order":0,"comment_status":"closed","ping_status":"closed","template":"page-exp-service.php","meta":{"_acf_changed":false,"footnotes":""},"class_list":["post-4157","page","type-page","status-publish","hentry"],"acf":[],"_links":{"self":[{"href":"https:\/\/perlaw.ca\/fr\/wp-json\/wp\/v2\/pages\/4157","targetHints":{"allow":["GET"]}}],"collection":[{"href":"https:\/\/perlaw.ca\/fr\/wp-json\/wp\/v2\/pages"}],"about":[{"href":"https:\/\/perlaw.ca\/fr\/wp-json\/wp\/v2\/types\/page"}],"author":[{"embeddable":true,"href":"https:\/\/perlaw.ca\/fr\/wp-json\/wp\/v2\/users\/2"}],"replies":[{"embeddable":true,"href":"https:\/\/perlaw.ca\/fr\/wp-json\/wp\/v2\/comments?post=4157"}],"version-history":[{"count":1,"href":"https:\/\/perlaw.ca\/fr\/wp-json\/wp\/v2\/pages\/4157\/revisions"}],"predecessor-version":[{"id":4163,"href":"https:\/\/perlaw.ca\/fr\/wp-json\/wp\/v2\/pages\/4157\/revisions\/4163"}],"up":[{"embeddable":true,"href":"https:\/\/perlaw.ca\/fr\/wp-json\/wp\/v2\/pages\/4156"}],"wp:attachment":[{"href":"https:\/\/perlaw.ca\/fr\/wp-json\/wp\/v2\/media?parent=4157"}],"curies":[{"name":"wp","href":"https:\/\/api.w.org\/{rel}","templated":true}]}}