{"id":4175,"date":"2019-06-05T03:47:56","date_gmt":"2019-06-05T03:47:56","guid":{"rendered":"https:\/\/perlaw.ca\/expertise\/litige\/construction-law\/"},"modified":"2019-10-01T18:05:47","modified_gmt":"2019-10-01T18:05:47","slug":"construction","status":"publish","type":"page","link":"https:\/\/perlaw.ca\/fr\/expertise\/litige\/construction\/","title":{"rendered":"Droit de la construction"},"content":{"rendered":"<p>Le cabinet d\u2019avocats Perley-Robertson, Hill &amp; McDougall SENCRL compte certains des plus \u00e9minents sp\u00e9cialistes de la r\u00e9gion dans le domaine de la construction. Nous entretenons des relations de longue date avec des clients de l\u2019ensemble de l\u2019industrie de la construction, parmi lesquels des propri\u00e9taires, des gestionnaires de projet, des directeurs de la construction, des entrepreneurs principaux, des entrepreneurs g\u00e9n\u00e9raux, des sous-traitants, des institutions financi\u00e8res, ainsi que des firmes d\u2019architecture, d\u2019ing\u00e9nierie et de conception. Ces clients nous confient l\u2019\u00e9ventail complet des probl\u00e8mes auxquels ils sont confront\u00e9s.<\/p>\n<p>S\u2019appuyant sur toute l\u2019\u00e9quipe de soutien du cabinet, nos groupes des secteurs du litige, de l\u2019immobilier et de l\u2019entreprise peuvent conseiller et aider les clients tout au long du cycle des projets de construction, notamment sur les aspects suivants\u00a0:<\/p>\n<ul>\n<li>les soumissions, les appels d\u2019offres et les adjudications;<\/li>\n<li>les propositions, les approvisionnements, les demandes de propositions, les partenariats public-priv\u00e9;<\/li>\n<li>la planification et le d\u00e9veloppement;<\/li>\n<li>les ententes de financement;<\/li>\n<li>la r\u00e9glementation et les \u00e9valuations environnementales;<\/li>\n<li>les contrats de construction et de sous-traitance, y compris ceux du Comit\u00e9 canadien des documents de construction (CCDC) sur la conception-construction, le prix convenu et le contrat \u00e0 prix co\u00fbtant major\u00e9, ainsi que les contrats d\u2019architectes, d\u2019ing\u00e9nieurs et d\u2019autres consultants;<\/li>\n<li>le cautionnement de soumission, le cautionnement d\u2019ex\u00e9cution, les cautionnements de paiement de la main\u00add&rsquo;\u0153uvre et des mat\u00e9riaux, les garanties financi\u00e8res et les garanties de d\u00e9blocage des retenues;<\/li>\n<li>la n\u00e9gociation, la r\u00e9daction et l\u2019interpr\u00e9tation des contrats;<\/li>\n<li>les d\u00e9cisions en mati\u00e8re de gestion des risques;<\/li>\n<li>les privil\u00e8ges de construction et les actions sur privil\u00e8ge;<\/li>\n<li>les r\u00e9clamations devant un arbitre ou devant le tribunal pour les aspects qui pr\u00e9c\u00e8dent et pour rupture de contrat, d\u00e9faut de conception, paiement, abus de confiance, retard et r\u00e9clamation du cautionnement.<\/li>\n<\/ul>\n<p>\u00c0 titre de plus important cabinet d\u2019avocat local de la ville d\u2019Ottawa, comptant plus de 40\u00a0ann\u00e9es d\u2019exp\u00e9rience dans la r\u00e9gion de la capitale nationale, nous avons acquis une compr\u00e9hension unique de l\u2019industrie de la construction dans la r\u00e9gion et nous sommes en position id\u00e9ale pour fournir des conseils d\u2019experts pratiques et complets.<\/p>\n<p>La fondation d\u2019un immeuble va au-del\u00e0 des blocs de ciment et des pyl\u00f4nes qui en soutiennent la structure mat\u00e9rielle; elle va jusqu\u2019aux fondements juridiques. Notre capacit\u00e9 de tirer profit de l\u2019expertise de coll\u00e8gues \u0153uvrant dans d\u2019autres domaines du droit, dont le droit fiscal, le droit des contrats et le litige, fait en sorte que nous pouvons combler les besoins de notre client\u00e8le et offrir la meilleure fondation pour tout projet.<\/p>\n","protected":false},"excerpt":{"rendered":"<p>Le cabinet d\u2019avocats Perley-Robertson, Hill &amp; McDougall SENCRL compte certains des plus \u00e9minents sp\u00e9cialistes de la r\u00e9gion dans le domaine de la construction. Nous entretenons des relations de longue date avec des clients de l\u2019ensemble de l\u2019industrie de la construction, parmi lesquels des propri\u00e9taires, des gestionnaires de projet, des directeurs de la construction, des entrepreneurs [&hellip;]<\/p>\n","protected":false},"author":2,"featured_media":0,"parent":4156,"menu_order":4,"comment_status":"closed","ping_status":"closed","template":"page-exp-service.php","meta":{"_acf_changed":false,"footnotes":""},"class_list":["post-4175","page","type-page","status-publish","hentry"],"acf":[],"_links":{"self":[{"href":"https:\/\/perlaw.ca\/fr\/wp-json\/wp\/v2\/pages\/4175","targetHints":{"allow":["GET"]}}],"collection":[{"href":"https:\/\/perlaw.ca\/fr\/wp-json\/wp\/v2\/pages"}],"about":[{"href":"https:\/\/perlaw.ca\/fr\/wp-json\/wp\/v2\/types\/page"}],"author":[{"embeddable":true,"href":"https:\/\/perlaw.ca\/fr\/wp-json\/wp\/v2\/users\/2"}],"replies":[{"embeddable":true,"href":"https:\/\/perlaw.ca\/fr\/wp-json\/wp\/v2\/comments?post=4175"}],"version-history":[{"count":2,"href":"https:\/\/perlaw.ca\/fr\/wp-json\/wp\/v2\/pages\/4175\/revisions"}],"predecessor-version":[{"id":4181,"href":"https:\/\/perlaw.ca\/fr\/wp-json\/wp\/v2\/pages\/4175\/revisions\/4181"}],"up":[{"embeddable":true,"href":"https:\/\/perlaw.ca\/fr\/wp-json\/wp\/v2\/pages\/4156"}],"wp:attachment":[{"href":"https:\/\/perlaw.ca\/fr\/wp-json\/wp\/v2\/media?parent=4175"}],"curies":[{"name":"wp","href":"https:\/\/api.w.org\/{rel}","templated":true}]}}