{"id":4177,"date":"2019-06-05T03:55:17","date_gmt":"2019-06-05T03:55:17","guid":{"rendered":"https:\/\/perlaw.ca\/expertise\/litige\/defamation-law\/"},"modified":"2019-10-01T18:09:57","modified_gmt":"2019-10-01T18:09:57","slug":"droit-de-la-diffamation","status":"publish","type":"page","link":"https:\/\/perlaw.ca\/fr\/expertise\/litige\/droit-de-la-diffamation\/","title":{"rendered":"Droit de la diffamation"},"content":{"rendered":"<p>Notre \u00e9quipe d\u2019avocats plaidants poss\u00e8de une vaste exp\u00e9rience en droit de la diffamation, ayant repr\u00e9sent\u00e9 \u00e0 la fois des parties et des soci\u00e9t\u00e9s demanderesses souhaitant prot\u00e9ger leur r\u00e9putation ou se d\u00e9fendre contre des poursuites. Nous comprenons l\u2019ampleur de l\u2019enjeu lorsque votre r\u00e9putation est menac\u00e9e.<\/p>\n<p>Le droit traditionnel de la diffamation est complexe, tant sur le plan de la pr\u00e9paration d\u2019un recours, d\u2019une d\u00e9fense contre des poursuites, de la preuve exig\u00e9e que sur le plan du calcul possible des dommages et int\u00e9r\u00eats. Ces questions se sont d\u2019ailleurs grandement complexifi\u00e9es avec l\u2019arriv\u00e9e d\u2019Internet, o\u00f9 les d\u00e9clarations diffamatoires fusent de partout.<\/p>\n<p>Si une personne, un concurrent, un client ou un organe d\u2019information vous diffame oralement, en ligne, dans une publication, dans un courriel, par messagerie texte ou dans une vid\u00e9o, nous pouvons vous aider \u00e0 r\u00e9tablir votre r\u00e9putation. Notre exp\u00e9rience porte, entre autres, sur\u00a0:<\/p>\n<ul>\n<li>le libelle et la diffamation verbale;<\/li>\n<li>le droit de la diffamation dans la sph\u00e8re personnelle et commerciale;<\/li>\n<li>les affaires de diffamation sur Internet, y compris les litiges transfrontaliers et la recherche de l\u2019identit\u00e9 des personnes qui ternissent votre r\u00e9putation anonymement sur le Web;<\/li>\n<li>les exigences et les restrictions \u00e9tablies par la\u00a0<em>Loi sur la diffamation<\/em>.<\/li>\n<\/ul>\n","protected":false},"excerpt":{"rendered":"<p>Notre \u00e9quipe d\u2019avocats plaidants poss\u00e8de une vaste exp\u00e9rience en droit de la diffamation, ayant repr\u00e9sent\u00e9 \u00e0 la fois des parties et des soci\u00e9t\u00e9s demanderesses souhaitant prot\u00e9ger leur r\u00e9putation ou se d\u00e9fendre contre des poursuites. Nous comprenons l\u2019ampleur de l\u2019enjeu lorsque votre r\u00e9putation est menac\u00e9e. Le droit traditionnel de la diffamation est complexe, tant sur le [&hellip;]<\/p>\n","protected":false},"author":2,"featured_media":0,"parent":4156,"menu_order":6,"comment_status":"closed","ping_status":"closed","template":"page-exp-service.php","meta":{"_acf_changed":false,"footnotes":""},"class_list":["post-4177","page","type-page","status-publish","hentry"],"acf":[],"_links":{"self":[{"href":"https:\/\/perlaw.ca\/fr\/wp-json\/wp\/v2\/pages\/4177","targetHints":{"allow":["GET"]}}],"collection":[{"href":"https:\/\/perlaw.ca\/fr\/wp-json\/wp\/v2\/pages"}],"about":[{"href":"https:\/\/perlaw.ca\/fr\/wp-json\/wp\/v2\/types\/page"}],"author":[{"embeddable":true,"href":"https:\/\/perlaw.ca\/fr\/wp-json\/wp\/v2\/users\/2"}],"replies":[{"embeddable":true,"href":"https:\/\/perlaw.ca\/fr\/wp-json\/wp\/v2\/comments?post=4177"}],"version-history":[{"count":2,"href":"https:\/\/perlaw.ca\/fr\/wp-json\/wp\/v2\/pages\/4177\/revisions"}],"predecessor-version":[{"id":4184,"href":"https:\/\/perlaw.ca\/fr\/wp-json\/wp\/v2\/pages\/4177\/revisions\/4184"}],"up":[{"embeddable":true,"href":"https:\/\/perlaw.ca\/fr\/wp-json\/wp\/v2\/pages\/4156"}],"wp:attachment":[{"href":"https:\/\/perlaw.ca\/fr\/wp-json\/wp\/v2\/media?parent=4177"}],"curies":[{"name":"wp","href":"https:\/\/api.w.org\/{rel}","templated":true}]}}