{"id":4179,"date":"2019-06-05T03:58:35","date_gmt":"2019-06-05T03:58:35","guid":{"rendered":"https:\/\/perlaw.ca\/expertise\/litige\/estates\/"},"modified":"2019-10-01T18:12:11","modified_gmt":"2019-10-01T18:12:11","slug":"succession","status":"publish","type":"page","link":"https:\/\/perlaw.ca\/fr\/expertise\/litige\/succession\/","title":{"rendered":"Litige en succession"},"content":{"rendered":"<p>Chez Perley-Robertson, Hill &amp; McDougall, notre client\u00e8le se fie sur nous pour obtenir des conseils judicieux dans ce qui peut se r\u00e9v\u00e9ler un processus difficile et \u00e9motionnel lorsque la succession, le testament personnel ou des questions de fiducie sont contest\u00e9s. Gr\u00e2ce \u00e0 l\u2019\u00e9quipe du droit successoral offrant toute la gamme des services dans notre cabinet, notre Groupe du litige peut compter sur une expertise dans tous les domaines pour conseiller et repr\u00e9senter notre client\u00e8le de la meilleure fa\u00e7on possible. Nos buts sont simples : indiquer exactement \u00e0 notre client\u00e8le o\u00f9 elle se situe et prot\u00e9ger ses droits. Chaque situation est diff\u00e9rente. Nous prenons le temps n\u00e9cessaire pour comprendre la v\u00f4tre.<\/p>\n","protected":false},"excerpt":{"rendered":"<p>Chez Perley-Robertson, Hill &amp; McDougall, notre client\u00e8le se fie sur nous pour obtenir des conseils judicieux dans ce qui peut se r\u00e9v\u00e9ler un processus difficile et \u00e9motionnel lorsque la succession, le testament personnel ou des questions de fiducie sont contest\u00e9s. Gr\u00e2ce \u00e0 l\u2019\u00e9quipe du droit successoral offrant toute la gamme des services dans notre cabinet, [&hellip;]<\/p>\n","protected":false},"author":2,"featured_media":0,"parent":4156,"menu_order":7,"comment_status":"closed","ping_status":"closed","template":"page-exp-service.php","meta":{"_acf_changed":false,"footnotes":""},"class_list":["post-4179","page","type-page","status-publish","hentry"],"acf":[],"_links":{"self":[{"href":"https:\/\/perlaw.ca\/fr\/wp-json\/wp\/v2\/pages\/4179","targetHints":{"allow":["GET"]}}],"collection":[{"href":"https:\/\/perlaw.ca\/fr\/wp-json\/wp\/v2\/pages"}],"about":[{"href":"https:\/\/perlaw.ca\/fr\/wp-json\/wp\/v2\/types\/page"}],"author":[{"embeddable":true,"href":"https:\/\/perlaw.ca\/fr\/wp-json\/wp\/v2\/users\/2"}],"replies":[{"embeddable":true,"href":"https:\/\/perlaw.ca\/fr\/wp-json\/wp\/v2\/comments?post=4179"}],"version-history":[{"count":1,"href":"https:\/\/perlaw.ca\/fr\/wp-json\/wp\/v2\/pages\/4179\/revisions"}],"predecessor-version":[{"id":4186,"href":"https:\/\/perlaw.ca\/fr\/wp-json\/wp\/v2\/pages\/4179\/revisions\/4186"}],"up":[{"embeddable":true,"href":"https:\/\/perlaw.ca\/fr\/wp-json\/wp\/v2\/pages\/4156"}],"wp:attachment":[{"href":"https:\/\/perlaw.ca\/fr\/wp-json\/wp\/v2\/media?parent=4179"}],"curies":[{"name":"wp","href":"https:\/\/api.w.org\/{rel}","templated":true}]}}