{"id":4194,"date":"2019-06-05T03:59:34","date_gmt":"2019-06-05T03:59:34","guid":{"rendered":"https:\/\/perlaw.ca\/expertise\/litige\/immigration\/"},"modified":"2019-10-01T18:14:51","modified_gmt":"2019-10-01T18:14:51","slug":"immigration","status":"publish","type":"page","link":"https:\/\/perlaw.ca\/fr\/expertise\/litige\/immigration\/","title":{"rendered":"Litige en immigration"},"content":{"rendered":"<div class=\"main-content\">\n<p>Chez Perley-Robertson, Hill &amp; McDougall, nous fournissons aux soci\u00e9t\u00e9s clientes, aux familles et aux particuliers une repr\u00e9sentation experte couvrant toutes les solutions possibles pour les particuliers qui esp\u00e8rent faire de ce pays leur domicile. Nous sommes fiers d\u2019offrir un Groupe du droit de l\u2019immigration offrant toute la gamme des services afin de fournir de l\u2019expertise et du soutien sur tous les aspects de cette sp\u00e9cialit\u00e9 du droit. S\u2019il faut interjeter appel contre une d\u00e9cision d\u2019un tribunal ou du gouvernement, nous pouvons compter sur des juristes suffisamment chevronn\u00e9s dans la salle d\u2019audience pour faire progresser votre affaire dans le cadre d\u2019un litige en immigration. Nous comprenons l\u2019importance des affaires d\u2019immigration et vous saurez que votre affaire est entre bonnes mains.<\/p>\n<\/div>\n","protected":false},"excerpt":{"rendered":"<p>Chez Perley-Robertson, Hill &amp; McDougall, nous fournissons aux soci\u00e9t\u00e9s clientes, aux familles et aux particuliers une repr\u00e9sentation experte couvrant toutes les solutions possibles pour les particuliers qui esp\u00e8rent faire de ce pays leur domicile. Nous sommes fiers d\u2019offrir un Groupe du droit de l\u2019immigration offrant toute la gamme des services afin de fournir de l\u2019expertise [&hellip;]<\/p>\n","protected":false},"author":2,"featured_media":0,"parent":4156,"menu_order":8,"comment_status":"closed","ping_status":"closed","template":"page-exp-service.php","meta":{"_acf_changed":false,"footnotes":""},"class_list":["post-4194","page","type-page","status-publish","hentry"],"acf":[],"_links":{"self":[{"href":"https:\/\/perlaw.ca\/fr\/wp-json\/wp\/v2\/pages\/4194","targetHints":{"allow":["GET"]}}],"collection":[{"href":"https:\/\/perlaw.ca\/fr\/wp-json\/wp\/v2\/pages"}],"about":[{"href":"https:\/\/perlaw.ca\/fr\/wp-json\/wp\/v2\/types\/page"}],"author":[{"embeddable":true,"href":"https:\/\/perlaw.ca\/fr\/wp-json\/wp\/v2\/users\/2"}],"replies":[{"embeddable":true,"href":"https:\/\/perlaw.ca\/fr\/wp-json\/wp\/v2\/comments?post=4194"}],"version-history":[{"count":1,"href":"https:\/\/perlaw.ca\/fr\/wp-json\/wp\/v2\/pages\/4194\/revisions"}],"predecessor-version":[{"id":4201,"href":"https:\/\/perlaw.ca\/fr\/wp-json\/wp\/v2\/pages\/4194\/revisions\/4201"}],"up":[{"embeddable":true,"href":"https:\/\/perlaw.ca\/fr\/wp-json\/wp\/v2\/pages\/4156"}],"wp:attachment":[{"href":"https:\/\/perlaw.ca\/fr\/wp-json\/wp\/v2\/media?parent=4194"}],"curies":[{"name":"wp","href":"https:\/\/api.w.org\/{rel}","templated":true}]}}