{"id":4195,"date":"2019-06-05T04:00:47","date_gmt":"2019-06-05T04:00:47","guid":{"rendered":"https:\/\/perlaw.ca\/expertise\/litige\/insurance\/"},"modified":"2019-10-01T18:15:49","modified_gmt":"2019-10-01T18:15:49","slug":"assurance","status":"publish","type":"page","link":"https:\/\/perlaw.ca\/fr\/expertise\/litige\/assurance\/","title":{"rendered":"Litige en assurance"},"content":{"rendered":"<p>L\u2019\u00e9quipe du litige en assurance de Perley-Robertson, Hill &amp; McDougall repr\u00e9sente des soci\u00e9t\u00e9s d\u2019assurances et des demandeurs dans le cadre de diff\u00e9rends avec des soci\u00e9t\u00e9s d\u2019assurances. Les litiges en assurance peuvent porter sur la responsabilit\u00e9 professionnelle des avocats, des dirigeants, des administrateurs, des courtiers immobiliers, des agents de recherche de titres, des courtiers et des comptables. Il s\u2019agit d\u2019un domaine du droit o\u00f9 les fameuses phrases en petits caract\u00e8res peuvent effectivement \u00eatre d\u00e9terminantes tout en \u00e9tant ambigu\u00ebs. Nous offrons des \u00e9claircissements, de mani\u00e8re \u00e0 ce que vous compreniez exactement votre situation et vos droits. Nous avons notamment de l\u2019exp\u00e9rience dans les domaines suivants\u00a0:<\/p>\n<ul>\n<li>Appels<\/li>\n<li>Litiges pour cause de mauvaise foi<\/li>\n<li>Perte de marchandises<\/li>\n<li>D\u00e9fense de risques divers et de biens<\/li>\n<li>Responsabilit\u00e9 civile des entreprises<\/li>\n<li>Responsabilit\u00e9 des dirigeants et des administrateurs<\/li>\n<li>D\u00e9tournement et s\u00fbret\u00e9<\/li>\n<li>Protection d\u2019assurance<\/li>\n<li>Subrogation d\u2019assurance<\/li>\n<li>Assurance-vie, assurance-maladie et assurance-invalidit\u00e9<\/li>\n<li>Assurance maritime<\/li>\n<li>Responsabilit\u00e9 du fait des produits<\/li>\n<li>Responsabilit\u00e9 professionnelle<\/li>\n<\/ul>\n","protected":false},"excerpt":{"rendered":"<p>L\u2019\u00e9quipe du litige en assurance de Perley-Robertson, Hill &amp; McDougall repr\u00e9sente des soci\u00e9t\u00e9s d\u2019assurances et des demandeurs dans le cadre de diff\u00e9rends avec des soci\u00e9t\u00e9s d\u2019assurances. Les litiges en assurance peuvent porter sur la responsabilit\u00e9 professionnelle des avocats, des dirigeants, des administrateurs, des courtiers immobiliers, des agents de recherche de titres, des courtiers et des [&hellip;]<\/p>\n","protected":false},"author":2,"featured_media":0,"parent":4156,"menu_order":10,"comment_status":"closed","ping_status":"closed","template":"page-exp-service.php","meta":{"_acf_changed":false,"footnotes":""},"class_list":["post-4195","page","type-page","status-publish","hentry"],"acf":[],"_links":{"self":[{"href":"https:\/\/perlaw.ca\/fr\/wp-json\/wp\/v2\/pages\/4195","targetHints":{"allow":["GET"]}}],"collection":[{"href":"https:\/\/perlaw.ca\/fr\/wp-json\/wp\/v2\/pages"}],"about":[{"href":"https:\/\/perlaw.ca\/fr\/wp-json\/wp\/v2\/types\/page"}],"author":[{"embeddable":true,"href":"https:\/\/perlaw.ca\/fr\/wp-json\/wp\/v2\/users\/2"}],"replies":[{"embeddable":true,"href":"https:\/\/perlaw.ca\/fr\/wp-json\/wp\/v2\/comments?post=4195"}],"version-history":[{"count":1,"href":"https:\/\/perlaw.ca\/fr\/wp-json\/wp\/v2\/pages\/4195\/revisions"}],"predecessor-version":[{"id":4202,"href":"https:\/\/perlaw.ca\/fr\/wp-json\/wp\/v2\/pages\/4195\/revisions\/4202"}],"up":[{"embeddable":true,"href":"https:\/\/perlaw.ca\/fr\/wp-json\/wp\/v2\/pages\/4156"}],"wp:attachment":[{"href":"https:\/\/perlaw.ca\/fr\/wp-json\/wp\/v2\/media?parent=4195"}],"curies":[{"name":"wp","href":"https:\/\/api.w.org\/{rel}","templated":true}]}}