{"id":4196,"date":"2019-06-05T04:01:50","date_gmt":"2019-06-05T04:01:50","guid":{"rendered":"https:\/\/perlaw.ca\/expertise\/litige\/intellectual-property\/"},"modified":"2019-10-01T18:18:36","modified_gmt":"2019-10-01T18:18:36","slug":"propriete-intellectuelle","status":"publish","type":"page","link":"https:\/\/perlaw.ca\/fr\/expertise\/litige\/propriete-intellectuelle\/","title":{"rendered":"Litige en propri\u00e9t\u00e9 intellectuelle"},"content":{"rendered":"<p>Les id\u00e9es entra\u00eenent le succ\u00e8s en affaires. Les id\u00e9es sont des actifs. Nous prot\u00e9geons les v\u00f4tres.<\/p>\n<p>Le Groupe de propri\u00e9t\u00e9 intellectuelle (PI) offrant toute la gamme des services chez Perley-Robertson, Hill &amp; McDougall est fier de sa capacit\u00e9 de repr\u00e9senter avec succ\u00e8s la client\u00e8le en PI qui a des int\u00e9r\u00eats aussi diversifi\u00e9s que les topographies de circuits int\u00e9gr\u00e9s, les secrets commerciaux et les droits d\u2019auteur. Notre \u00e9quipe de litige en PI repr\u00e9sente des particuliers, des entreprises en d\u00e9marrage ainsi que des soci\u00e9t\u00e9s nationales et internationales devant les tribunaux administratifs et judiciaires pertinents. Vos actifs intellectuels suivent votre entreprise partout dans le monde, et notre \u00e9quipe fournit l\u2019expertise internationale et le r\u00e9seau de partenaires n\u00e9cessaires pour vous appuyer.<\/p>\n<p>Nous pouvons repr\u00e9senter la client\u00e8le dans tous les litiges en PI, y compris en mati\u00e8re de brevet, marque de commerce, licence et reproduction devant des forums nationaux et internationaux. Nous comprenons que le temps est essentiel, et nous sommes d\u00e9termin\u00e9s \u00e0 offrir une repr\u00e9sentation efficace et abordable. Notre cabinet offre une expertise en litige, en droit de la PI et en droit des affaires et peut fournir une \u00e9quipe souple et adapt\u00e9e aux besoins de notre client\u00e8le. Pour offrir des services exhaustifs, notre Groupe de PI compte aussi sur des agents autoris\u00e9s \u00e0 se pr\u00e9senter devant les bureaux canadien et am\u00e9ricain des brevets et des marques de commerce.<\/p>\n","protected":false},"excerpt":{"rendered":"<p>Les id\u00e9es entra\u00eenent le succ\u00e8s en affaires. Les id\u00e9es sont des actifs. Nous prot\u00e9geons les v\u00f4tres. Le Groupe de propri\u00e9t\u00e9 intellectuelle (PI) offrant toute la gamme des services chez Perley-Robertson, Hill &amp; McDougall est fier de sa capacit\u00e9 de repr\u00e9senter avec succ\u00e8s la client\u00e8le en PI qui a des int\u00e9r\u00eats aussi diversifi\u00e9s que les topographies [&hellip;]<\/p>\n","protected":false},"author":2,"featured_media":0,"parent":4156,"menu_order":11,"comment_status":"closed","ping_status":"closed","template":"page-exp-service.php","meta":{"_acf_changed":false,"footnotes":""},"class_list":["post-4196","page","type-page","status-publish","hentry"],"acf":[],"_links":{"self":[{"href":"https:\/\/perlaw.ca\/fr\/wp-json\/wp\/v2\/pages\/4196","targetHints":{"allow":["GET"]}}],"collection":[{"href":"https:\/\/perlaw.ca\/fr\/wp-json\/wp\/v2\/pages"}],"about":[{"href":"https:\/\/perlaw.ca\/fr\/wp-json\/wp\/v2\/types\/page"}],"author":[{"embeddable":true,"href":"https:\/\/perlaw.ca\/fr\/wp-json\/wp\/v2\/users\/2"}],"replies":[{"embeddable":true,"href":"https:\/\/perlaw.ca\/fr\/wp-json\/wp\/v2\/comments?post=4196"}],"version-history":[{"count":1,"href":"https:\/\/perlaw.ca\/fr\/wp-json\/wp\/v2\/pages\/4196\/revisions"}],"predecessor-version":[{"id":4203,"href":"https:\/\/perlaw.ca\/fr\/wp-json\/wp\/v2\/pages\/4196\/revisions\/4203"}],"up":[{"embeddable":true,"href":"https:\/\/perlaw.ca\/fr\/wp-json\/wp\/v2\/pages\/4156"}],"wp:attachment":[{"href":"https:\/\/perlaw.ca\/fr\/wp-json\/wp\/v2\/media?parent=4196"}],"curies":[{"name":"wp","href":"https:\/\/api.w.org\/{rel}","templated":true}]}}