{"id":4197,"date":"2019-06-05T04:02:34","date_gmt":"2019-06-05T04:02:34","guid":{"rendered":"https:\/\/perlaw.ca\/expertise\/litige\/labour\/"},"modified":"2019-10-01T18:20:08","modified_gmt":"2019-10-01T18:20:08","slug":"droit-du-travail","status":"publish","type":"page","link":"https:\/\/perlaw.ca\/fr\/expertise\/droit-du-travail\/","title":{"rendered":"Litige en droit du travail"},"content":{"rendered":"<p>Notre \u00e9quipe de litige en droit du travail repr\u00e9sente des clients dans le cadre de diff\u00e9rends concernant des conventions collectives. La n\u00e9gociation collective a d\u2019importantes r\u00e9percussions\u00a0: les d\u00e9tails les plus infimes peuvent faire une diff\u00e9rence \u00e0 long terme, pour le meilleur ou le pire, dans la vie de bon nombre de personnes. Nous comprenons l\u2019importance des d\u00e9tails, mais nous ne perdons jamais de vue les priorit\u00e9s propres \u00e0 chaque affaire. En raison des importantes r\u00e9percussions et de la nature personnelle de ces litiges, il est important de pouvoir compter sur des conseillers et des repr\u00e9sentants exp\u00e9riment\u00e9s qui offrent clart\u00e9 et concision. C\u2019est la marque de Perley-Robertson, Hill &amp; McDougall. Notre client\u00e8le sait que ses int\u00e9r\u00eats ne pourraient pas mieux \u00eatre d\u00e9fendus.<\/p>\n<p>L\u2019\u00e9quipe s\u2019occupe r\u00e9guli\u00e8rement de la n\u00e9gociation de conventions collectives et de griefs, d\u2019arbitrage ainsi que de litiges d\u00e9coulant du processus de n\u00e9gociation collective. Nous jouissons d\u2019une vaste exp\u00e9rience dans un grand \u00e9ventail de secteurs. Nos juristes ont comparu devant les commissions des relations de travail, les tribunaux d\u2019arbitrage et les tribunaux judiciaires de tous les niveaux.<\/p>\n","protected":false},"excerpt":{"rendered":"<p>Notre \u00e9quipe de litige en droit du travail repr\u00e9sente des clients dans le cadre de diff\u00e9rends concernant des conventions collectives. La n\u00e9gociation collective a d\u2019importantes r\u00e9percussions\u00a0: les d\u00e9tails les plus infimes peuvent faire une diff\u00e9rence \u00e0 long terme, pour le meilleur ou le pire, dans la vie de bon nombre de personnes. Nous comprenons l\u2019importance [&hellip;]<\/p>\n","protected":false},"author":2,"featured_media":0,"parent":4010,"menu_order":5,"comment_status":"closed","ping_status":"closed","template":"page-exp-service.php","meta":{"_acf_changed":false,"footnotes":""},"class_list":["post-4197","page","type-page","status-publish","hentry"],"acf":[],"_links":{"self":[{"href":"https:\/\/perlaw.ca\/fr\/wp-json\/wp\/v2\/pages\/4197","targetHints":{"allow":["GET"]}}],"collection":[{"href":"https:\/\/perlaw.ca\/fr\/wp-json\/wp\/v2\/pages"}],"about":[{"href":"https:\/\/perlaw.ca\/fr\/wp-json\/wp\/v2\/types\/page"}],"author":[{"embeddable":true,"href":"https:\/\/perlaw.ca\/fr\/wp-json\/wp\/v2\/users\/2"}],"replies":[{"embeddable":true,"href":"https:\/\/perlaw.ca\/fr\/wp-json\/wp\/v2\/comments?post=4197"}],"version-history":[{"count":1,"href":"https:\/\/perlaw.ca\/fr\/wp-json\/wp\/v2\/pages\/4197\/revisions"}],"predecessor-version":[{"id":4204,"href":"https:\/\/perlaw.ca\/fr\/wp-json\/wp\/v2\/pages\/4197\/revisions\/4204"}],"up":[{"embeddable":true,"href":"https:\/\/perlaw.ca\/fr\/wp-json\/wp\/v2\/pages\/4010"}],"wp:attachment":[{"href":"https:\/\/perlaw.ca\/fr\/wp-json\/wp\/v2\/media?parent=4197"}],"curies":[{"name":"wp","href":"https:\/\/api.w.org\/{rel}","templated":true}]}}