{"id":4198,"date":"2019-06-05T04:04:55","date_gmt":"2019-06-05T04:04:55","guid":{"rendered":"https:\/\/perlaw.ca\/expertise\/litige\/personal-injury\/"},"modified":"2019-10-01T18:22:43","modified_gmt":"2019-10-01T18:22:43","slug":"lesions-corporelles","status":"publish","type":"page","link":"https:\/\/perlaw.ca\/fr\/expertise\/litige\/lesions-corporelles\/","title":{"rendered":"Droit des l\u00e9sions corporelles"},"content":{"rendered":"<p>Le droit des l\u00e9sions corporelles s\u2019applique aux blessures ou aux d\u00e9c\u00e8s d\u00e9coulant d\u2019actes n\u00e9gligents ou intentionnels. Les victimes ou leurs familles peuvent avoir droit \u00e0 une indemnisation. Nous conseillons \u00e0 quiconque qui se trouve dans une telle situation de s\u2019adresser \u00e0 un juriste sp\u00e9cialis\u00e9 en l\u00e9sions corporelles pour \u00eatre inform\u00e9 de ses droits. Les personnes ou les entit\u00e9s de tout genre (soci\u00e9t\u00e9s, organismes gouvernementaux, associations, etc.) peuvent \u00eatre consid\u00e9r\u00e9es responsables d\u2019un accident et tenues de verser des dommages-int\u00e9r\u00eats \u00e0 la victime ou \u00e0 sa famille.<\/p>\n<p>Chez Perley-Robertson, Hill &amp; McDougall, nous travaillons avec les victimes d\u2019accident et leurs familles pour les aider \u00e0 naviguer dans le domaine complexe des litiges en l\u00e9sions corporelles. Il y a trop de genres d\u2019accidents pouvant justifier une indemnisation pour les \u00e9num\u00e9rer, mais mentionnons par exemple, les accidents d\u2019automobile, les traitements m\u00e9dicaux inappropri\u00e9s, les produits vici\u00e9s et les blessures subies au travail.<\/p>\n<p>Un bon juriste sp\u00e9cialis\u00e9 en l\u00e9sions corporelles doit pouvoir \u00e9couter sa client\u00e8le pour comprendre exactement ce qui s\u2019est pass\u00e9; communiquer \u00e0 chaque \u00e9tape de l\u2019affaire pour que la client\u00e8le puisse faire les meilleurs choix, de m\u00eame que rechercher et conna\u00eetre la jurisprudence pertinente. Il doit \u00eatre un n\u00e9gociateur comp\u00e9tent et exp\u00e9riment\u00e9 ainsi qu\u2019un repr\u00e9sentant vigoureux dans la salle d\u2019audience. Nos juristes en l\u00e9sions corporelles ont toutes ces qualit\u00e9s. Vous voulez savoir que votre affaire est entre bonnes mains. Vous le savez avec notre \u00e9quipe.<\/p>\n<p><a class=\"button\" title=\"PPI\" href=\"http:\/\/perlawpersonalinjury.com\/\" target=\"_blank\" rel=\"noopener noreferrer\">PerlawPersonalInjury.ca<\/a><\/p>\n","protected":false},"excerpt":{"rendered":"<p>Le droit des l\u00e9sions corporelles s\u2019applique aux blessures ou aux d\u00e9c\u00e8s d\u00e9coulant d\u2019actes n\u00e9gligents ou intentionnels. Les victimes ou leurs familles peuvent avoir droit \u00e0 une indemnisation. Nous conseillons \u00e0 quiconque qui se trouve dans une telle situation de s\u2019adresser \u00e0 un juriste sp\u00e9cialis\u00e9 en l\u00e9sions corporelles pour \u00eatre inform\u00e9 de ses droits. Les personnes [&hellip;]<\/p>\n","protected":false},"author":2,"featured_media":0,"parent":4156,"menu_order":12,"comment_status":"closed","ping_status":"closed","template":"page-exp-service.php","meta":{"_acf_changed":false,"footnotes":""},"class_list":["post-4198","page","type-page","status-publish","hentry"],"acf":[],"_links":{"self":[{"href":"https:\/\/perlaw.ca\/fr\/wp-json\/wp\/v2\/pages\/4198","targetHints":{"allow":["GET"]}}],"collection":[{"href":"https:\/\/perlaw.ca\/fr\/wp-json\/wp\/v2\/pages"}],"about":[{"href":"https:\/\/perlaw.ca\/fr\/wp-json\/wp\/v2\/types\/page"}],"author":[{"embeddable":true,"href":"https:\/\/perlaw.ca\/fr\/wp-json\/wp\/v2\/users\/2"}],"replies":[{"embeddable":true,"href":"https:\/\/perlaw.ca\/fr\/wp-json\/wp\/v2\/comments?post=4198"}],"version-history":[{"count":2,"href":"https:\/\/perlaw.ca\/fr\/wp-json\/wp\/v2\/pages\/4198\/revisions"}],"predecessor-version":[{"id":4206,"href":"https:\/\/perlaw.ca\/fr\/wp-json\/wp\/v2\/pages\/4198\/revisions\/4206"}],"up":[{"embeddable":true,"href":"https:\/\/perlaw.ca\/fr\/wp-json\/wp\/v2\/pages\/4156"}],"wp:attachment":[{"href":"https:\/\/perlaw.ca\/fr\/wp-json\/wp\/v2\/media?parent=4198"}],"curies":[{"name":"wp","href":"https:\/\/api.w.org\/{rel}","templated":true}]}}