{"id":4199,"date":"2019-06-05T04:07:15","date_gmt":"2019-06-05T04:07:15","guid":{"rendered":"https:\/\/perlaw.ca\/expertise\/litige\/police-law\/"},"modified":"2021-01-07T12:35:56","modified_gmt":"2021-01-07T17:35:56","slug":"droit-policier","status":"publish","type":"page","link":"https:\/\/perlaw.ca\/fr\/expertise\/litige\/droit-policier\/","title":{"rendered":"Droit policier"},"content":{"rendered":"<p>Aujourd\u2019hui, ceux qui font respecter la loi ont besoin de leur propre protection juridique.<\/p>\n<p>Chez Perley-Robertson, Hill &amp; McDougall, nous avons d\u00e9velopp\u00e9 une expertise particuli\u00e8re dans les domaines d\u2019int\u00e9r\u00eat pour les membres et la direction des services de police et leurs conseils d\u2019administration. Au cours de nos 50 ann\u00e9es en affaires, le domaine du droit policier s\u2019est complexifi\u00e9, les services de police faisant face \u00e0 un plus grand examen de la part des autorit\u00e9s civiles, des m\u00e9dias et du public en g\u00e9n\u00e9ral. Nous respectons la gravit\u00e9 et l\u2019importance des r\u00e9sultats de telles questions et croyons que seule une expertise particuli\u00e8re en droit policier peut convenablement servir notre client\u00e8le.<\/p>\n<p>Les contestations juridiques d\u00e9coulant du processus de plaintes du public, la l\u00e9gislation en droit de la personne et divers types de litiges civils demeurent des questions fondamentales, tandis que l\u2019\u00e9largissement de la responsabilit\u00e9 d\u00e9lictuelle des agents publics par les tribunaux est une source croissante de pr\u00e9occupations. Les questions de droit du travail et de l\u2019emploi sont aussi devenues plus difficiles alors que la nature du travail des agents publics et leurs relations avec la direction \u00e9volue.<\/p>\n<p>Avec des juristes et du personnel de soutien exp\u00e9riment\u00e9s travaillant dans des domaines de pratique cl\u00e9s, y compris le droit du travail et le litige, nous pouvons constituer une \u00e9quipe multidisciplinaire compos\u00e9e de professionnel(le)s exp\u00e9riment\u00e9(e)s pour g\u00e9rer les d\u00e9fis auxquels vous et votre organisation faites face.<\/p>\n<p>Nous utilisons notre exp\u00e9rience et notre expertise pour offrir conseils et indications quant \u00e0 plusieurs domaines cl\u00e9s, notamment\u00a0:<\/p>\n<ul>\n<li>La repr\u00e9sentation de la direction des services de police et la d\u00e9fense des d\u00e9cisions de la direction dans le processus de plaintes du public;<\/li>\n<li>La direction de poursuites intent\u00e9es en vertu de la partie\u00a0V de la\u00a0<em>Loi sur les services policiers<\/em>, y compris les appels interjet\u00e9s aupr\u00e8s de la Commission civile de l\u2019Ontario sur la police;<\/li>\n<li>La d\u00e9fense contre les r\u00e9clamations civiles contre des services de police et\/ou leurs membres;<\/li>\n<li>La repr\u00e9sentation de la direction des services de police aux enqu\u00eates convoqu\u00e9es en vertu de la\u00a0<em>Loi sur les coroners<\/em>;<\/li>\n<li>L\u2019interpr\u00e9tation des modifications aux lois provinciales et f\u00e9d\u00e9rales et de leur incidence sur les services policiers;<\/li>\n<li>L\u2019harmonisation des politiques et proc\u00e9dures polici\u00e8res avec les nouvelles lois;<\/li>\n<li>La repr\u00e9sentation de la direction des services de police en arbitrage de droits et\/ou d\u2019int\u00e9r\u00eats;<\/li>\n<li>La repr\u00e9sentation de la direction des services de police dans le cadre de plaintes fond\u00e9es sur les droits de la personne et des proc\u00e9dures devant la Commission des droits de la personne de l\u2019Ontario;<\/li>\n<li>La prestation de conseils et de services de repr\u00e9sentation \u00e0 la direction des services de police sur les questions et plaintes en mati\u00e8re d\u2019\u00e9quit\u00e9 en emploi.<\/li>\n<\/ul>\n","protected":false},"excerpt":{"rendered":"<p>Aujourd\u2019hui, ceux qui font respecter la loi ont besoin de leur propre protection juridique. Chez Perley-Robertson, Hill &amp; McDougall, nous avons d\u00e9velopp\u00e9 une expertise particuli\u00e8re dans les domaines d\u2019int\u00e9r\u00eat pour les membres et la direction des services de police et leurs conseils d\u2019administration. Au cours de nos 50 ann\u00e9es en affaires, le domaine du droit [&hellip;]<\/p>\n","protected":false},"author":2,"featured_media":0,"parent":4156,"menu_order":14,"comment_status":"closed","ping_status":"closed","template":"page-exp-service.php","meta":{"_acf_changed":false,"footnotes":""},"class_list":["post-4199","page","type-page","status-publish","hentry"],"acf":[],"_links":{"self":[{"href":"https:\/\/perlaw.ca\/fr\/wp-json\/wp\/v2\/pages\/4199","targetHints":{"allow":["GET"]}}],"collection":[{"href":"https:\/\/perlaw.ca\/fr\/wp-json\/wp\/v2\/pages"}],"about":[{"href":"https:\/\/perlaw.ca\/fr\/wp-json\/wp\/v2\/types\/page"}],"author":[{"embeddable":true,"href":"https:\/\/perlaw.ca\/fr\/wp-json\/wp\/v2\/users\/2"}],"replies":[{"embeddable":true,"href":"https:\/\/perlaw.ca\/fr\/wp-json\/wp\/v2\/comments?post=4199"}],"version-history":[{"count":2,"href":"https:\/\/perlaw.ca\/fr\/wp-json\/wp\/v2\/pages\/4199\/revisions"}],"predecessor-version":[{"id":5476,"href":"https:\/\/perlaw.ca\/fr\/wp-json\/wp\/v2\/pages\/4199\/revisions\/5476"}],"up":[{"embeddable":true,"href":"https:\/\/perlaw.ca\/fr\/wp-json\/wp\/v2\/pages\/4156"}],"wp:attachment":[{"href":"https:\/\/perlaw.ca\/fr\/wp-json\/wp\/v2\/media?parent=4199"}],"curies":[{"name":"wp","href":"https:\/\/api.w.org\/{rel}","templated":true}]}}