{"id":4200,"date":"2019-06-05T04:08:48","date_gmt":"2019-06-05T04:08:48","guid":{"rendered":"https:\/\/perlaw.ca\/expertise\/litige\/tax\/"},"modified":"2019-10-01T18:25:26","modified_gmt":"2019-10-01T18:25:26","slug":"fiscalite","status":"publish","type":"page","link":"https:\/\/perlaw.ca\/fr\/expertise\/litige\/fiscalite\/","title":{"rendered":"Litige en fiscalit\u00e9"},"content":{"rendered":"<p>L\u2019\u00e9quipe des litiges en fiscalit\u00e9 de Perley-Robertson, Hill &amp; McDougall repr\u00e9sente des personnes physiques et morales qui ont des diff\u00e9rends avec l\u2019Agence du revenu du Canada et le minist\u00e8re des Finances de l\u2019Ontario. \u00catre partie \u00e0 un diff\u00e9rend fiscal est un exercice \u00e9prouvant, et il peut \u00eatre impossible de tenir compte de toutes les dispositions l\u00e9gislatives et r\u00e9glementaires applicables se trouvant dans l\u2019oc\u00e9an des dispositions fiscales. Il est inutile et inefficace d\u2019agir sans les meilleurs renseignements. Nos sp\u00e9cialistes \u00e9clairciront le contexte juridique de votre affaire. Les litiges en fiscalit\u00e9 n\u00e9cessitent la compr\u00e9hension la plus fine du r\u00e9gime en constante \u00e9volution des dispositions l\u00e9gislatives fiscales provinciales et f\u00e9d\u00e9rales de m\u00eame que l\u2019exp\u00e9rience de la salle d\u2019audience et l\u2019art de mener un litige. Notre \u00e9quipe fournit une repr\u00e9sentation exemplaire. Nous comprenons que le r\u00e8glement efficace et abordable des diff\u00e9rends fiscaux rel\u00e8ve de la plus haute priorit\u00e9.<\/p>\n<p>Nos juristes jouissent d\u2019une vaste exp\u00e9rience des plaidoiries devant la Cour canadienne de l\u2019imp\u00f4t, la Cour f\u00e9d\u00e9rale du Canada et la Cour sup\u00e9rieure de justice. Notre Groupe du droit fiscal offrant toute la gamme des services, a de l\u2019expertise sur toutes les questions fiscales.<\/p>\n","protected":false},"excerpt":{"rendered":"<p>L\u2019\u00e9quipe des litiges en fiscalit\u00e9 de Perley-Robertson, Hill &amp; McDougall repr\u00e9sente des personnes physiques et morales qui ont des diff\u00e9rends avec l\u2019Agence du revenu du Canada et le minist\u00e8re des Finances de l\u2019Ontario. \u00catre partie \u00e0 un diff\u00e9rend fiscal est un exercice \u00e9prouvant, et il peut \u00eatre impossible de tenir compte de toutes les dispositions [&hellip;]<\/p>\n","protected":false},"author":2,"featured_media":0,"parent":4156,"menu_order":15,"comment_status":"closed","ping_status":"closed","template":"page-exp-service.php","meta":{"_acf_changed":false,"footnotes":""},"class_list":["post-4200","page","type-page","status-publish","hentry"],"acf":[],"_links":{"self":[{"href":"https:\/\/perlaw.ca\/fr\/wp-json\/wp\/v2\/pages\/4200","targetHints":{"allow":["GET"]}}],"collection":[{"href":"https:\/\/perlaw.ca\/fr\/wp-json\/wp\/v2\/pages"}],"about":[{"href":"https:\/\/perlaw.ca\/fr\/wp-json\/wp\/v2\/types\/page"}],"author":[{"embeddable":true,"href":"https:\/\/perlaw.ca\/fr\/wp-json\/wp\/v2\/users\/2"}],"replies":[{"embeddable":true,"href":"https:\/\/perlaw.ca\/fr\/wp-json\/wp\/v2\/comments?post=4200"}],"version-history":[{"count":2,"href":"https:\/\/perlaw.ca\/fr\/wp-json\/wp\/v2\/pages\/4200\/revisions"}],"predecessor-version":[{"id":4209,"href":"https:\/\/perlaw.ca\/fr\/wp-json\/wp\/v2\/pages\/4200\/revisions\/4209"}],"up":[{"embeddable":true,"href":"https:\/\/perlaw.ca\/fr\/wp-json\/wp\/v2\/pages\/4156"}],"wp:attachment":[{"href":"https:\/\/perlaw.ca\/fr\/wp-json\/wp\/v2\/media?parent=4200"}],"curies":[{"name":"wp","href":"https:\/\/api.w.org\/{rel}","templated":true}]}}