{"id":4219,"date":"2019-06-05T12:28:45","date_gmt":"2019-06-05T12:28:45","guid":{"rendered":"https:\/\/perlaw.ca\/expertise\/personal-legal-needs\/estate-planning-administration\/"},"modified":"2022-09-27T10:44:53","modified_gmt":"2022-09-27T14:44:53","slug":"planification-et-administration-successorales","status":"publish","type":"page","link":"https:\/\/perlaw.ca\/fr\/expertise\/planification-et-administration-successorales\/","title":{"rendered":"Planification et administration successorales"},"content":{"rendered":"<p>Il y a peu de choses plus importantes pour la tranquillit\u00e9 d\u2019esprit que de savoir qu\u2019on s\u2019occupera de vos personnes \u00e0 charge et que vos biens seront convenablement transf\u00e9r\u00e9s apr\u00e8s votre d\u00e9c\u00e8s. Chez Perley-Robertson, Hill &amp; McDougall, notre client\u00e8le d\u00e9pend de nous pour b\u00e9n\u00e9ficier de conseils judicieux dans ce qui peut se r\u00e9v\u00e9ler un processus difficile et \u00e9motionnel. Une bonne planification successorale \u00e9limine l\u2019incertitude quant \u00e0 la gestion et au transfert d\u2019une succession. Avec une gestion successorale saine, une bonne planification peut contribuer \u00e0 maximiser la valeur de la succession en minimisant les imp\u00f4ts et d\u2019autres d\u00e9penses.<\/p>\n<p>Travaillant en \u00e9troite collaboration avec nos juristes des autres domaines de pratique, notamment la fiscalit\u00e9, nous procurons \u00e0 notre client\u00e8le toute la gamme des services successoraux \u2013 notamment les testaments, les procurations, les fiducies, la planification successorale des entreprises, les dons \u00e0 des organismes de bienfaisance et la planification de la fin de la vie ou des fun\u00e9railles. Nous conseillons et aidons nos juristes plaidants dans le cadre de diff\u00e9rends li\u00e9s aux successions et aux fiducies, notamment sur l\u2019interpr\u00e9tation des testaments et des actes de fiducie. Nous avons aussi de l\u2019exp\u00e9rience dans la constitution, l\u2019inscription et le fonctionnement des fiducies, des organismes de bienfaisance et des fondations.<\/p>\n","protected":false},"excerpt":{"rendered":"<p>Il y a peu de choses plus importantes pour la tranquillit\u00e9 d\u2019esprit que de savoir qu\u2019on s\u2019occupera de vos personnes \u00e0 charge et que vos biens seront convenablement transf\u00e9r\u00e9s apr\u00e8s votre d\u00e9c\u00e8s. Chez Perley-Robertson, Hill &amp; McDougall, notre client\u00e8le d\u00e9pend de nous pour b\u00e9n\u00e9ficier de conseils judicieux dans ce qui peut se r\u00e9v\u00e9ler un processus [&hellip;]<\/p>\n","protected":false},"author":2,"featured_media":0,"parent":4010,"menu_order":12,"comment_status":"closed","ping_status":"closed","template":"page-exp-service.php","meta":{"_acf_changed":false,"footnotes":""},"class_list":["post-4219","page","type-page","status-publish","hentry"],"acf":[],"_links":{"self":[{"href":"https:\/\/perlaw.ca\/fr\/wp-json\/wp\/v2\/pages\/4219","targetHints":{"allow":["GET"]}}],"collection":[{"href":"https:\/\/perlaw.ca\/fr\/wp-json\/wp\/v2\/pages"}],"about":[{"href":"https:\/\/perlaw.ca\/fr\/wp-json\/wp\/v2\/types\/page"}],"author":[{"embeddable":true,"href":"https:\/\/perlaw.ca\/fr\/wp-json\/wp\/v2\/users\/2"}],"replies":[{"embeddable":true,"href":"https:\/\/perlaw.ca\/fr\/wp-json\/wp\/v2\/comments?post=4219"}],"version-history":[{"count":3,"href":"https:\/\/perlaw.ca\/fr\/wp-json\/wp\/v2\/pages\/4219\/revisions"}],"predecessor-version":[{"id":6462,"href":"https:\/\/perlaw.ca\/fr\/wp-json\/wp\/v2\/pages\/4219\/revisions\/6462"}],"up":[{"embeddable":true,"href":"https:\/\/perlaw.ca\/fr\/wp-json\/wp\/v2\/pages\/4010"}],"wp:attachment":[{"href":"https:\/\/perlaw.ca\/fr\/wp-json\/wp\/v2\/media?parent=4219"}],"curies":[{"name":"wp","href":"https:\/\/api.w.org\/{rel}","templated":true}]}}