{"id":4220,"date":"2019-06-05T12:30:11","date_gmt":"2019-06-05T12:30:11","guid":{"rendered":"https:\/\/perlaw.ca\/expertise\/personal-legal-needs\/family\/"},"modified":"2022-09-27T10:46:47","modified_gmt":"2022-09-27T14:46:47","slug":"famille","status":"publish","type":"page","link":"https:\/\/perlaw.ca\/fr\/expertise\/famille\/","title":{"rendered":"Droit de la famille"},"content":{"rendered":"<p>Il n\u2019y a pas d\u2019activit\u00e9 juridique plus difficile et \u00e9motionnelle que le traitement des probl\u00e8mes familiaux. Chez Perley-Robertson, Hill &amp; McDougall, nos juristes \u00e9valuent clairement et de fa\u00e7on responsable votre probl\u00e8me et vous offrent une repr\u00e9sentation sur laquelle vous pouvez vous fier. Traiter efficacement de questions complexes de droit de la famille n\u00e9cessite la capacit\u00e9 d\u2019\u00e9couter et de comprendre vos besoins et vos buts de m\u00eame que de vous d\u00e9fendre et n\u00e9gocier en votre nom avec comp\u00e9tence. Depuis 50 ans, nos juristes en droit de la famille traitent de questions familiales et personnelles complexes avec discr\u00e9tion et efficacit\u00e9, sans exception.<\/p>\n<p>Notre \u00e9quipe peut vous aider dans tout domaine du droit de la famille, y compris les contrats de mariage et de cohabitation, la s\u00e9paration et le divorce, la garde et les droits de visite, l\u2019adoption, la pension alimentaire pour enfants et au conjoint, le partage des biens, le partage des r\u00e9gimes de retraite, les conseils fiscaux ainsi que la m\u00e9diation et le r\u00e8glement des diff\u00e9rends. Cela ressemble \u00e0 de la terminologie juridique, mais il s\u2019agit de situations tr\u00e8s r\u00e9elles pour vous et votre famille. Vous avez besoin de la meilleure repr\u00e9sentation pour \u00e9tablir des conditions qui vous satisfassent. Nos sp\u00e9cialistes vous accompagneront jusqu\u2019au r\u00e8glement de vos probl\u00e8mes, de la consultation et des conseils initiaux aux n\u00e9gociations et \u00e0 tous les niveaux d\u2019arbitrage, de m\u00e9diation ou de proc\u00e9dures judiciaires (y compris les conf\u00e9rences pr\u00e9paratoires, les conf\u00e9rences de r\u00e8glement, les conf\u00e9rences de gestion de l\u2019instance, les motions, les proc\u00e8s et les appels).<\/p>\n","protected":false},"excerpt":{"rendered":"<p>Il n\u2019y a pas d\u2019activit\u00e9 juridique plus difficile et \u00e9motionnelle que le traitement des probl\u00e8mes familiaux. Chez Perley-Robertson, Hill &amp; McDougall, nos juristes \u00e9valuent clairement et de fa\u00e7on responsable votre probl\u00e8me et vous offrent une repr\u00e9sentation sur laquelle vous pouvez vous fier. Traiter efficacement de questions complexes de droit de la famille n\u00e9cessite la capacit\u00e9 [&hellip;]<\/p>\n","protected":false},"author":2,"featured_media":0,"parent":4010,"menu_order":6,"comment_status":"closed","ping_status":"closed","template":"page-exp-service.php","meta":{"_acf_changed":false,"footnotes":""},"class_list":["post-4220","page","type-page","status-publish","hentry"],"acf":[],"_links":{"self":[{"href":"https:\/\/perlaw.ca\/fr\/wp-json\/wp\/v2\/pages\/4220","targetHints":{"allow":["GET"]}}],"collection":[{"href":"https:\/\/perlaw.ca\/fr\/wp-json\/wp\/v2\/pages"}],"about":[{"href":"https:\/\/perlaw.ca\/fr\/wp-json\/wp\/v2\/types\/page"}],"author":[{"embeddable":true,"href":"https:\/\/perlaw.ca\/fr\/wp-json\/wp\/v2\/users\/2"}],"replies":[{"embeddable":true,"href":"https:\/\/perlaw.ca\/fr\/wp-json\/wp\/v2\/comments?post=4220"}],"version-history":[{"count":3,"href":"https:\/\/perlaw.ca\/fr\/wp-json\/wp\/v2\/pages\/4220\/revisions"}],"predecessor-version":[{"id":5471,"href":"https:\/\/perlaw.ca\/fr\/wp-json\/wp\/v2\/pages\/4220\/revisions\/5471"}],"up":[{"embeddable":true,"href":"https:\/\/perlaw.ca\/fr\/wp-json\/wp\/v2\/pages\/4010"}],"wp:attachment":[{"href":"https:\/\/perlaw.ca\/fr\/wp-json\/wp\/v2\/media?parent=4220"}],"curies":[{"name":"wp","href":"https:\/\/api.w.org\/{rel}","templated":true}]}}