{"id":4221,"date":"2019-06-05T12:30:40","date_gmt":"2019-06-05T12:30:40","guid":{"rendered":"https:\/\/perlaw.ca\/expertise\/personal-legal-needs\/immigration\/"},"modified":"2022-09-27T11:29:04","modified_gmt":"2022-09-27T15:29:04","slug":"immigration","status":"publish","type":"page","link":"https:\/\/perlaw.ca\/fr\/expertise\/immigration\/","title":{"rendered":"Droit de l\u2019immigration"},"content":{"rendered":"<p>Chez Perley-Robertson, Hill &amp; McDougall, nous aidons \u00e0 amener des gens au Canada.<\/p>\n<p>Notre groupe du droit de l\u2019immigration fournit des conseils juridiques sp\u00e9cialis\u00e9s aux soci\u00e9t\u00e9s clientes, aux familles et aux particuliers. Il existe de nombreuses fa\u00e7ons pour les particuliers qui veulent faire de ce pays leur domicile. Nous aidons notre client\u00e8le \u00e0 s\u2019y retrouver dans les d\u00e9dales du r\u00e9gime d\u2019immigration canadien pour qu\u2019elle atteigne efficacement ses objectifs d\u2019immigration. Nos sp\u00e9cialistes en droit de l\u2019immigration peuvent vous aider \u00e0 d\u00e9terminer la cat\u00e9gorie qui vous offre la meilleure chance, qu\u2019il s\u2019agisse de la cat\u00e9gorie ind\u00e9pendante (travailleurs qualifi\u00e9s), affaires (entrepreneurs, investisseurs, travailleurs autonomes) ou famille (parrainage).<\/p>\n<p>S\u2019il faut interjeter appel d\u2019une d\u00e9cision d\u2019un tribunal ou du gouvernement, nous avons l\u2019exp\u00e9rience n\u00e9cessaire en litige sur l\u2019immigration.<\/p>\n<p>Notre groupe du droit de l\u2019immigration fournit des conseils professionnels et juridiques judicieux dans un \u00e9ventail de domaines, notamment\u00a0:<\/p>\n<ul>\n<li>Citoyennet\u00e9<\/li>\n<li>Visa d\u2019artiste et d\u2019athl\u00e8te<\/li>\n<li>Demandes fond\u00e9es sur des raisons humanitaires<\/li>\n<li>Litiges et appels<\/li>\n<li>Permis ALENA (Canada, \u00c9tats-Unis, Mexique)<\/li>\n<li>R\u00e9sidence permanente et temporaire (travail, \u00e9tudes, visite)<\/li>\n<li>Programme de candidats des provinces (PCP)<\/li>\n<li>Revendications du statut de r\u00e9fugi\u00e9 et protection des r\u00e9fugi\u00e9s<\/li>\n<li>Permis des travailleurs qualifi\u00e9s<\/li>\n<\/ul>\n","protected":false},"excerpt":{"rendered":"<p>Chez Perley-Robertson, Hill &amp; McDougall, nous aidons \u00e0 amener des gens au Canada. Notre groupe du droit de l\u2019immigration fournit des conseils juridiques sp\u00e9cialis\u00e9s aux soci\u00e9t\u00e9s clientes, aux familles et aux particuliers. Il existe de nombreuses fa\u00e7ons pour les particuliers qui veulent faire de ce pays leur domicile. Nous aidons notre client\u00e8le \u00e0 s\u2019y retrouver [&hellip;]<\/p>\n","protected":false},"author":2,"featured_media":0,"parent":4010,"menu_order":10,"comment_status":"closed","ping_status":"closed","template":"page-exp-service.php","meta":{"_acf_changed":false,"footnotes":""},"class_list":["post-4221","page","type-page","status-publish","hentry"],"acf":[],"_links":{"self":[{"href":"https:\/\/perlaw.ca\/fr\/wp-json\/wp\/v2\/pages\/4221","targetHints":{"allow":["GET"]}}],"collection":[{"href":"https:\/\/perlaw.ca\/fr\/wp-json\/wp\/v2\/pages"}],"about":[{"href":"https:\/\/perlaw.ca\/fr\/wp-json\/wp\/v2\/types\/page"}],"author":[{"embeddable":true,"href":"https:\/\/perlaw.ca\/fr\/wp-json\/wp\/v2\/users\/2"}],"replies":[{"embeddable":true,"href":"https:\/\/perlaw.ca\/fr\/wp-json\/wp\/v2\/comments?post=4221"}],"version-history":[{"count":1,"href":"https:\/\/perlaw.ca\/fr\/wp-json\/wp\/v2\/pages\/4221\/revisions"}],"predecessor-version":[{"id":4232,"href":"https:\/\/perlaw.ca\/fr\/wp-json\/wp\/v2\/pages\/4221\/revisions\/4232"}],"up":[{"embeddable":true,"href":"https:\/\/perlaw.ca\/fr\/wp-json\/wp\/v2\/pages\/4010"}],"wp:attachment":[{"href":"https:\/\/perlaw.ca\/fr\/wp-json\/wp\/v2\/media?parent=4221"}],"curies":[{"name":"wp","href":"https:\/\/api.w.org\/{rel}","templated":true}]}}