{"id":4222,"date":"2019-06-05T12:31:03","date_gmt":"2019-06-05T12:31:03","guid":{"rendered":"https:\/\/perlaw.ca\/expertise\/personal-legal-needs\/insolvency-bankruptcy\/"},"modified":"2019-10-01T18:36:36","modified_gmt":"2019-10-01T18:36:36","slug":"faillite-et-de-linsolvabilite","status":"publish","type":"page","link":"https:\/\/perlaw.ca\/fr\/expertise\/besoins-juridiques-des-particuliers\/faillite-et-de-linsolvabilite\/","title":{"rendered":"Droit de la faillite et de l\u2019insolvabilit\u00e9"},"content":{"rendered":"<p>Lorsqu\u2019elle \u00e9prouve de graves difficult\u00e9s financi\u00e8res, notre client\u00e8le a besoin de conseils rigoureux et r\u00e9alistes concernant ses options. Lorsqu\u2019il est impossible de g\u00e9rer les dettes, il y a g\u00e9n\u00e9ralement deux options\u00a0: d\u00e9poser une proposition ou d\u00e9clarer la faillite, toutes deux pr\u00e9vues par la\u00a0<em>Loi sur la faillite et l\u2019insolvabilit\u00e9<\/em>. Pour d\u00e9poser une proposition ou faire faillite, la personne doit \u00eatre insolvable, ce qui signifie que vous avez des dettes d\u2019au moins 1\u00a0000\u00a0$ et que vous \u00eates incapable de les rembourser \u00e0 l\u2019\u00e9ch\u00e9ance.<\/p>\n<p>Il s\u2019agit d\u2019options difficiles. Lorsque le sol semble se d\u00e9rober sous vos pieds, nous offrons de le stabiliser. Les sp\u00e9cialistes juridiques de Perley-Robertson, Hill &amp; McDougall peuvent donner des indications pr\u00e9cieuses lorsque vous en avez le plus besoin et vous aider \u00e0 suivre une d\u00e9marche d\u00e9termin\u00e9e. Le droit de la faillite et de l\u2019insolvabilit\u00e9 est complexe et il faut examiner minutieusement toutes vos options avant de prendre une d\u00e9cision.<\/p>\n","protected":false},"excerpt":{"rendered":"<p>Lorsqu\u2019elle \u00e9prouve de graves difficult\u00e9s financi\u00e8res, notre client\u00e8le a besoin de conseils rigoureux et r\u00e9alistes concernant ses options. Lorsqu\u2019il est impossible de g\u00e9rer les dettes, il y a g\u00e9n\u00e9ralement deux options\u00a0: d\u00e9poser une proposition ou d\u00e9clarer la faillite, toutes deux pr\u00e9vues par la\u00a0Loi sur la faillite et l\u2019insolvabilit\u00e9. Pour d\u00e9poser une proposition ou faire faillite, [&hellip;]<\/p>\n","protected":false},"author":2,"featured_media":0,"parent":4218,"menu_order":0,"comment_status":"closed","ping_status":"closed","template":"page-exp-service.php","meta":{"_acf_changed":false,"footnotes":""},"class_list":["post-4222","page","type-page","status-publish","hentry"],"acf":[],"_links":{"self":[{"href":"https:\/\/perlaw.ca\/fr\/wp-json\/wp\/v2\/pages\/4222","targetHints":{"allow":["GET"]}}],"collection":[{"href":"https:\/\/perlaw.ca\/fr\/wp-json\/wp\/v2\/pages"}],"about":[{"href":"https:\/\/perlaw.ca\/fr\/wp-json\/wp\/v2\/types\/page"}],"author":[{"embeddable":true,"href":"https:\/\/perlaw.ca\/fr\/wp-json\/wp\/v2\/users\/2"}],"replies":[{"embeddable":true,"href":"https:\/\/perlaw.ca\/fr\/wp-json\/wp\/v2\/comments?post=4222"}],"version-history":[{"count":1,"href":"https:\/\/perlaw.ca\/fr\/wp-json\/wp\/v2\/pages\/4222\/revisions"}],"predecessor-version":[{"id":4233,"href":"https:\/\/perlaw.ca\/fr\/wp-json\/wp\/v2\/pages\/4222\/revisions\/4233"}],"up":[{"embeddable":true,"href":"https:\/\/perlaw.ca\/fr\/wp-json\/wp\/v2\/pages\/4218"}],"wp:attachment":[{"href":"https:\/\/perlaw.ca\/fr\/wp-json\/wp\/v2\/media?parent=4222"}],"curies":[{"name":"wp","href":"https:\/\/api.w.org\/{rel}","templated":true}]}}