{"id":4224,"date":"2019-06-05T12:34:18","date_gmt":"2019-06-05T12:34:18","guid":{"rendered":"https:\/\/perlaw.ca\/expertise\/personal-legal-needs\/powers-of-attorney\/"},"modified":"2021-01-07T12:26:31","modified_gmt":"2021-01-07T17:26:31","slug":"procurations","status":"publish","type":"page","link":"https:\/\/perlaw.ca\/fr\/expertise\/planification-et-administration-successorales\/procurations\/","title":{"rendered":"Procurations"},"content":{"rendered":"<p>Une procuration est un document autorisant une personne de confiance \u00e0 g\u00e9rer vos affaires et \u00e0 prendre des d\u00e9cisions en votre nom en cas d\u2019incapacit\u00e9 physique ou mentale. Tous peuvent \u00eatre touch\u00e9s, et sont effectivement touch\u00e9s, par des probl\u00e8mes de sant\u00e9. Il faut faire de tels plans avant d\u2019imaginer en avoir besoin. La personne que vous d\u00e9signez pour s\u2019occuper de vos affaires est appel\u00e9e un \u00ab procureur \u00bb mais elle n\u2019est pas tenue d\u2019\u00eatre un avocat. Vous pouvez choisir toute personne \u00e2g\u00e9e de plus de 18 ans. Les directives contenues dans une procuration peuvent d\u00e9l\u00e9guer des responsabilit\u00e9s de diverses fa\u00e7ons, qu\u2019il s\u2019agisse de g\u00e9rer votre sant\u00e9, vos soins personnels ou vos biens; les bons choix d\u00e9pendront de vos besoins.<\/p>\n<p>Chez Perley-Robertson, Hill &amp; McDougall, nous comprenons l\u2019importance de traiter de ces d\u00e9cisions avec le plus grand soin. Nous prenons le temps n\u00e9cessaire pour discuter des besoins de notre client\u00e8le et recommander la meilleure marche \u00e0 suivre quand vient le temps de choisir le type de procuration et la ou les personnes que vous voulez comme procureur(s). Notre cabinet compte sur 50 ans d\u2019exp\u00e9rience dans le traitement des questions de succession et de procuration, et nos juristes sont reconnus dans leur domaine de pratique comme des chefs de file engag\u00e9s \u00e0 l\u2019\u00e9gard du service \u00e0 la client\u00e8le.<\/p>\n","protected":false},"excerpt":{"rendered":"<p>Une procuration est un document autorisant une personne de confiance \u00e0 g\u00e9rer vos affaires et \u00e0 prendre des d\u00e9cisions en votre nom en cas d\u2019incapacit\u00e9 physique ou mentale. Tous peuvent \u00eatre touch\u00e9s, et sont effectivement touch\u00e9s, par des probl\u00e8mes de sant\u00e9. Il faut faire de tels plans avant d\u2019imaginer en avoir besoin. La personne que [&hellip;]<\/p>\n","protected":false},"author":2,"featured_media":0,"parent":4219,"menu_order":0,"comment_status":"closed","ping_status":"closed","template":"page-exp-service.php","meta":{"_acf_changed":false,"footnotes":""},"class_list":["post-4224","page","type-page","status-publish","hentry"],"acf":[],"_links":{"self":[{"href":"https:\/\/perlaw.ca\/fr\/wp-json\/wp\/v2\/pages\/4224","targetHints":{"allow":["GET"]}}],"collection":[{"href":"https:\/\/perlaw.ca\/fr\/wp-json\/wp\/v2\/pages"}],"about":[{"href":"https:\/\/perlaw.ca\/fr\/wp-json\/wp\/v2\/types\/page"}],"author":[{"embeddable":true,"href":"https:\/\/perlaw.ca\/fr\/wp-json\/wp\/v2\/users\/2"}],"replies":[{"embeddable":true,"href":"https:\/\/perlaw.ca\/fr\/wp-json\/wp\/v2\/comments?post=4224"}],"version-history":[{"count":2,"href":"https:\/\/perlaw.ca\/fr\/wp-json\/wp\/v2\/pages\/4224\/revisions"}],"predecessor-version":[{"id":5473,"href":"https:\/\/perlaw.ca\/fr\/wp-json\/wp\/v2\/pages\/4224\/revisions\/5473"}],"up":[{"embeddable":true,"href":"https:\/\/perlaw.ca\/fr\/wp-json\/wp\/v2\/pages\/4219"}],"wp:attachment":[{"href":"https:\/\/perlaw.ca\/fr\/wp-json\/wp\/v2\/media?parent=4224"}],"curies":[{"name":"wp","href":"https:\/\/api.w.org\/{rel}","templated":true}]}}