{"id":4225,"date":"2019-06-05T12:34:50","date_gmt":"2019-06-05T12:34:50","guid":{"rendered":"https:\/\/perlaw.ca\/expertise\/personal-legal-needs\/wills\/"},"modified":"2019-10-01T18:39:13","modified_gmt":"2019-10-01T18:39:13","slug":"testaments","status":"publish","type":"page","link":"https:\/\/perlaw.ca\/fr\/expertise\/planification-et-administration-successorales\/testaments\/","title":{"rendered":"Testaments"},"content":{"rendered":"<p>Les testaments sont des documents juridiques bien nomm\u00e9s. Ils repr\u00e9sentent les d\u00e9sirs et intentions d\u2019une personne. Un testament est un ensemble d\u2019instructions sur la fa\u00e7on de distribuer vos biens en cas de d\u00e9c\u00e8s \u00e0 vos \u00eatres chers, \u00e0 des organismes de bienfaisance, \u00e0 des institutions ou \u00e0 quiconque vous d\u00e9sirez laisser des biens. Il est important de bien le faire.<\/p>\n<p>Les conseils et l\u2019aide des juristes de planification successorale de Perley-Robertson, Hill &#038; McDougall peuvent vous donner l\u2019assurance que votre testament repr\u00e9sente vos intentions et que son ex\u00e9cution n\u2019entra\u00eenera aucune complication. Cela signifie d\u2019abord prendre le temps de discuter de vos besoins exacts. Vous seriez rassur\u00e9 en sachant qu\u2019on s\u2019occupera de vos personnes \u00e0 charge et que vos biens seront convenablement transf\u00e9r\u00e9s.<\/p>\n<p>Gr\u00e2ce \u00e0 une bonne planification, vous pouvez faire \u00e9conomiser de l\u2019imp\u00f4t et des frais d\u2019homologation aux personnes que vous avez d\u00e9sign\u00e9es dans votre testament, et vous pouvez nommer des tuteurs aux enfants qui n\u2019ont pas atteint l\u2019\u00e2ge de la majorit\u00e9. Planifier pour votre famille en laissant un testament peut aussi conserver le patrimoine familial, permettre la poursuite d\u2019une entreprise familiale et contribuer \u00e0 \u00e9viter les conflits familiaux. Nos sp\u00e9cialistes de la planification successorale, notamment en droit fiscal, peuvent vous aider \u00e0 combler vos besoins personnels et les besoins de vos \u00eatres chers au moyen de votre testament.<\/p>\n","protected":false},"excerpt":{"rendered":"<p>Les testaments sont des documents juridiques bien nomm\u00e9s. Ils repr\u00e9sentent les d\u00e9sirs et intentions d\u2019une personne. Un testament est un ensemble d\u2019instructions sur la fa\u00e7on de distribuer vos biens en cas de d\u00e9c\u00e8s \u00e0 vos \u00eatres chers, \u00e0 des organismes de bienfaisance, \u00e0 des institutions ou \u00e0 quiconque vous d\u00e9sirez laisser des biens. Il est [&hellip;]<\/p>\n","protected":false},"author":2,"featured_media":0,"parent":4219,"menu_order":1,"comment_status":"closed","ping_status":"closed","template":"page-exp-service.php","meta":{"_acf_changed":false,"footnotes":""},"class_list":["post-4225","page","type-page","status-publish","hentry"],"acf":[],"_links":{"self":[{"href":"https:\/\/perlaw.ca\/fr\/wp-json\/wp\/v2\/pages\/4225","targetHints":{"allow":["GET"]}}],"collection":[{"href":"https:\/\/perlaw.ca\/fr\/wp-json\/wp\/v2\/pages"}],"about":[{"href":"https:\/\/perlaw.ca\/fr\/wp-json\/wp\/v2\/types\/page"}],"author":[{"embeddable":true,"href":"https:\/\/perlaw.ca\/fr\/wp-json\/wp\/v2\/users\/2"}],"replies":[{"embeddable":true,"href":"https:\/\/perlaw.ca\/fr\/wp-json\/wp\/v2\/comments?post=4225"}],"version-history":[{"count":1,"href":"https:\/\/perlaw.ca\/fr\/wp-json\/wp\/v2\/pages\/4225\/revisions"}],"predecessor-version":[{"id":4236,"href":"https:\/\/perlaw.ca\/fr\/wp-json\/wp\/v2\/pages\/4225\/revisions\/4236"}],"up":[{"embeddable":true,"href":"https:\/\/perlaw.ca\/fr\/wp-json\/wp\/v2\/pages\/4219"}],"wp:attachment":[{"href":"https:\/\/perlaw.ca\/fr\/wp-json\/wp\/v2\/media?parent=4225"}],"curies":[{"name":"wp","href":"https:\/\/api.w.org\/{rel}","templated":true}]}}