{"id":4245,"date":"2019-05-16T13:57:23","date_gmt":"2019-05-16T13:57:10","guid":{"rendered":"https:\/\/perlaw.ca\/expertise\/real-estate\/"},"modified":"2022-09-29T15:13:10","modified_gmt":"2022-09-29T19:13:10","slug":"droit-immobilier","status":"publish","type":"page","link":"https:\/\/perlaw.ca\/fr\/expertise\/droit-immobilier\/","title":{"rendered":"Droit immobilier"},"content":{"rendered":"<p>Pour les entreprises, une op\u00e9ration immobili\u00e8re peut comporter d\u2019importantes sommes d\u2019argent et des instruments financiers complexes. Pour une personne, une op\u00e9ration immobili\u00e8re peut \u00eatre l\u2019op\u00e9ration financi\u00e8re la plus importante de sa vie. Toute op\u00e9ration immobili\u00e8re peut \u00eatre complexe, et les complications peuvent perturber des vies et interrompre le fonctionnement d\u2019une entreprise.<\/p>\n<p>Le Groupe du droit immobilier de Perley-Robertson, Hill &amp; McDougall conna\u00eet la r\u00e9gion de la capitale nationale, la l\u00e9gislation, la r\u00e9glementation et les processus pertinents de m\u00eame que les secteurs de l\u2019immobilier et de la construction. Nous sommes \u00e9tablis ici depuis 1971. Nos sp\u00e9cialistes de l\u2019immobilier disposent des connaissances et de l\u2019expertise n\u00e9cessaires pour rep\u00e9rer les probl\u00e8mes et recommander proactivement des solutions. Nous continuons d\u2019offrir un service personnalis\u00e9 et souple pour les op\u00e9rations immobili\u00e8res les plus compliqu\u00e9es d\u2019aujourd\u2019hui, comme nous le faisons depuis 50 ans.<\/p>\n<p>Nous avons g\u00e9r\u00e9 tous les aspects des op\u00e9rations immobili\u00e8res pour les entreprises, les institutions financi\u00e8res, les soci\u00e9t\u00e9s, les entit\u00e9s gouvernementales, les coentreprises, les \u00e9tablissements municipaux, les h\u00f4pitaux, les particuliers et les familles. Nous avons un objectif\u00a0: faire de votre affaire immobili\u00e8re\u00a0\u2013 peu importe son ampleur ou sa complexit\u00e9\u00a0\u2013 une op\u00e9ration libre d\u2019inqui\u00e9tude, de probl\u00e8me et de surprise.<\/p>\n<p>En tant que cabinet offrant toute la gamme des services et comptant sur des professionnel(le)s exp\u00e9riment\u00e9(e)s \u0153uvrant dans de nombreux domaines du droit immobilier, nous offrons un service personnalis\u00e9 et pouvons constituer une \u00e9quipe multifonctionnelle pour g\u00e9rer les exigences immobili\u00e8res les plus complexes de votre organisation. Vous pouvez compter sur nous pour vous fournir rapidement un appui concret dans tous les domaines du droit immobilier.<\/p>\n","protected":false},"excerpt":{"rendered":"<p>Pour les entreprises, une op\u00e9ration immobili\u00e8re peut comporter d\u2019importantes sommes d\u2019argent et des instruments financiers complexes. Pour une personne, une op\u00e9ration immobili\u00e8re peut \u00eatre l\u2019op\u00e9ration financi\u00e8re la plus importante de sa vie. Toute op\u00e9ration immobili\u00e8re peut \u00eatre complexe, et les complications peuvent perturber des vies et interrompre le fonctionnement d\u2019une entreprise. Le Groupe du droit [&hellip;]<\/p>\n","protected":false},"author":2,"featured_media":3798,"parent":4010,"menu_order":1,"comment_status":"closed","ping_status":"closed","template":"page-exp-service.php","meta":{"_acf_changed":false,"footnotes":""},"class_list":["post-4245","page","type-page","status-publish","has-post-thumbnail","hentry"],"acf":[],"_links":{"self":[{"href":"https:\/\/perlaw.ca\/fr\/wp-json\/wp\/v2\/pages\/4245","targetHints":{"allow":["GET"]}}],"collection":[{"href":"https:\/\/perlaw.ca\/fr\/wp-json\/wp\/v2\/pages"}],"about":[{"href":"https:\/\/perlaw.ca\/fr\/wp-json\/wp\/v2\/types\/page"}],"author":[{"embeddable":true,"href":"https:\/\/perlaw.ca\/fr\/wp-json\/wp\/v2\/users\/2"}],"replies":[{"embeddable":true,"href":"https:\/\/perlaw.ca\/fr\/wp-json\/wp\/v2\/comments?post=4245"}],"version-history":[{"count":2,"href":"https:\/\/perlaw.ca\/fr\/wp-json\/wp\/v2\/pages\/4245\/revisions"}],"predecessor-version":[{"id":5477,"href":"https:\/\/perlaw.ca\/fr\/wp-json\/wp\/v2\/pages\/4245\/revisions\/5477"}],"up":[{"embeddable":true,"href":"https:\/\/perlaw.ca\/fr\/wp-json\/wp\/v2\/pages\/4010"}],"wp:featuredmedia":[{"embeddable":true,"href":"https:\/\/perlaw.ca\/fr\/wp-json\/wp\/v2\/media\/3798"}],"wp:attachment":[{"href":"https:\/\/perlaw.ca\/fr\/wp-json\/wp\/v2\/media?parent=4245"}],"curies":[{"name":"wp","href":"https:\/\/api.w.org\/{rel}","templated":true}]}}