{"id":4246,"date":"2019-06-05T12:40:55","date_gmt":"2019-06-05T12:40:55","guid":{"rendered":"https:\/\/perlaw.ca\/expertise\/real-estate\/acquisitions\/"},"modified":"2019-10-01T18:42:24","modified_gmt":"2019-10-01T18:42:24","slug":"acquisitions","status":"publish","type":"page","link":"https:\/\/perlaw.ca\/fr\/expertise\/droit-immobilier\/acquisitions\/","title":{"rendered":"Acquisitions"},"content":{"rendered":"<p>Tr\u00e8s simplement, une acquisition immobili\u00e8re fait r\u00e9f\u00e9rence \u00e0 l\u2019achat d\u2019un immeuble. Il se peut toutefois que cette op\u00e9ration soit loin d\u2019\u00eatre simple. Que l\u2019achat d\u2019un immeuble soit effectu\u00e9 \u00e0 des fins personnelles ou commerciales ou aux fins de placement, il est toujours recommand\u00e9 de consulter un avocat au d\u00e9but du processus avant la prise d\u2019engagements pour \u00e9viter les probl\u00e8mes impr\u00e9vus. Nous comptons parmi notre client\u00e8le des particuliers, des entreprises et des institutions. La constante est que les op\u00e9rations immobili\u00e8res repr\u00e9sentent toujours d\u2019importants achats; les complications ou les vices peuvent avoir des r\u00e9percussions profondes.<\/p>\n<p>Le Groupe du droit immobilier de Perley-Robertson, Hill &amp; McDougall s\u2019efforce de clarifier la situation de notre client\u00e8le. Nous expliquons les strat\u00e9gies que notre client\u00e8le peut utiliser. Notre niveau de participation d\u00e9pend de ses besoins. Nous travaillons comme consultants pour aider notre client\u00e8le \u00e0 comparer ses options et agissons comme conseillers objectifs pour faire la distinction entre le lien \u00e9motionnel d\u2019un(e) client(e) envers un immeuble et les questions qui y font obstacle. Nos sp\u00e9cialistes de l\u2019immobilier suivent les op\u00e9rations du d\u00e9but \u00e0 la fin, effectuant des enqu\u00eates, veillant \u00e0 l\u2019\u00e9tablissement du bon ensemble d\u2019emprunts, de titres et d\u2019assurances hypoth\u00e9caires, soumettant des demandes et cl\u00f4turant l\u2019op\u00e9ration.<\/p>\n<p>Nous agissons aussi comme gestionnaires de projets, travaillant avec des architectes, des ing\u00e9nieurs et des courtiers immobiliers pour d\u00e9terminer la meilleure option pour notre client\u00e8le et pour toutes les personnes en cause (par exemple, louer, construire ou acheter). Gr\u00e2ce \u00e0 nos plus de 40\u00a0ans d\u2019exp\u00e9rience ici et \u00e0 notre r\u00e9seau de sp\u00e9cialistes dans la r\u00e9gion de la capitale nationale, nous pouvons sugg\u00e9rer le bon ou la bonne professionnel(le) externe pour la situation, notamment afin de trouver de l\u2019aide pour le financement ou la location.<\/p>\n<p>Nous nous effor\u00e7ons de cr\u00e9er le milieu le plus s\u00e9curitaire pour notre client\u00e8le, limitant la responsabilit\u00e9 et exposant les risques potentiels.<\/p>\n","protected":false},"excerpt":{"rendered":"<p>Tr\u00e8s simplement, une acquisition immobili\u00e8re fait r\u00e9f\u00e9rence \u00e0 l\u2019achat d\u2019un immeuble. Il se peut toutefois que cette op\u00e9ration soit loin d\u2019\u00eatre simple. Que l\u2019achat d\u2019un immeuble soit effectu\u00e9 \u00e0 des fins personnelles ou commerciales ou aux fins de placement, il est toujours recommand\u00e9 de consulter un avocat au d\u00e9but du processus avant la prise d\u2019engagements [&hellip;]<\/p>\n","protected":false},"author":2,"featured_media":0,"parent":4245,"menu_order":0,"comment_status":"closed","ping_status":"closed","template":"page-exp-service.php","meta":{"_acf_changed":false,"footnotes":""},"class_list":["post-4246","page","type-page","status-publish","hentry"],"acf":[],"_links":{"self":[{"href":"https:\/\/perlaw.ca\/fr\/wp-json\/wp\/v2\/pages\/4246","targetHints":{"allow":["GET"]}}],"collection":[{"href":"https:\/\/perlaw.ca\/fr\/wp-json\/wp\/v2\/pages"}],"about":[{"href":"https:\/\/perlaw.ca\/fr\/wp-json\/wp\/v2\/types\/page"}],"author":[{"embeddable":true,"href":"https:\/\/perlaw.ca\/fr\/wp-json\/wp\/v2\/users\/2"}],"replies":[{"embeddable":true,"href":"https:\/\/perlaw.ca\/fr\/wp-json\/wp\/v2\/comments?post=4246"}],"version-history":[{"count":1,"href":"https:\/\/perlaw.ca\/fr\/wp-json\/wp\/v2\/pages\/4246\/revisions"}],"predecessor-version":[{"id":4254,"href":"https:\/\/perlaw.ca\/fr\/wp-json\/wp\/v2\/pages\/4246\/revisions\/4254"}],"up":[{"embeddable":true,"href":"https:\/\/perlaw.ca\/fr\/wp-json\/wp\/v2\/pages\/4245"}],"wp:attachment":[{"href":"https:\/\/perlaw.ca\/fr\/wp-json\/wp\/v2\/media?parent=4246"}],"curies":[{"name":"wp","href":"https:\/\/api.w.org\/{rel}","templated":true}]}}