{"id":4247,"date":"2019-06-05T12:45:58","date_gmt":"2019-06-05T12:45:58","guid":{"rendered":"https:\/\/perlaw.ca\/expertise\/real-estate\/commercial-leasing\/"},"modified":"2019-10-01T18:43:25","modified_gmt":"2019-10-01T18:43:25","slug":"baux-commerciaux","status":"publish","type":"page","link":"https:\/\/perlaw.ca\/fr\/expertise\/droit-immobilier\/baux-commerciaux\/","title":{"rendered":"Baux commerciaux"},"content":{"rendered":"<p>Les sp\u00e9cialistes des baux commerciaux chez Perley-Robertson, Hill &amp; McDougall repr\u00e9sentent des locataires et des propri\u00e9taires. Nous pr\u00e9parons des offres de bail, des baux, des licences, des contrats de louage, des droits de premier refus ainsi que des options de renouvellement, d\u2019expansion ou d\u2019achat. Notre exp\u00e9rience vise toute la gamme des types de propri\u00e9t\u00e9, des centres commerciaux ext\u00e9rieurs aux immeubles \u00e0 bureaux. Nous offrons des strat\u00e9gies et des conseils pour \u00e9viter les complications impr\u00e9vues de m\u00eame que des conseils dans l\u2019\u00e9laboration des baux les mieux adapt\u00e9s aux besoins commerciaux globaux de notre client\u00e8le, y compris les incidences fiscales et financi\u00e8res.<\/p>\n<p>Notre Groupe du droit immobilier peut aussi recommander et ex\u00e9cuter entre locataires et propri\u00e9taires des recours comme la r\u00e9siliation, la remise des lieux, les modifications de bail et la saisie pour d\u00e9faut de paiement de loyer, et peut aussi se charger du recouvrement de dettes et des questions de r\u00e8glement.<\/p>\n","protected":false},"excerpt":{"rendered":"<p>Les sp\u00e9cialistes des baux commerciaux chez Perley-Robertson, Hill &amp; McDougall repr\u00e9sentent des locataires et des propri\u00e9taires. Nous pr\u00e9parons des offres de bail, des baux, des licences, des contrats de louage, des droits de premier refus ainsi que des options de renouvellement, d\u2019expansion ou d\u2019achat. Notre exp\u00e9rience vise toute la gamme des types de propri\u00e9t\u00e9, des [&hellip;]<\/p>\n","protected":false},"author":2,"featured_media":0,"parent":4245,"menu_order":1,"comment_status":"closed","ping_status":"closed","template":"page-exp-service.php","meta":{"_acf_changed":false,"footnotes":""},"class_list":["post-4247","page","type-page","status-publish","hentry"],"acf":[],"_links":{"self":[{"href":"https:\/\/perlaw.ca\/fr\/wp-json\/wp\/v2\/pages\/4247","targetHints":{"allow":["GET"]}}],"collection":[{"href":"https:\/\/perlaw.ca\/fr\/wp-json\/wp\/v2\/pages"}],"about":[{"href":"https:\/\/perlaw.ca\/fr\/wp-json\/wp\/v2\/types\/page"}],"author":[{"embeddable":true,"href":"https:\/\/perlaw.ca\/fr\/wp-json\/wp\/v2\/users\/2"}],"replies":[{"embeddable":true,"href":"https:\/\/perlaw.ca\/fr\/wp-json\/wp\/v2\/comments?post=4247"}],"version-history":[{"count":1,"href":"https:\/\/perlaw.ca\/fr\/wp-json\/wp\/v2\/pages\/4247\/revisions"}],"predecessor-version":[{"id":4255,"href":"https:\/\/perlaw.ca\/fr\/wp-json\/wp\/v2\/pages\/4247\/revisions\/4255"}],"up":[{"embeddable":true,"href":"https:\/\/perlaw.ca\/fr\/wp-json\/wp\/v2\/pages\/4245"}],"wp:attachment":[{"href":"https:\/\/perlaw.ca\/fr\/wp-json\/wp\/v2\/media?parent=4247"}],"curies":[{"name":"wp","href":"https:\/\/api.w.org\/{rel}","templated":true}]}}